{"id":49,"date":"2016-04-05T16:05:15","date_gmt":"2016-04-05T16:05:15","guid":{"rendered":"http:\/\/localhost\/wordpress\/?page_id=49"},"modified":"2020-11-18T12:41:34","modified_gmt":"2020-11-18T12:41:34","slug":"cookies-privacy-policy","status":"publish","type":"page","link":"https:\/\/sitep.com\/en\/cookies-privacy-policy\/","title":{"rendered":"Cookies &#038; privacy policy"},"content":{"rendered":"<p><strong>POL\u00cdTICA DE COOKIES<\/strong><\/p>\n<p>[cookie_declaration]<\/p>\n<p>&nbsp;<\/p>\n<p>&nbsp;<\/p>\n<div style=\"text-align: justify;\">\n<p><strong>POL\u00cdTICA DE PRIVACIDAD<\/strong><\/p>\n<p>Mediante la presente pol\u00edtica de privacidad le informamos de que, en cumplimiento de lo previsto en la normativa aplicable en materia de Protecci\u00f3n de Datos de car\u00e1cter personal, los datos solicitados en cuantos formularios y\/o espacios en los que se requiera de su identificaci\u00f3n dentro de la presente p\u00e1gina web pasar\u00e1n a formar parte de un fichero titularidad de SITEP, con domicilio en C. Pere IV 78 4\u00ba 1\u00aa 08005 Barcelona, y provista de NIF B61711776.<\/p>\n<p><strong>La finalidad del tratamiento:<\/strong><\/p>\n<p>Sus datos ser\u00e1n tratados \u00fanicamente con la finalidad de atender a su consulta, prestarle los servicios solicitados y facilitarle informaci\u00f3n acerca de nuestra entidad.<\/p>\n<p>Al mismo tiempo, los datos de contacto podr\u00e1n ser utilizados para la remisi\u00f3n de novedades y actuaciones de dinamismo en el portal remitiendo, \u00fanicamente por correo electr\u00f3nico, la informaci\u00f3n relacionada. Para ello, en el correspondiente formulario deber\u00e1 prestar su consentimiento expreso a la remisi\u00f3n de dicha informaci\u00f3n. En cualquier caso, si el usuario quisiera revocar dicho consentimiento deber\u00e1 comunicarlo por escrito, mediante correo electr\u00f3nico a SITEP.<\/p>\n<p>Los datos obligatorios de cada formulario ser\u00e1n identificados como tales. En caso de ausencia o incorrecci\u00f3n de los mismos, SITEP no podr\u00e1 identificarle correctamente y, en consecuencia, se proceder\u00e1 a la supresi\u00f3n del registro en su caso.<\/p>\n<p><strong>Trabaja con Nosotros<\/strong><\/p>\n<p>En www.sitep.com ponemos a disposici\u00f3n del usuario un formulario en el que los interesados en trabajar con la empresa puedan remitir sus datos curriculares. La recogida y tratamiento de los datos personales tiene como finalidad atender su solicitud de informaci\u00f3n de empleo o colaboraci\u00f3n profesional.<\/p>\n<p><strong>Legitimaci\u00f3n y ejercicio de derechos<\/strong><\/p>\n<p>El usuario consiente el tratamiento de sus datos para las finalidades descritas, y podr\u00e1 ejercer sus derechos de acceso, rectificaci\u00f3n, cancelaci\u00f3n, oposici\u00f3n, as\u00ed como el resto de derechos recogidos en la normativa Europea, mediante correo electr\u00f3nico a la direcci\u00f3n <a href=\"mailto:protecciondatos@sitep.com\">protecciondatos@sitep.com<\/a> identific\u00e1ndose como usuario del espacio Web, especificando el ejercicio de sus derechos en su solicitud, o bien ejercitar sus derechos por comunicaci\u00f3n postal, por correo ordinario, a la direcci\u00f3n C. Pere IV 78 4\u00ba 1\u00aa 08005 Barcelona.<\/p>\n<p><strong>Tutela de derechos ante la Autoridad de Control<\/strong><\/p>\n<p>En cualquier supuesto de vulneraci\u00f3n del derecho a la protecci\u00f3n de datos personales, el usuario puede dirigirse a la Autoridad de Control nacional correspondiente, la Agencia Espa\u00f1ola de Protecci\u00f3n de Datos, <a href=\"http:\/\/www.agpd.es\">www.agpd.es<\/a>, para iniciar los tr\u00e1mites oportunos de reclamaci\u00f3n y\/o defensa de sus derechos.<\/p>\n<p><strong>Conservaci\u00f3n de los datos<\/strong><\/p>\n<p>Sus datos se conservar\u00e1n por el tiempo necesario para atender a la finalidad para la cual hubieran sido recogidos y a las obligaciones legales derivadas de la misma y, en cualquier caso, terminada la relaci\u00f3n negocial, por un m\u00e1ximo de 5 a\u00f1os.<\/p>\n<p><strong>Responsabilidades del usuario<\/strong><\/p>\n<p>El usuario garantiza ser mayor de edad, disponiendo de la capacidad suficiente y el conocimiento necesario para utilizar el espacio web de SITEP y su contenido, garantizando que la informaci\u00f3n que facilita en cada uno de los formularios en los que SITEP solicita sus datos personales son veraces, adquiriendo la responsabilidad de informar a SITEP de cualquier cambio y\/o modificaci\u00f3n de los mismos para su correcto tratamiento.<\/p>\n<p><strong>Medidas de Seguridad<\/strong><\/p>\n<p>SITEP ha implantado las medidas de seguridad necesarias para garantizar un uso y tratamiento eficaz de los datos de car\u00e1cter personal facilitados por el usuario, salvaguardando la intimidad, privacidad, confidencialidad e integridad de los mismos, cumpliendo con los requisitos normativos previstos en el Reglamento de desarrollo de la Ley Org\u00e1nica 15\/1999, de 13 de diciembre, de Protecci\u00f3n de Datos de car\u00e1cter personal, aprobado por el Real Decreto 1720\/2007, de 21 de Diciembre, haciendo uso de los medios t\u00e9cnicos necesarios para evitar la alteraci\u00f3n, p\u00e9rdida, acceso no autorizado o tratamiento de sus datos, seg\u00fan el estado de la tecnolog\u00eda en cada momento, as\u00ed como el alcance de control de SITEP.<\/p>\n<p>SITEP podr\u00e1 modificar el contenido de su pol\u00edtica de privacidad en cualquier momento seg\u00fan las modificaciones legislativas, jurisprudenciales o de interpretaci\u00f3n de la Agencia Espa\u00f1ola de Protecci\u00f3n de Datos que puedan producirse.<\/p>\n<\/div>\n","protected":false},"excerpt":{"rendered":"<p>POL\u00cdTICA DE COOKIES [cookie_declaration] &nbsp; &nbsp; POL\u00cdTICA DE PRIVACIDAD Mediante la presente pol\u00edtica de privacidad le informamos de que, en cumplimiento de lo previsto en la normativa aplicable en materia de Protecci\u00f3n de Datos de car\u00e1cter personal, los datos solicitados en cuantos formularios y\/o espacios en los que se requiera de su identificaci\u00f3n dentro de [&hellip;]<\/p>\n","protected":false},"author":1,"featured_media":0,"parent":0,"menu_order":8,"comment_status":"closed","ping_status":"closed","template":"","meta":{"footnotes":""},"class_list":["post-49","page","type-page","status-publish","hentry"],"_links":{"self":[{"href":"https:\/\/sitep.com\/en\/wp-json\/wp\/v2\/pages\/49","targetHints":{"allow":["GET"]}}],"collection":[{"href":"https:\/\/sitep.com\/en\/wp-json\/wp\/v2\/pages"}],"about":[{"href":"https:\/\/sitep.com\/en\/wp-json\/wp\/v2\/types\/page"}],"author":[{"embeddable":true,"href":"https:\/\/sitep.com\/en\/wp-json\/wp\/v2\/users\/1"}],"replies":[{"embeddable":true,"href":"https:\/\/sitep.com\/en\/wp-json\/wp\/v2\/comments?post=49"}],"version-history":[{"count":17,"href":"https:\/\/sitep.com\/en\/wp-json\/wp\/v2\/pages\/49\/revisions"}],"predecessor-version":[{"id":13541,"href":"https:\/\/sitep.com\/en\/wp-json\/wp\/v2\/pages\/49\/revisions\/13541"}],"wp:attachment":[{"href":"https:\/\/sitep.com\/en\/wp-json\/wp\/v2\/media?parent=49"}],"curies":[{"name":"wp","href":"https:\/\/api.w.org\/{rel}","templated":true}]}}