{"id":47,"date":"2016-04-05T16:04:30","date_gmt":"2016-04-05T16:04:30","guid":{"rendered":"http:\/\/localhost\/wordpress\/?page_id=47"},"modified":"2020-05-05T15:23:03","modified_gmt":"2020-05-05T15:23:03","slug":"legal-warning","status":"publish","type":"page","link":"https:\/\/sitep.com\/en\/legal-warning\/","title":{"rendered":"Terms of use"},"content":{"rendered":"<div style=\"text-align: justify;\">\n<p><strong>AVISO LEGAL<\/strong><br \/>\n<a href=\"https:\/\/sitep.com\">www.sitep.com<\/a> es un espacio web, cuyo nombre de dominio se encuentra registrado y es propiedad de SITEP con domicilio en C. Pere IV 78 4\u00ba 1\u00aa 08005 Barcelona, inscrita en el Registro Mercantil de Barcelona, Tomo 30848, Folio 205, Hoja 178578, Inscripci\u00f3n 1\u00aa y disponiendo de NIF B61711776.<\/p>\n<p>La finalidad de <a href=\"https:\/\/sitep.com\">www.sitep.com<\/a>, es la de informar sobre los productos y servicios de SITEP y dar a conocer la actividad de la empresa.<\/p>\n<p>El acceso a <a href=\"https:\/\/sitep.com\">www.sitep.com<\/a> es gratuito, no estando prevista la prestaci\u00f3n de servicios de comercio y\/o contrataci\u00f3n electr\u00f3nica, en cuyo caso se proceder\u00e1 a la emisi\u00f3n de las condiciones generales oportunas y la modificaci\u00f3n del presente Aviso Legal. En todo caso, el usuario no utilizar\u00e1 las informaciones y contenidos de SITEP para la realizaci\u00f3n de actividades contrarias a la Ley, la moral o el orden p\u00fablico, respetando las condiciones de uso establecidas por SITEP.<\/p>\n<p>La utilizaci\u00f3n de este espacio web supone la aceptaci\u00f3n de lo contenido en el presente aviso legal.<\/p>\n<p><strong>Responsabilidad<\/strong><\/p>\n<p>SITEP no podr\u00e1 ser considerada responsable de los posibles da\u00f1os o perjuicios que se derivaren del mal funcionamiento de las redes telem\u00e1ticas que facilitan el acceso a <a href=\"https:\/\/sitep.com\">www.sitep.com<\/a> , as\u00ed como tampoco de las posibles interrupciones de acceso, virus, conexiones y sistemas operativos de acceso a la red de Internet. As\u00ed mismo, SITEP tampoco podr\u00e1 ser considerada responsable de los posibles da\u00f1os derivados de actuaciones il\u00edcitas e ileg\u00edtimas de terceros ajenos a SITEP, en la transmisi\u00f3n de datos a trav\u00e9s de las redes telem\u00e1ticas.<\/p>\n<p><strong>Contenidos Web y enlaces a terceros<\/strong><\/p>\n<p>La informaci\u00f3n contenida en el espacio web puede estar desactualizada, en cuyo caso SITEP\u00a0\u00a0 no ser\u00e1 responsable de los posibles da\u00f1os derivados de un uso externo y\/o por terceros de la informaci\u00f3n facilitada.<\/p>\n<p>SITEP se reserva el derecho a poder suspender temporalmente la accesibilidad al espacio Web cuando sea necesario, sin necesidad de previo aviso y as\u00ed poder realizar las actuaciones de mantenimiento y actualizaci\u00f3n necesarias.<\/p>\n<p><a href=\"https:\/\/sitep.com\">www.sitep.com<\/a> puede contener enlaces y\/o v\u00ednculos (links) a terceras p\u00e1ginas web externas, cuyo contenido no es atribuible ni exigible a SITEP, siendo responsable cada titular de los espacios web vinculados. El establecimiento de cualquier hiperenlace desde una p\u00e1gina Web al espacio web <a href=\"https:\/\/sitep.com\">www.sitep.com<\/a> deber\u00e1 realizarse siempre a la p\u00e1gina principal, estando prohibida la reproducci\u00f3n total y\/o parcial de los servicios contenidos en SITEP, sin previa autorizaci\u00f3n.<\/p>\n<p><strong>Cl\u00e1usulas particulares para Redes Sociales<\/strong><\/p>\n<p><u>Twitter<\/u><\/p>\n<p>Al pulsar el bot\u00f3n <em>Seguir<\/em> de esta p\u00e1gina el usuario consiente que SITEP en cumplimiento de las condiciones de uso y pol\u00edtica de privacidad de Twitter, pueda acceder a los datos personales de sus seguidores, publicar noticias e informaciones que aparecer\u00e1n en el Timeline de \u00e9stos, retwittear tweets de sus seguidores as\u00ed como enviar mensajes. SITEP, en ning\u00fan caso utilizar\u00e1 los datos para otras finalidades que las descritas anteriormente. En todo momento el usuario puede dejar de ser seguidor, clicando en la casilla \u00a0<em>Dejar de seguir<\/em>.<\/p>\n<p><u>Linkedin<\/u><\/p>\n<p>Al pulsar el bot\u00f3n <em>Seguir<\/em> de esta p\u00e1gina el usuario consiente que SITEP, en cumplimiento de las condiciones de uso y pol\u00edtica de privacidad de LinkedIn, pueda acceder a los datos personales de sus seguidores, publicar noticias e informaciones que aparecer\u00e1n en el muro de \u00e9stos, participar en debates, as\u00ed como enviar mensajes. SITEP en ning\u00fan caso utilizar\u00e1 los datos para otras finalidades que las descritas anteriormente. En todo momento el usuario puede dejar de ser seguidor, clicando en la casilla <em>Dejar de seguir<\/em>.<\/p>\n<p><u>Youtube<\/u><\/p>\n<p>Al seguir nuestro canal el usuario acepta que SITEP, en cumplimiento de las condiciones de uso y pol\u00edtica de privacidad de Youtube, pueda acceder a los datos personales de sus seguidores (nombre y fotograf\u00eda), publicar noticias que aparecer\u00e1n en la p\u00e1gina principal de estos. SITEP, en ning\u00fan caso utilizar\u00e1 los datos para otras finalidades que las descritas anteriormente. En todo momento el usuario puede dejar de ser seguidor clicando en la casilla <em>Unsubscribe<\/em>.<\/p>\n<p>La informaci\u00f3n facilitada por SITEP, en sus perfiles de redes sociales tiene una finalidad meramente informativa. SITEP\u00a0 no se responsabiliza de los errores contenidos, ni de los da\u00f1os o perjuicios derivados de su utilizaci\u00f3n.<\/p>\n<p>Puedes ejercer los derechos de acceso, rectificaci\u00f3n, cancelaci\u00f3n y oposici\u00f3n en cualquier momento, mediante escrito dirigido a SITEP a la direcci\u00f3n C. Pere IV 78 4\u00ba 1\u00aa 08005 Barcelona, o por correo electr\u00f3nico a: <a href=\"mailto:protecciondatos@sitep.com\">protecciondatos@sitep.com<\/a>.<\/p>\n<p>En relaci\u00f3n a la modificaci\u00f3n de tus datos te informamos que al utilizar una plataforma ajena a SITEP, puedes realizarla a trav\u00e9s de la configuraci\u00f3n de tu perfil de cada red social. SITEP, \u00fanicamente puede consultar o dar de baja sus datos en calidad de seguidor.<\/p>\n<p><strong>Modificaci\u00f3n de los t\u00e9rminos y condiciones de uso<\/strong><\/p>\n<p>Lo contenido en el presente aviso legal tiene una duraci\u00f3n indefinida, y podr\u00e1 ser modificado en cualquier momento en atenci\u00f3n a la normativa vigente en cada momento y a los cambios que pudieran surgir de la actividad de SITEP.<\/p>\n<p><strong>Legislaci\u00f3n y jurisdicci\u00f3n aplicables<\/strong><\/p>\n<p>Lo contenido en el presente aviso legal y cualquiera de las pol\u00edticas de privacidad, cookies o normas sectoriales de aplicaci\u00f3n se rigen por las Leyes espa\u00f1olas vigentes en cada momento. En caso de disputa o controversia las partes se someter\u00e1n a la jurisdicci\u00f3n de los Juzgados y Tribunales competentes. En caso que las partes consideren preciso recurrir a sistemas alternativos de resoluci\u00f3n de controversias, como el arbitraje o la mediaci\u00f3n, deber\u00e1n proponerlo y aceptarlo expresamente y por escrito en el momento en que surja la controversia, y siempre en base a lo previsto por la normativa de aplicaci\u00f3n.<\/p>\n<p>&#8212;&#8212;&#8212;&#8212;&#8212;&#8212;&#8212;&#8212;&#8212;&#8212;&#8212;&#8212;&#8212;&#8212;&#8212;&#8212;&#8212;&#8212;&#8212;&#8212;&#8212;&#8212;&#8212;&#8212;&#8212;&#8212;&#8212;&#8212;&#8212;&#8212;&#8212;&#8212;&#8212;&#8212;&#8212;&#8212;&#8212;&#8212;&#8212;&#8212;&#8212;&#8212;&#8212;&#8212;&#8212;&#8212;&#8212;&#8212;&#8212;-<\/p>\n<p id=\"LOPD-email-SITEP\"><strong>AVISO LEGAL CORREO ELECTR\u00d3NICO<\/strong><\/p>\n<p>Le informamos que los datos personales que constan en el correo electr\u00f3nico ser\u00e1n incorporados en un fichero propiedad de SITEP con la finalidad de dar respuesta a sus consultas, gestionar la relaci\u00f3n negocial que nos vincula e informarle de nuestros productos y\/o servicios. Sus datos se conservar\u00e1n por el tiempo necesario para atender la finalidad descrita y las obligaciones legales derivadas de la misma, y en cualquier caso, terminada \u00e9sta, por un m\u00e1ximo de 5 a\u00f1os.<\/p>\n<p>Si desea ejercitar los derechos de acceso, rectificaci\u00f3n, supresi\u00f3n y oposici\u00f3n, as\u00ed como el derecho a la portabilidad y a la limitaci\u00f3n del tratamiento, recogidos en la normativa Europea, puede dirigirse por escrito enviando una carta junto con la fotocopia de su DNI o equivalente y la descripci\u00f3n del derecho que desea ejercitar, a la siguiente direcci\u00f3n: SISTEMAS DE INFORMACI\u00d3N TERRITORIAL Y POSICIONAMIENTO, S.L. , REF: PROTECCI\u00d3N DE DATOS, \u00a0C. Pere IV 78 4\u00ba 1\u00aa 08005 Barcelona, o bien por correo electr\u00f3nico, en las mismas condiciones, a: <a href=\"mailto:protecciondatos@sitep.com\">protecciondatos@sitep.com<\/a>. En cualquier caso, puede dirigirse a la Agencia Espa\u00f1ola de Protecci\u00f3n de datos <a href=\"http:\/\/www.agpd.es\">www.agpd.es<\/a>\u00a0 para iniciar los tr\u00e1mites correspondientes en defensa de sus derechos.<\/p>\n<p>En el caso de que no desee recibir m\u00e1s informaci\u00f3n sobre los servicios que ofrecemos puede enviar un mensaje a la siguiente direcci\u00f3n de correo electr\u00f3nico: <a href=\"mailto:protecciondatos@sitep.com\">protecciondatos@sitep.com<\/a>.<\/p>\n<p>El contenido de los correos electr\u00f3nicos recibidos y sus anexos son estrictamente confidenciales. En caso de no ser usted el destinatario y haber recibido un mensaje por error, agradecer\u00edamos que lo comunique inmediatamente al remitente, sin difundir, almacenar o copiar su contenido.<\/p>\n<\/div>\n","protected":false},"excerpt":{"rendered":"<p>AVISO LEGAL www.sitep.com es un espacio web, cuyo nombre de dominio se encuentra registrado y es propiedad de SITEP con domicilio en C. Pere IV 78 4\u00ba 1\u00aa 08005 Barcelona, inscrita en el Registro Mercantil de Barcelona, Tomo 30848, Folio 205, Hoja 178578, Inscripci\u00f3n 1\u00aa y disponiendo de NIF B61711776. La finalidad de www.sitep.com, es [&hellip;]<\/p>\n","protected":false},"author":1,"featured_media":0,"parent":0,"menu_order":7,"comment_status":"closed","ping_status":"closed","template":"page.php","meta":{"footnotes":""},"class_list":["post-47","page","type-page","status-publish","hentry"],"_links":{"self":[{"href":"https:\/\/sitep.com\/en\/wp-json\/wp\/v2\/pages\/47","targetHints":{"allow":["GET"]}}],"collection":[{"href":"https:\/\/sitep.com\/en\/wp-json\/wp\/v2\/pages"}],"about":[{"href":"https:\/\/sitep.com\/en\/wp-json\/wp\/v2\/types\/page"}],"author":[{"embeddable":true,"href":"https:\/\/sitep.com\/en\/wp-json\/wp\/v2\/users\/1"}],"replies":[{"embeddable":true,"href":"https:\/\/sitep.com\/en\/wp-json\/wp\/v2\/comments?post=47"}],"version-history":[{"count":8,"href":"https:\/\/sitep.com\/en\/wp-json\/wp\/v2\/pages\/47\/revisions"}],"predecessor-version":[{"id":13485,"href":"https:\/\/sitep.com\/en\/wp-json\/wp\/v2\/pages\/47\/revisions\/13485"}],"wp:attachment":[{"href":"https:\/\/sitep.com\/en\/wp-json\/wp\/v2\/media?parent=47"}],"curies":[{"name":"wp","href":"https:\/\/api.w.org\/{rel}","templated":true}]}}