{"id":9,"date":"2016-04-05T11:08:21","date_gmt":"2016-04-05T11:08:21","guid":{"rendered":"http:\/\/localhost\/wordpress\/?page_id=9"},"modified":"2021-09-07T11:27:31","modified_gmt":"2021-09-07T09:27:31","slug":"enginyeria-gis","status":"publish","type":"page","link":"https:\/\/sitep.com\/ca\/enginyeria-gis\/","title":{"rendered":"Enginyeria GIS"},"content":{"rendered":"<p>[vc_row css=\u00bb.vc_custom_1631006837143{margin-top: -40px !important;padding-bottom: 0px !important;background-image: url(https:\/\/sitep.com\/ca\/wp-content\/uploads\/2021\/09\/desarrolladores-de-soluciones-territoriales-innovadoras-sobre-nosotros-.jpg?id=13460) !important;}\u00bb][vc_column css=\u00bb.vc_custom_1460041281CARL{margin: 10px !important;}\u00bb][vc_empty_space][vc_row_inner][vc_column_inner width=\u00bb1\/2&#8243; css=\u00bb.vc_custom_1463644187CARL{background-color:#222222 !important; opacity: 0.8 !important;}\u00bb][cs_custom_heading text=\u00bbEnginyeria\u00bb font_container=\u00bbtag:h3|text_align:left|color:%23ffffff\u00bb style=\u00bbtitle-bottom-line\u00bb title_bottom_line_width=\u00bb25px\u00bb title_bottom_line_height=\u00bb2px\u00bb title_bottom_line_color=\u00bb#ffffff\u00bb title_bottom_line_margin_bottom=\u00bb15px\u00bb][vc_column_text]<span style=\"color: #ffffff;\">La nostra visi\u00f3 global i experi\u00e8ncia ens permet oferir serveis especialitzats tant a l&#8217;empresa privada com a l&#8217;administraci\u00f3 p\u00fablica, a trav\u00e9s de l&#8217;\u00fas dels Sistemes d&#8217;Informaci\u00f3 Geogr\u00e0fica, capa\u00e7os de cobrir totes les seves necessitats, aix\u00ed com el desenvolupament de solucions adaptades a cada ind\u00fastria.<\/span><\/p>\n<h4 style=\"color: #004782;\"><span style=\"color: #ffffff;\">Beneficia&#8217;t de la geolocalitzaci\u00f3 per con\u00e8ixer, monitorar o gestionar grans territoris, equips, infraestructures o activitats<\/span><\/h4>\n<p><span style=\"color: #ffffff;\">Ja sigui per a l&#8217;an\u00e0lisi, la planificaci\u00f3 estrat\u00e8gica o la gesti\u00f3 de les seves activitats, SITEP ofereix un servei integral \u2018clau en m\u00e0\u2019 que inclou totes les etapes del cicle de vida de les dades, aix\u00ed com la seva explotaci\u00f3.<\/span>[\/vc_column_text][vc_empty_space height=\u00bb20px\u00bb][\/vc_column_inner][vc_column_inner width=\u00bb1\/2&#8243;][\/vc_column_inner][\/vc_row_inner][\/vc_column][\/vc_row][vc_row type=\u00bbrow-border\u00bb css=\u00bb.vc_custom_141687479529CARL{padding-top: 40px !important;padding-bottom: 0px !important;background-color: #ffffff !important;}\u00bb][vc_column css=\u00bb.vc_custom_1460041281CARL{margin: 10px !important;}\u00bb][cs_custom_heading text=\u00bbConsultoria GIS\u00bb font_container=\u00bbtag:h3|text_align:left\u00bb style=\u00bbtitle-bottom-line\u00bb title_bottom_line_width=\u00bb25px\u00bb title_bottom_line_height=\u00bb2px\u00bb title_bottom_line_color=\u00bb#cccccc\u00bb title_bottom_line_margin_bottom=\u00bb15px\u00bb][vc_row_inner][vc_column_inner width=\u00bb1\/2&#8243;][vc_single_image image=\u00bb11944&#8243; img_size=\u00bbfull\u00bb alignment=\u00bbcenter\u00bb][\/vc_column_inner][vc_column_inner width=\u00bb1\/2&#8243;][vc_column_text]SITEP ofereix un servei d&#8217;assessoria integral GIS i TIC que permet definir els elements clau per a l&#8217;estrat\u00e8gia de negoci. Tamb\u00e9 s&#8217;encarrega de la formaci\u00f3 dels diferents perfils de l&#8217;organitzaci\u00f3.<\/p>\n<p>A m\u00e9s, SITEP ofereix la possibilitat de dur a terme la gesti\u00f3 total de la direcci\u00f3 de projectes de gran envergadura o complexitat:<\/p>\n<p>&nbsp;<\/p>\n<p><strong>\u00b7 Assessoria t\u00e8cnica i estrat\u00e8gica<\/strong><\/p>\n<p><strong>\u00b7 Integraci\u00f3 de dades i GIS<\/strong><\/p>\n<p><strong>\u00b7 Metodologia contrastada i estructurada<\/strong><\/p>\n<p><strong>\u00b7 Direcci\u00f3\u00a0de projectes<\/strong>[\/vc_column_text][vc_empty_space height=\u00bb20px\u00bb][\/vc_column_inner][\/vc_row_inner][\/vc_column][\/vc_row][vc_row css=\u00bb.vc_custom_1541429455602{background-image: url(https:\/\/sitep.com\/ca\/wp-content\/uploads\/2018\/11\/ingenieria-barcelona-desarrollo-SIG.jpg?id=13233) !important;}\u00bb][vc_column][vc_empty_space height=\u00bb50px\u00bb][vc_column_text css=\u00bb.vc_custom_1541430616427{padding-top: 40px !important;}\u00bb]<span style=\"font-size: 70px; color: #ffffff; text-shadow: 2px 2px #666666; line-height: 80%;\">Desenvolupament GIS<\/span>[\/vc_column_text][vc_empty_space height=\u00bb50px\u00bb][\/vc_column][\/vc_row][vc_row type=\u00bbrow-border\u00bb css=\u00bb.vc_custom_1416874795099{padding-top: 40px !important;padding-bottom: 40px !important;background-color:#f2f2f2 !important;}\u00bb][vc_column css=\u00bb.vc_custom_1460041281CARL{margin: 10px !important;}\u00bb][cs_custom_heading text=\u00bbDesenvolupament i implantaci\u00f3\u00bb font_container=\u00bbtag:h3|text_align:left|color:%23666666&#8243; style=\u00bbtitle-bottom-line\u00bb title_bottom_line_width=\u00bb25px\u00bb title_bottom_line_height=\u00bb2px\u00bb title_bottom_line_color=\u00bb#cccccc\u00bb title_bottom_line_margin_bottom=\u00bb15px\u00bb][vc_row_inner][vc_column_inner width=\u00bb1\/2&#8243;][vc_column_text]SITEP ofereix la possibilitat d&#8217;implantar i integrar les solucions GIS de forma eficient, sense deixar variables a l&#8217;atzar. Per aix\u00f2, compta amb un equip d&#8217;especialistes amb una \u00e0mplia experi\u00e8ncia en el desenvolupament, integraci\u00f3 i adaptaci\u00f3 de solucions TIC complexes, personalitzades i basades en l&#8217;\u00fas de sistemes d\u2019informaci\u00f3 geogr\u00e0fica que constitueixen un gran valor per a la presa de decisions.<\/p>\n<p>&nbsp;<\/p>\n<p><strong>\u00b7 Implantaci\u00f3 metodol\u00f2gica<\/strong><\/p>\n<p><strong>\u00b7 Integraci\u00f3 de serveis, dades i components<\/strong><\/p>\n<p><strong>\u00b7 Desenvolupament de solucions GIS<\/strong>[\/vc_column_text][vc_empty_space height=\u00bb20px\u00bb][vc_column_text]<\/p>\n<h5 style=\"color: #004782;\">Desenvolupem solucions innovadores basades en l&#8217;\u00fas de sistemes d&#8217;informaci\u00f3 geogr\u00e0fica que constitueixen eines de gran valor per a la presa de decisions<\/h5>\n<p>[\/vc_column_text][\/vc_column_inner][vc_column_inner width=\u00bb1\/2&#8243;][vc_single_image image=\u00bb11211&#8243; img_size=\u00bbfull\u00bb][\/vc_column_inner][\/vc_row_inner][\/vc_column][\/vc_row][vc_row][vc_column width=\u00bb1\/6&#8243;][\/vc_column][vc_column width=\u00bb1\/6&#8243;][vc_single_image image=\u00bb13445&#8243; img_size=\u00bbfull\u00bb][\/vc_column][vc_column width=\u00bb1\/6&#8243;][vc_single_image image=\u00bb13446&#8243; img_size=\u00bbfull\u00bb][\/vc_column][vc_column width=\u00bb1\/6&#8243;][vc_single_image image=\u00bb13447&#8243; img_size=\u00bbfull\u00bb][\/vc_column][vc_column width=\u00bb1\/6&#8243;][vc_single_image image=\u00bb13448&#8243; img_size=\u00bbfull\u00bb][\/vc_column][vc_column width=\u00bb1\/6&#8243;][\/vc_column][\/vc_row][vc_row css=\u00bb.vc_custom_1541429490234{background-image: url(https:\/\/sitep.com\/ca\/wp-content\/uploads\/2018\/11\/ingenieria-barcelona-soporte-formacion-GIS.jpg?id=13232) !important;}\u00bb][vc_column][vc_empty_space height=\u00bb50px\u00bb][vc_column_text css=\u00bb.vc_custom_1541430582970{padding-top: 40px !important;}\u00bb]<span style=\"font-size: 70px; color: #ffffff; text-shadow: 2px 2px #666666; line-height: 80%;\">Manteniment &amp; Suport<\/span>[\/vc_column_text][vc_empty_space height=\u00bb50px\u00bb][\/vc_column][\/vc_row][vc_row css=\u00bb.vc_custom_141687423423CARL{padding-top: 40px !important;padding-bottom: 0px !important;}\u00bb][vc_column css=\u00bb.vc_custom_1460041281CARL{margin: 10px !important;}\u00bb][vc_row_inner][vc_column_inner][cs_custom_heading text=\u00bbSuport, formaci\u00f3 i manteniment\u00bb font_container=\u00bbtag:h3|text_align:left|color:%23666666&#8243; style=\u00bbtitle-bottom-line\u00bb title_bottom_line_width=\u00bb25px\u00bb title_bottom_line_height=\u00bb2px\u00bb title_bottom_line_color=\u00bb#cccccc\u00bb title_bottom_line_margin_bottom=\u00bb15px\u00bb][\/vc_column_inner][\/vc_row_inner][vc_row_inner][vc_column_inner width=\u00bb1\/2&#8243;][vc_single_image image=\u00bb11214&#8243; img_size=\u00bbfull\u00bb][\/vc_column_inner][vc_column_inner width=\u00bb1\/2&#8243;][vc_column_text]Els projectes, en la seva majoria, no finalitzen amb la seva publicaci\u00f3; a m\u00e9s d&#8217;una evoluci\u00f3 l\u00f2gica per adaptar-se a les noves tecnologies que van sorgint, el manteniment correctiu \u00e9s fonamental.<\/p>\n<p>SITEP ofereix serveis postvenda d&#8217;assist\u00e8ncia t\u00e8cnica, consulta i manteniment evolutiu per cobrir les necessitats dels clients.<\/p>\n<p>La depend\u00e8ncia tecnol\u00f2gica dels serveis \u00e9s un dels factors que m\u00e9s preocupa a les organitzacions en el moment d&#8217;implementar un nou sistema de gesti\u00f3 inform\u00e0tic. SITEP proporciona els serveis de formaci\u00f3 necessaris per obtenir un major control i treure el m\u00e0xim rendiment de les solucions implantades.<\/p>\n<p>&nbsp;<\/p>\n<p><strong>\u00b7 Assist\u00e8ncia t\u00e8cnica i manteniment GIS<br \/>\n<\/strong><\/p>\n<p><strong>\u00b7 Formaci\u00f3 a clients<\/strong><\/p>\n<p><strong>\u00b7 Assessoria GIS de primer nivell<\/strong>[\/vc_column_text][vc_empty_space height=\u00bb20px\u00bb][\/vc_column_inner][\/vc_row_inner][\/vc_column][\/vc_row]<\/p>\n","protected":false},"excerpt":{"rendered":"<p>[vc_row css=\u00bb.vc_custom_1631006837143{margin-top: -40px !important;padding-bottom: 0px !important;background-image: url(https:\/\/sitep.com\/ca\/wp-content\/uploads\/2021\/09\/desarrolladores-de-soluciones-territoriales-innovadoras-sobre-nosotros-.jpg?id=13460) !important;}\u00bb][vc_column css=\u00bb.vc_custom_1460041281CARL{margin: 10px !important;}\u00bb][vc_empty_space][vc_row_inner][vc_column_inner width=\u00bb1\/2&#8243; css=\u00bb.vc_custom_1463644187CARL{background-color:#222222 !important; opacity: 0.8 !important;}\u00bb][cs_custom_heading text=\u00bbEnginyeria\u00bb font_container=\u00bbtag:h3|text_align:left|color:%23ffffff\u00bb style=\u00bbtitle-bottom-line\u00bb title_bottom_line_width=\u00bb25px\u00bb title_bottom_line_height=\u00bb2px\u00bb title_bottom_line_color=\u00bb#ffffff\u00bb title_bottom_line_margin_bottom=\u00bb15px\u00bb][vc_column_text]La nostra visi\u00f3 global i experi\u00e8ncia ens permet oferir serveis especialitzats tant a l&#8217;empresa privada com a l&#8217;administraci\u00f3 p\u00fablica, a trav\u00e9s de l&#8217;\u00fas dels Sistemes d&#8217;Informaci\u00f3 Geogr\u00e0fica, capa\u00e7os de cobrir totes les [&hellip;]<\/p>\n","protected":false},"author":1,"featured_media":0,"parent":0,"menu_order":2,"comment_status":"closed","ping_status":"closed","template":"","meta":{"footnotes":""},"class_list":["post-9","page","type-page","status-publish","hentry"],"_links":{"self":[{"href":"https:\/\/sitep.com\/ca\/wp-json\/wp\/v2\/pages\/9","targetHints":{"allow":["GET"]}}],"collection":[{"href":"https:\/\/sitep.com\/ca\/wp-json\/wp\/v2\/pages"}],"about":[{"href":"https:\/\/sitep.com\/ca\/wp-json\/wp\/v2\/types\/page"}],"author":[{"embeddable":true,"href":"https:\/\/sitep.com\/ca\/wp-json\/wp\/v2\/users\/1"}],"replies":[{"embeddable":true,"href":"https:\/\/sitep.com\/ca\/wp-json\/wp\/v2\/comments?post=9"}],"version-history":[{"count":19,"href":"https:\/\/sitep.com\/ca\/wp-json\/wp\/v2\/pages\/9\/revisions"}],"predecessor-version":[{"id":12575,"href":"https:\/\/sitep.com\/ca\/wp-json\/wp\/v2\/pages\/9\/revisions\/12575"}],"wp:attachment":[{"href":"https:\/\/sitep.com\/ca\/wp-json\/wp\/v2\/media?parent=9"}],"curies":[{"name":"wp","href":"https:\/\/api.w.org\/{rel}","templated":true}]}}