{"id":7,"date":"2016-04-05T11:07:00","date_gmt":"2016-04-05T11:07:00","guid":{"rendered":"http:\/\/localhost\/wordpress\/?page_id=7"},"modified":"2024-10-07T12:01:42","modified_gmt":"2024-10-07T10:01:42","slug":"sobre-nosaltres","status":"publish","type":"page","link":"https:\/\/sitep.com\/ca\/sobre-nosaltres\/","title":{"rendered":"Sobre nosaltres"},"content":{"rendered":"<p>[vc_row css=\u00bb.vc_custom_1631006499366{margin-top: -40px !important;padding-top: 0px !important;padding-bottom: 0px !important;background-image: url(https:\/\/sitep.com\/ca\/wp-content\/uploads\/2021\/09\/sistema-de-informacion-geografica-SITEP-desarrollos-de-ingenieria-territorial-2.jpg?id=13458) !important;}\u00bb][vc_column css=\u00bb.vc_custom_1460041281CARL{margin: 10px !important;}\u00bb][vc_empty_space][vc_empty_space][vc_row_inner][vc_column_inner el_class=\u00bbopacity: 0.8;\u00bb width=\u00bb1\/2&#8243; css=\u00bb.vc_custom_1497865578070{background-color:#222222 !important; opacity: 0.8 !important}\u00bb][cs_custom_heading text=\u00bbBreu sobre la nostra hist\u00f3ria\u00bb font_container=\u00bbtag:h3|text_align:left|color:%23ffffff\u00bb style=\u00bbtitle-bottom-line\u00bb title_bottom_line_width=\u00bb25px\u00bb title_bottom_line_height=\u00bb2px\u00bb title_bottom_line_color=\u00bb#cccccc\u00bb title_bottom_line_margin_bottom=\u00bb15px\u00bb el_class=\u00bbtext-shadow: black 0.1em 0.1em 0.1em\u00bb][vc_column_text]<span style=\"color: #ffffff;\">SITEP va ser fundada a Barcelona en 1998, amb el prop\u00f2sit d&#8217;oferir serveis especialitzats de consultoria, desenvolupament i implantaci\u00f3 de solucions a mida per a la gesti\u00f3 del territori.<\/span><\/p>\n<p><span style=\"color: #ffffff;\">En el transcurs de 20 anys treballant per a entitats p\u00fabliques i empreses privades, SITEP s&#8217;ha transformat. Consolidant el seu posicionament al mercat local com a <b>especialistes en el tractament, an\u00e0lisi i implementaci\u00f3 de solucions GIS<\/b><\/span>[\/vc_column_text][vc_empty_space][\/vc_column_inner][vc_column_inner width=\u00bb1\/2&#8243;][vc_column_text]<iframe loading=\"lazy\" src=\"https:\/\/www.youtube.com\/embed\/RXwC2IpJyyU?rel=0&amp;showinfo=0\" width=\"560\" height=\"315\" frameborder=\"0\" allowfullscreen=\"allowfullscreen\"><span data-mce-type=\"bookmark\" style=\"display: inline-block; width: 0px; overflow: hidden; line-height: 0;\" class=\"mce_SELRES_start\"><\/span><\/iframe>[\/vc_column_text][\/vc_column_inner][\/vc_row_inner][vc_empty_space][\/vc_column][\/vc_row][vc_row css=\u00bb.vc_custom_1497974193272{padding-top: 30px !important;padding-bottom: 30px !important;background-color: #ffffff !important;}\u00bb][vc_column width=\u00bb1\/2&#8243; css=\u00bb.vc_custom_1497953950034{padding-right: 20px !important;}\u00bb][vc_empty_space][vc_single_image image=\u00bb13153&#8243; img_size=\u00bbfull\u00bb css_animation=\u00bbleft-to-right\u00bb][\/vc_column][vc_column width=\u00bb1\/2&#8243;][vc_empty_space][vc_empty_space][cs_custom_heading text=\u00bbADN Tecnol\u00f2gic\u00bb font_container=\u00bbtag:h3|text_align:left\u00bb style=\u00bbtitle-bottom-line\u00bb title_bottom_line_width=\u00bb25px\u00bb title_bottom_line_height=\u00bb2px\u00bb title_bottom_line_color=\u00bb#cccccc\u00bb title_bottom_line_margin_bottom=\u00bb15px\u00bb][vc_column_text]La metodologia, capacitat d&#8217;adaptaci\u00f3 i l&#8217;experi\u00e8ncia adquirida en el desenvolupament i manteniment de sistemes d&#8217;informaci\u00f3 geogr\u00e0fica, posiciona a SITEP com a referent tecnol\u00f2gic en el desenvolupament de solucions per a la gesti\u00f3 territorial d&#8217;organismes i entitats d&#8217;\u00e0mbit estatal.<\/p>\n<p>Les aliances tecnol\u00f2giques amb els principals desenvolupadors de programari GIS permeten a SITEP ser a l&#8217;avantguarda tecnol\u00f2gica i desenvolupar solucions innovadores i vers\u00e0tils que s&#8217;adapten a les necessitats de cada client.<\/p>\n<p>[\/vc_column_text][\/vc_column][\/vc_row][vc_row css=\u00bb.vc_custom_141687479529CARL{padding-top: 40px !important;padding-bottom: 0px !important;}\u00bb][vc_column css=\u00bb.vc_custom_1460041281CARL{margin: 10px !important;}\u00bb][vc_empty_space][vc_row_inner css=\u00bb.vc_custom_1499244166469{margin-bottom: 40px !important;}\u00bb][vc_column_inner width=\u00bb1\/2&#8243;][cs_custom_heading text=\u00bbEquip d&#8217;especialistes\u00bb font_container=\u00bbtag:h3|text_align:left\u00bb style=\u00bbtitle-bottom-line\u00bb title_bottom_line_width=\u00bb25px\u00bb title_bottom_line_height=\u00bb2px\u00bb title_bottom_line_color=\u00bb#cccccc\u00bb title_bottom_line_margin_bottom=\u00bb15px\u00bb][vc_column_text]SITEP compta amb un equip multidisciplinari d&#8217;experts professionals del sector TIC. El grup en constant formaci\u00f3, compta amb certificacions de les principals tecnologies i metodologies de treball per a oferir la m\u00e0xima excel\u00b7l\u00e8ncia en els seus projectes.[\/vc_column_text][vc_empty_space height=\u00bb20px\u00bb][vc_column_text]<\/p>\n<h5 style=\"color: #004782;\">Especialistes en el tractament, an\u00e0lisi i implementaci\u00f3 d&#8217;eines GIS<\/h5>\n<p>[\/vc_column_text][\/vc_column_inner][vc_column_inner width=\u00bb1\/2&#8243;][vc_single_image image=\u00bb13298&#8243; img_size=\u00bbfull\u00bb alignment=\u00bbcenter\u00bb css_animation=\u00bbtop-to-bottom\u00bb][\/vc_column_inner][\/vc_row_inner][\/vc_column][\/vc_row][vc_row css=\u00bb.vc_custom_1589976054166{padding-top: 30px !important;background-color: #f2f2f2 !important;}\u00bb][vc_column width=\u00bb1\/2&#8243;][vc_empty_space][cs_custom_heading text=\u00bbResponsabilitat Social Corporativa\u00bb font_container=\u00bbtag:h3|text_align:left\u00bb style=\u00bbtitle-bottom-line\u00bb title_bottom_line_width=\u00bb25px\u00bb title_bottom_line_height=\u00bb2px\u00bb title_bottom_line_color=\u00bb#cccccc\u00bb title_bottom_line_margin_bottom=\u00bb15px\u00bb][vc_single_image image=\u00bb13299&#8243; img_size=\u00bbfull\u00bb][vc_empty_space height=\u00bb20px\u00bb][vc_column_text]<a href=\"https:\/\/sitep.com\/wp-content\/uploads\/2019\/03\/COMPROMISO-DIRECCION-WEB.pdf\">Descarregar pla d&#8217;igualtat de SITEP<\/a>[\/vc_column_text][vc_empty_space height=\u00bb20px\u00bb][\/vc_column][vc_column width=\u00bb1\/2&#8243;][vc_empty_space][vc_empty_space height=\u00bb20px\u00bb][vc_column_text]En SITEP mantenim un\u00a0ferm comprom\u00eds amb el nostre capital hum\u00e0\u00a0com a principal actiu i clau del nostre \u00e8xit, i apostem per un model social comprom\u00e8s amb l&#8217;excel\u00b7l\u00e8ncia professional i la qualitat de vida dels nostres empleats.<\/p>\n<p>La nostra pol\u00edtica corporativa s&#8217;enfoca a crear un marc favorable de relacions laborals basat en la\u00a0igualtat\u00a0d&#8217;oportunitats, la\u00a0no discriminaci\u00f3\u00a0i el respecte a la\u00a0diversitat. Fomentem la conciliaci\u00f3 de la vida laboral i familiar dels empleats a trav\u00e9s de mesures per a fer compatible l&#8217;experi\u00e8ncia positiva de la maternitat i paternitat amb una carrera professional d&#8217;\u00e8xit.<\/p>\n<p>Parlar d&#8217;igualtat de g\u00e8nere en l&#8217;\u00e0mbit de l&#8217;empresa implica molt m\u00e9s que garantir el dret a la conciliaci\u00f3 de la vida personal, familiar i laboral (article 44 de la Llei org\u00e0nica per a la Igualtat Efectiva de Dones i Homes, EL 3\/2007), tamb\u00e9 implica incloure la gesti\u00f3 transversal de g\u00e8nere en la pol\u00edtica de recursos humans, en el disseny de les campanyes dirigides als clients i en les relacions amb aquests.<\/p>\n<p>Aquests principis s\u00f3n els pilars b\u00e0sics que guien a SITEP en les seves actuacions i les dels seus professionals, afavorint l&#8217;eliminaci\u00f3 de qualsevol discriminaci\u00f3 per motiu de ra\u00e7a, color, sexe, idioma, religi\u00f3, opini\u00f3 pol\u00edtica, origen nacional o social, condici\u00f3 social, proced\u00e8ncia, discapacitat, salut, estat civil, embar\u00e0s, orientaci\u00f3 sexual o qualsevol altra condici\u00f3.[\/vc_column_text][vc_empty_space][\/vc_column][\/vc_row][vc_row full_width=\u00bbtrue\u00bb css=\u00bb.vc_custom_1461590434832{background-color: #80a0c3 !important;}\u00bb][vc_column][vc_empty_space][vc_single_image image=\u00bb12566&#8243; img_size=\u00bbfull\u00bb alignment=\u00bbcenter\u00bb][\/vc_column][\/vc_row][vc_row css=\u00bb.vc_custom_1460618812540{padding-top: 10px !important;padding-bottom: 10px !important;background-color: #80a0c3 !important;}\u00bb][vc_column css=\u00bb.vc_custom_1460041281CARL{margin: 10px !important;}\u00bb][vc_empty_space][cs_custom_heading text=\u00bbCapital Hum\u00e0\u00bb font_container=\u00bbtag:h3|text_align:left|color:%23ffffff\u00bb style=\u00bbtitle-bottom-line\u00bb title_bottom_line_width=\u00bb25px\u00bb title_bottom_line_height=\u00bb2px\u00bb title_bottom_line_color=\u00bb#cccccc\u00bb title_bottom_line_margin_bottom=\u00bb15px\u00bb][vc_column_text]<\/p>\n<p style=\"color: #ffffff;\"><span style=\"line-height: 1.5;\">SITEP sempre est\u00e0 en cerca activa de talent. Si ets un professional de la geom\u00e1tica i t&#8217;interessa desenvolupar la teva carrera en el sector de l&#8217;alta tecnologia, posa&#8217;t en contacte amb el departament de recursos humans.<\/span><\/p>\n<p><span style=\"color: #ffffff;\">Envia el teu curr\u00edculum a: <a href=\"mailto:job@sitep.com\">job@sitep.com<\/a> o truca al +34 933 208 215.<\/span>[\/vc_column_text][vc_empty_space][\/vc_column][\/vc_row][vc_row css=\u00bb.vc_custom_141687479529CARL{padding-top: 40px !important;padding-bottom: 0px !important;}\u00bb][vc_column css=\u00bb.vc_custom_1460041281CARL{margin: 10px !important;}\u00bb][vc_empty_space][vc_row_inner css=\u00bb.vc_custom_1499244166469{margin-bottom: 40px !important;}\u00bb][vc_column_inner width=\u00bb1\/2&#8243;][cs_custom_heading text=\u00bbEquip d&#8217;especialistes\u00bb font_container=\u00bbtag:h3|text_align:left\u00bb style=\u00bbtitle-bottom-line\u00bb title_bottom_line_width=\u00bb25px\u00bb title_bottom_line_height=\u00bb2px\u00bb title_bottom_line_color=\u00bb#cccccc\u00bb title_bottom_line_margin_bottom=\u00bb15px\u00bb][vc_column_text css=\u00bb.vc_custom_1728295288398{padding-right: 40px !important;}\u00bb]SITEP\u00a0com a empresa desenvolupadora compromesa amb la qualitat i l&#8217;excel\u00b7l\u00e8ncia, mant\u00e9 un sistema de gesti\u00f3 integrat de qualitat, medi ambient i seguretat de la informaci\u00f3, basat en les normes UNE EN ISO corresponents.<\/p>\n<p>Aquestes certificacions confirmen la voluntat de\u00a0SITEP\u00a0a oferir el millor servei als seus clients, amb una millora cont\u00ednua i innovaci\u00f3 en totes les seves \u00e0rees.<\/p>\n<p>El nostre comprom\u00eds. <a href=\"https:\/\/sitep.com\/ca\/wp-content\/uploads\/2024\/10\/POLITICA-INTEGRADA-CALIDAD-MEDIOAMBIENTE-SEGURIDAD-GESTIONDELSERVICIO.pdf\">POL\u00cdTICA-INTEGRADA-QUALITAT<\/a>[\/vc_column_text][\/vc_column_inner][vc_column_inner width=\u00bb1\/2&#8243;][vc_single_image image=\u00bb13036&#8243; img_size=\u00bbfull\u00bb css_animation=\u00bbleft-to-right\u00bb][\/vc_column_inner][\/vc_row_inner][\/vc_column][\/vc_row][vc_row css=\u00bb.vc_custom_1548249531345{padding-top: 40px !important;padding-bottom: 0px !important;background-image: url(https:\/\/sitep.com\/en\/wp-content\/uploads\/2019\/01\/BARCELONA-MOBILE-MAPPING-GIS-DEVELOPEMENT.png?id=13472) !important;background-position: center !important;background-repeat: no-repeat !important;background-size: cover !important;}\u00bb][vc_column][vc_empty_space][cs_custom_heading text=\u00bbDesenvolupament local per a negocis globals\u00bb font_container=\u00bbtag:h3|text_align:left\u00bb style=\u00bbtitle-bottom-line\u00bb title_bottom_line_width=\u00bb25px\u00bb title_bottom_line_height=\u00bb2px\u00bb title_bottom_line_color=\u00bb#cccccc\u00bb title_bottom_line_margin_bottom=\u00bb15px\u00bb][vc_column_text]SITEP\u00a0\u00e9s l\u00edder en el desenvolupament de solucions territorials per a organismes p\u00fablics i empreses a Catalunya, present en l&#8217;\u00e0mbit nacional i internacional.<\/p>\n<p>Les nostres oficines estan situades a Barcelona i al Principat d&#8217;Andorra.<\/p>\n<p>Si desitges m\u00e9s informaci\u00f3, contacta amb nosaltres.[\/vc_column_text][vc_empty_space][vc_empty_space][cs_custom_heading text=\u00bbClients\u00bb font_container=\u00bbtag:h3|text_align:left\u00bb style=\u00bbtitle-bottom-line\u00bb title_bottom_line_width=\u00bb25px\u00bb title_bottom_line_height=\u00bb2px\u00bb title_bottom_line_color=\u00bb#cccccc\u00bb title_bottom_line_margin_bottom=\u00bb15px\u00bb]        <div  id=\"cs_carousel_client1777131794_169ece1127559c\" class=\"cs-carousel cs-carousel-client show-header \">\r\n                            <div class=\"cs-header\">\r\n                                                                <p class=\"cs-decs\">Empreses privades \/ Administraci\u00f3 p\u00fablica i empreses vinculades<\/p>\r\n                                                        <\/div>\r\n                        <div class=\"cs-content\">\r\n                <div class=\"cs-carousel-list\">\r\n                    <div id=\"cs_carousel_client_1777131794_169ece1127559c\" data-moveslides=\"1\" data-auto=\"1\" data-prevselector=\"#cs_carousel_client1777131794_169ece1127559c .prev\" data-nextselector=\"#cs_carousel_client1777131794_169ece1127559c .next\" data-touchenabled=\"1\" data-controls=\"true\" data-pager=\"\" data-pause=\"4000\" data-infiniteloop=\"true\" data-adaptiveheight=\"true\" data-speed=\"500\" data-pagerSelector=\"#cs_carousel_client1777131794_169ece1127559c .cs-control\" data-minSlides=\"1\" data-maxSlides=\"6\" data-autohover=\"true\" data-slidemargin=\"30\" data-slidewidth=\"150\" data-slideselector=\"\" data-easing=\"swing\" data-usecss=\"\" data-resize=\"1\" class=\"slider jm-bxslider\">\r\n                       <div class=\"cs-carousel-item-wrap\">                        <div class=\"cs-carousel-item\" style=\"margin-bottom:30px;\">\r\n                           <div id=\"post-13230\" class=\"post-13230 myclients type-myclients status-publish has-post-thumbnail hentry clientscategory-clients clientscategory-works\">\r\n                               <div class=\"cs-carousel-container\">\r\n                                    <img decoding=\"async\" alt=\"\" src=\"https:\/\/sitep.com\/ca\/wp-content\/uploads\/2018\/11\/gas-natural-casos-de-exito.png\" \/>                                <\/div>\r\n                           <\/div>\r\n                        <\/div>\r\n                        <\/div><div class=\"cs-carousel-item-wrap\">                        <div class=\"cs-carousel-item\" style=\"margin-bottom:30px;\">\r\n                           <div id=\"post-13228\" class=\"post-13228 myclients type-myclients status-publish has-post-thumbnail hentry clientscategory-clients clientscategory-works\">\r\n                               <div class=\"cs-carousel-container\">\r\n                                    <img decoding=\"async\" alt=\"\" src=\"https:\/\/sitep.com\/ca\/wp-content\/uploads\/2018\/11\/IBM-casos-de-exito.png\" \/>                                <\/div>\r\n                           <\/div>\r\n                        <\/div>\r\n                        <\/div><div class=\"cs-carousel-item-wrap\">                        <div class=\"cs-carousel-item\" style=\"margin-bottom:30px;\">\r\n                           <div id=\"post-13226\" class=\"post-13226 myclients type-myclients status-publish has-post-thumbnail hentry clientscategory-clients clientscategory-works\">\r\n                               <div class=\"cs-carousel-container\">\r\n                                    <img decoding=\"async\" alt=\"\" src=\"https:\/\/sitep.com\/ca\/wp-content\/uploads\/2018\/11\/Barcelona-activa-casos-de-exito.png\" \/>                                <\/div>\r\n                           <\/div>\r\n                        <\/div>\r\n                        <\/div><div class=\"cs-carousel-item-wrap\">                        <div class=\"cs-carousel-item\" style=\"margin-bottom:30px;\">\r\n                           <div id=\"post-13224\" class=\"post-13224 myclients type-myclients status-publish has-post-thumbnail hentry clientscategory-clients clientscategory-works\">\r\n                               <div class=\"cs-carousel-container\">\r\n                                    <img decoding=\"async\" alt=\"\" src=\"https:\/\/sitep.com\/ca\/wp-content\/uploads\/2018\/11\/agbar-casos-de-exito.png\" \/>                                <\/div>\r\n                           <\/div>\r\n                        <\/div>\r\n                        <\/div><div class=\"cs-carousel-item-wrap\">                        <div class=\"cs-carousel-item\" style=\"margin-bottom:30px;\">\r\n                           <div id=\"post-13222\" class=\"post-13222 myclients type-myclients status-publish has-post-thumbnail hentry clientscategory-clients clientscategory-works\">\r\n                               <div class=\"cs-carousel-container\">\r\n                                    <img decoding=\"async\" alt=\"\" src=\"https:\/\/sitep.com\/ca\/wp-content\/uploads\/2018\/11\/atm_barcelona-casos-de-exito.png\" \/>                                <\/div>\r\n                           <\/div>\r\n                        <\/div>\r\n                        <\/div><div class=\"cs-carousel-item-wrap\">                        <div class=\"cs-carousel-item\" style=\"margin-bottom:30px;\">\r\n                           <div id=\"post-13220\" class=\"post-13220 myclients type-myclients status-publish has-post-thumbnail hentry clientscategory-clients clientscategory-works\">\r\n                               <div class=\"cs-carousel-container\">\r\n                                    <img decoding=\"async\" alt=\"\" src=\"https:\/\/sitep.com\/ca\/wp-content\/uploads\/2018\/11\/FGC-casos-de-exito.png\" \/>                                <\/div>\r\n                           <\/div>\r\n                        <\/div>\r\n                        <\/div><div class=\"cs-carousel-item-wrap\">                        <div class=\"cs-carousel-item\" style=\"margin-bottom:30px;\">\r\n                           <div id=\"post-13218\" class=\"post-13218 myclients type-myclients status-publish has-post-thumbnail hentry clientscategory-clients clientscategory-works\">\r\n                               <div class=\"cs-carousel-container\">\r\n                                    <img decoding=\"async\" alt=\"\" src=\"https:\/\/sitep.com\/ca\/wp-content\/uploads\/2018\/11\/TMB-casos-de-exito.png\" \/>                                <\/div>\r\n                           <\/div>\r\n                        <\/div>\r\n                        <\/div><div class=\"cs-carousel-item-wrap\">                        <div class=\"cs-carousel-item\" style=\"margin-bottom:30px;\">\r\n                           <div id=\"post-13216\" class=\"post-13216 myclients type-myclients status-publish has-post-thumbnail hentry clientscategory-clients clientscategory-works\">\r\n                               <div class=\"cs-carousel-container\">\r\n                                    <img decoding=\"async\" alt=\"\" src=\"https:\/\/sitep.com\/ca\/wp-content\/uploads\/2018\/11\/ICGC-casos-de-exito.png\" \/>                                <\/div>\r\n                           <\/div>\r\n                        <\/div>\r\n                        <\/div><div class=\"cs-carousel-item-wrap\">                        <div class=\"cs-carousel-item\" style=\"margin-bottom:30px;\">\r\n                           <div id=\"post-13214\" class=\"post-13214 myclients type-myclients status-publish has-post-thumbnail hentry clientscategory-clients clientscategory-works\">\r\n                               <div class=\"cs-carousel-container\">\r\n                                    <img decoding=\"async\" alt=\"\" src=\"https:\/\/sitep.com\/ca\/wp-content\/uploads\/2018\/11\/ACA-casos-de-exito.png\" \/>                                <\/div>\r\n                           <\/div>\r\n                        <\/div>\r\n                        <\/div><div class=\"cs-carousel-item-wrap\">                        <div class=\"cs-carousel-item\" style=\"margin-bottom:30px;\">\r\n                           <div id=\"post-13212\" class=\"post-13212 myclients type-myclients status-publish has-post-thumbnail hentry clientscategory-clients clientscategory-works\">\r\n                               <div class=\"cs-carousel-container\">\r\n                                    <img decoding=\"async\" alt=\"\" src=\"https:\/\/sitep.com\/ca\/wp-content\/uploads\/2018\/11\/ARC-casos-de-exito.png\" \/>                                <\/div>\r\n                           <\/div>\r\n                        <\/div>\r\n                        <\/div><div class=\"cs-carousel-item-wrap\">                        <div class=\"cs-carousel-item\" style=\"margin-bottom:30px;\">\r\n                           <div id=\"post-13210\" class=\"post-13210 myclients type-myclients status-publish has-post-thumbnail hentry clientscategory-clients clientscategory-works\">\r\n                               <div class=\"cs-carousel-container\">\r\n                                    <img decoding=\"async\" alt=\"\" src=\"https:\/\/sitep.com\/ca\/wp-content\/uploads\/2018\/11\/ATC-casos-de-exito.png\" \/>                                <\/div>\r\n                           <\/div>\r\n                        <\/div>\r\n                        <\/div><div class=\"cs-carousel-item-wrap\">                        <div class=\"cs-carousel-item\" style=\"margin-bottom:30px;\">\r\n                           <div id=\"post-13208\" class=\"post-13208 myclients type-myclients status-publish has-post-thumbnail hentry clientscategory-clients clientscategory-works\">\r\n                               <div class=\"cs-carousel-container\">\r\n                                    <img decoding=\"async\" alt=\"\" src=\"https:\/\/sitep.com\/ca\/wp-content\/uploads\/2018\/11\/ACT-casos-de-exito.png\" \/>                                <\/div>\r\n                           <\/div>\r\n                        <\/div>\r\n                        <\/div>                    <\/div>\r\n                <\/div>\r\n                                <div class=\"cs-control\"><\/div>\r\n            <\/div>\r\n        <\/div>\r\n        [vc_empty_space][vc_empty_space][vc_empty_space][\/vc_column][\/vc_row]<\/p>\n","protected":false},"excerpt":{"rendered":"<p>[vc_row css=\u00bb.vc_custom_1631006499366{margin-top: -40px !important;padding-top: 0px !important;padding-bottom: 0px !important;background-image: url(https:\/\/sitep.com\/ca\/wp-content\/uploads\/2021\/09\/sistema-de-informacion-geografica-SITEP-desarrollos-de-ingenieria-territorial-2.jpg?id=13458) !important;}\u00bb][vc_column css=\u00bb.vc_custom_1460041281CARL{margin: 10px !important;}\u00bb][vc_empty_space][vc_empty_space][vc_row_inner][vc_column_inner el_class=\u00bbopacity: 0.8;\u00bb width=\u00bb1\/2&#8243; css=\u00bb.vc_custom_1497865578070{background-color:#222222 !important; opacity: 0.8 !important}\u00bb][cs_custom_heading text=\u00bbBreu sobre la nostra hist\u00f3ria\u00bb font_container=\u00bbtag:h3|text_align:left|color:%23ffffff\u00bb style=\u00bbtitle-bottom-line\u00bb title_bottom_line_width=\u00bb25px\u00bb title_bottom_line_height=\u00bb2px\u00bb title_bottom_line_color=\u00bb#cccccc\u00bb title_bottom_line_margin_bottom=\u00bb15px\u00bb el_class=\u00bbtext-shadow: black 0.1em 0.1em 0.1em\u00bb][vc_column_text]SITEP va ser fundada a Barcelona en 1998, amb el prop\u00f2sit d&#8217;oferir serveis especialitzats de consultoria, desenvolupament i implantaci\u00f3 [&hellip;]<\/p>\n","protected":false},"author":1,"featured_media":0,"parent":0,"menu_order":1,"comment_status":"closed","ping_status":"closed","template":"","meta":{"footnotes":""},"class_list":["post-7","page","type-page","status-publish","hentry"],"_links":{"self":[{"href":"https:\/\/sitep.com\/ca\/wp-json\/wp\/v2\/pages\/7","targetHints":{"allow":["GET"]}}],"collection":[{"href":"https:\/\/sitep.com\/ca\/wp-json\/wp\/v2\/pages"}],"about":[{"href":"https:\/\/sitep.com\/ca\/wp-json\/wp\/v2\/types\/page"}],"author":[{"embeddable":true,"href":"https:\/\/sitep.com\/ca\/wp-json\/wp\/v2\/users\/1"}],"replies":[{"embeddable":true,"href":"https:\/\/sitep.com\/ca\/wp-json\/wp\/v2\/comments?post=7"}],"version-history":[{"count":56,"href":"https:\/\/sitep.com\/ca\/wp-json\/wp\/v2\/pages\/7\/revisions"}],"predecessor-version":[{"id":13477,"href":"https:\/\/sitep.com\/ca\/wp-json\/wp\/v2\/pages\/7\/revisions\/13477"}],"wp:attachment":[{"href":"https:\/\/sitep.com\/ca\/wp-json\/wp\/v2\/media?parent=7"}],"curies":[{"name":"wp","href":"https:\/\/api.w.org\/{rel}","templated":true}]}}