{"id":49,"date":"2016-04-05T16:05:15","date_gmt":"2016-04-05T16:05:15","guid":{"rendered":"http:\/\/localhost\/wordpress\/?page_id=49"},"modified":"2021-04-15T16:04:25","modified_gmt":"2021-04-15T14:04:25","slug":"politica-de-privacitat-i-cookies","status":"publish","type":"page","link":"https:\/\/sitep.com\/ca\/politica-de-privacitat-i-cookies\/","title":{"rendered":"Pol\u00edtica de cookies i privacitat"},"content":{"rendered":"<p>[vc_row][vc_column][vc_column_text]<strong>POL\u00cdTICA DE COOKIES<\/strong><\/p>\n<div style=\"text-align: justify;\">\n<p>Qu\u00e8 \u00e9s una\u00a0cookie?<\/p>\n<p>Una\u00a0cookie\u00a0\u00e9s una petita informaci\u00f3 enviada per un lloc web i emmagatzemat en el navegador de l&#8217;usuari, permetent consultar l&#8217;activitat pr\u00e8via de l&#8217;usuari. L&#8217;objectiu principal \u00e9s controlar els usuaris que accedeixen al portal aix\u00ed com identificar quins han estat les seves prefer\u00e8ncies de navegaci\u00f3, permetent el seu emmagatzematge per a la seva posterior consulta. Aquesta informaci\u00f3 \u00e9s emmagatzemada en l&#8217;ordinador, en una Tauleta o Tel\u00e8fon intel\u00b7ligent de l&#8217;usuari, podent actualitzar-los i recuperar-los pel titular de l&#8217;espai web.<\/p>\n<p>El contingut d&#8217;una\u00a0cookie\u00a0pot incloure data i hora de visita a l&#8217;espai web i la identificaci\u00f3 dels espais visitats per l&#8217;usuari en la seva navegaci\u00f3.<\/p>\n<p>&nbsp;<\/p>\n<p><strong>Utilitzaci\u00f3<\/strong><\/p>\n<p>www.sitep.com\u00a0fa \u00fas de cookies, pr\u00f2pies i\/o de tercers, amb la finalitat de poder prestar-li un millor servei i atenci\u00f3 a trav\u00e9s del nostre espai web, aix\u00ed com atendre de manera efica\u00e7 els serveis demandats via web, aix\u00ed com obtenir m\u00e9s informaci\u00f3 sobre les seves prefer\u00e8ncies, personalitzant l&#8217;espai web segons els seus interessos, facilitant una navegaci\u00f3 efica\u00e7 i personalitzada.<\/p>\n<p>Les cookies per a emmagatzemar i recuperar informaci\u00f3 sobre els h\u00e0bits de navegaci\u00f3 de l&#8217;usuari o del seu equip i, depenent de la informaci\u00f3 que continguin i de la forma en qu\u00e8 aquell utilitzi el seu equip, poden emprar-se per a recon\u00e8ixer a l&#8217;usuari, aconseguint una major personalitzaci\u00f3 i an\u00e0lisi sobre el comportament d&#8217;aquest.<\/p>\n<p>En compliment de l&#8217;Art. 22.2 de la Llei de Serveis de la Societat de la Informaci\u00f3 i del Comer\u00e7 Electr\u00f2nic (LSSICE)\u00a0i segons la transposici\u00f3 de la Directiva Europea 2009\/136\/CE,\u00a0www.sitep.com\u00a0utilitza cookies pr\u00f2pies i de tercers, i la mera navegaci\u00f3 en el lloc web suposa l&#8217;acceptaci\u00f3 del seu \u00fas.<\/p>\n<p>Aix\u00ed mateix, el relatiu a l&#8217;\u00fas de cookies per part de\u00a0SITEP, en el seu lloc web, es veur\u00e0 complementat pels avisos informatius que\u00a0SITEP\u00a0posi a la disposici\u00f3 dels usuaris en les seves p\u00e0gines d&#8217;inici, en relaci\u00f3 d&#8217;aquella tipologia de cookies que requereixin d&#8217;informaci\u00f3 a l&#8217;usuari i el seu consentiment.<\/p>\n<p>&nbsp;<\/p>\n<p><strong>Tipologia<\/strong><\/p>\n<p>Cookies pr\u00f2pies: enviades i gestionades \u00fanicament per\u00a0www.sitep.com per a una navegaci\u00f3 efica\u00e7 de l&#8217;usuari per l&#8217;espai web.<\/p>\n<p>Cookies d&#8217;entrada d&#8217;usuari.<br \/>\nCookies de seguretat de l&#8217;usuari.<br \/>\nCookies de sessi\u00f3 per a equilibrar la c\u00e0rrega.<br \/>\nCookies de personalitzaci\u00f3 de la interf\u00edcie d&#8217;usuari.<br \/>\nCookies de complement (plug-*in)\u00a0per a intercanviar continguts socials<\/p>\n<p>Cookies de tercers: Aquelles enviades per una altra entitat col\u00b7laboradora, principalment procedents de cercadors com Google. Google Analytics tamb\u00e9 utilitza cookies, que s\u00f3n arxius de text situats en el seu ordinador, per a ajudar l&#8217;espai web a analitzar l&#8217;\u00fas que fan els usuaris del lloc web. La informaci\u00f3 que genera la cookie sobre el seu \u00fas de l&#8217;espai web (incloent la seva adre\u00e7a IP) ser\u00e0 directament transmesa i arxivada per Google en els servidors dels Estats Units. Google usar\u00e0 aquesta informaci\u00f3, per compte nostre, amb el prop\u00f2sit de seguir la pista del seu \u00fas de l&#8217;espai web, recopilant informes de l&#8217;activitat de l&#8217;espai web i prestant altres serveis relacionats amb l&#8217;activitat de l&#8217;espai web i l&#8217;\u00fas d&#8217;Internet, la informaci\u00f3 i la descripci\u00f3 de la qual podr\u00e0 obtenir mitjan\u00e7ant el seg\u00fcent enlla\u00e7 <a href=\"https:\/\/developers.google.com\/analytics\/devguides\/collection\/analyticsjs\/cookie-usage\">https:\/\/developers.google.com\/analytics\/devguides\/collection\/analyticsjs\/cookie-usage<\/a><\/p>\n<p>&nbsp;<\/p>\n<table style=\"height: 447px;\" width=\"751\">\n<thead>\n<tr>\n<td>Cookie<\/td>\n<td>Descripci\u00f3<\/td>\n<td>Duraci\u00f3<\/td>\n<td>Tipus<\/td>\n<\/tr>\n<\/thead>\n<tbody>\n<tr>\n<td>VISITOR_INFO1_LIVE<\/td>\n<td>Youtube utilitza aquesta cookie per a rastrejar la informaci\u00f3 dels v\u00eddeos de YouTube incrustats en un lloc web.<\/td>\n<td>6 mesos<\/td>\n<td>Publicit\u00e0ria<\/td>\n<\/tr>\n<tr>\n<td>YSC<\/td>\n<td>Youtube utilitza aquesta cookie per a rastrejar les vistes de v\u00eddeos incrustats.<\/td>\n<td>6 mesos<\/td>\n<td>Rendiment<\/td>\n<\/tr>\n<tr>\n<td>GPS<\/td>\n<td>Youtube utilitza aquesta cookie per al registre d&#8217;una identificaci\u00f3 \u00fanica per a rastrejar als usuaris segons la seva ubicaci\u00f3 geogr\u00e0fica.<\/td>\n<td>1 any<\/td>\n<td>Anal\u00edtica<\/td>\n<\/tr>\n<tr>\n<td>test_cookie<\/td>\n<td>Aquesta cookie \u00e9s instal\u00b7lada per Google DoubleClick. El prop\u00f2sit de la cookie \u00e9s determinar si el navegador dels usuaris admet cookies.<\/td>\n<td>1 any<\/td>\n<td>Publicit\u00e0ria<\/td>\n<\/tr>\n<tr>\n<td>IDE<\/td>\n<td>Utilitzat per Google DoubleClick i emmagatzema informaci\u00f3 sobre com l&#8217;usuari utilitza el lloc web i qualsevol anunci abans de visitar el lloc web amb la finalitat de presentar anuncis que s\u00f3n rellevants per als usuaris d&#8217;acord amb el seu perfil.<\/td>\n<td>1 any<\/td>\n<td>Publicit\u00e0ria<\/td>\n<\/tr>\n<\/tbody>\n<\/table>\n<p>Informem que per a sol\u00b7licitar la cancel\u00b7laci\u00f3 dels possibles tractaments de dades dutes a terme per Google, haur\u00e0 de dirigir-se a aquesta companyia. Aquest espai web no t\u00e9 la capacitat t\u00e8cnica ni legal, per a procedir al cessament en el tractament de dades fora de l&#8217;\u00e0mbit delimitat pels fitxers i mitjans t\u00e8cnics de la seva titularitat, quedant exempta de qualsevol responsabilitat derivada de l&#8217;\u00fas de cookies de tercers.<\/p>\n<p>En altres llocs de\u00a0SITEP, s&#8217;instal\u00b7len cookies de tercers a tots els seus visitants, malgrat no ser usuaris registrats en les corresponents plataformes:<\/p>\n<p>SITEP, en Facebook: els plugins que s&#8217;instal\u00b7lin des d&#8217;aquesta plataforma poden recon\u00e8ixer la seva adre\u00e7a IP i la p\u00e0gina visitada en SITEP, i possiblement, emmagatzemar cookies, perqu\u00e8 els serveis oferts per SITEP, funcionin correctament. Aquests plugins i eines d&#8217;altres xarxes socials s&#8217;emmagatzemen per tercers. Per tant, les interaccions de l&#8217;usuari amb aquests plugins estan subjectes a les seves pol\u00edtiques de privacitat. SITEP, no es fa responsable de l&#8217;\u00fas de les dades de car\u00e0cter personal que aquests tercers realitzin. Per a m\u00e9s informaci\u00f3 sobre el funcionament d&#8217;aquests plugins: <a href=\"http:\/\/developers.facebook.com\/docs\/plugins\/\">http:\/\/developers.facebook.com\/docs\/plugins\/<\/a><\/p>\n<p>&nbsp;<\/p>\n<p><strong>Configurar o deshabilitar cookies.<\/strong><\/p>\n<p>Pot renovar les credencials o modificar la configuraci\u00f3 de les cookies acceptades en la sessi\u00f3 actual en el seg\u00fcent enlla\u00e7 [wt_cli_manage_consent].<\/p>\n<p>La configuraci\u00f3 de les cookies en els navegadors es realitza en les opcions de privacitat de cadascun d&#8217;ells. Per a aix\u00f2 pot seguir les instruccions que especifica cada navegador: Chrome, Firefox, Explorer, Safari.\u00a0SITEP, no es responsabilitza que la desactivaci\u00f3 de les cookies per part de l&#8217;usuari, impedeixi el bon funcionament del lloc web.<\/p>\n<p>En cas que l&#8217;usuari vulgui restringir o bloquejar les cookies, podr\u00e0 fer-lo mitjan\u00e7ant l&#8217;acc\u00e9s a la configuraci\u00f3 del navegador que utilitzi, modificant-les des del propi equip. Els diferents navegadors faciliten les seg\u00fcents opcions de configuraci\u00f3 respecte a les cookies:<\/p>\n<p>\u2013 Internet Explorer:\u00a0<a href=\"http:\/\/windows.microsoft.com\/is-IS\/windows7\/How-to-manage-cookies-in-Internet-Explorer-9\">http:\/\/windows.microsoft.com\/is-IS\/windows7\/How-to-manage-cookies-in-Internet-Explorer-9<\/a><\/p>\n<p>\u2013 Firefox:\u00a0<a href=\"http:\/\/support.mozilla.org\/en-US\/kb\/Cookies\">http:\/\/support.mozilla.org\/en-US\/kb\/Cookies<\/a><\/p>\n<p>\u2013 Chrome:\u00a0<a href=\"http:\/\/support.google.com\/chrome\/bin\/answer.py?hl=en&amp;answer=95647\">http:\/\/support.google.com\/chrome\/bin\/answer.py?hl=en&amp;answer=95647<\/a><\/p>\n<p>\u2013 Safari:\u00a0<a href=\"http:\/\/support.apple.com\/kb\/PH5042\">http:\/\/support.apple.com\/kb\/PH5042<\/a><\/p>\n<p>\u2013 iOS \u2013\u00a0<a href=\"http:\/\/support.apple.com\/kb\/HT1677\">http:\/\/support.apple.com\/kb\/HT1677<\/a><\/p>\n<p>Aix\u00ed mateix, l&#8217;usuari ha de con\u00e8ixer que la deshabilitaci\u00f3 o restricci\u00f3 de l&#8217;\u00fas de cookies pot afectar la navegaci\u00f3 i acc\u00e9s als diferents continguts de l&#8217;espai web, aix\u00ed com l&#8217;habilitaci\u00f3 d&#8217;algunes funcionalitats.<\/p>\n<\/div>\n<p>[\/vc_column_text][vc_column_text]<\/p>\n<div style=\"text-align: justify;\">\n<p><strong>POL\u00cdTICA DE PRIVACITAT<\/strong><\/p>\n<p>En la present pol\u00edtica de privacitat informem que, en compliment de la normativa aplicable en mat\u00e8ria de Protecci\u00f3 de dades de car\u00e0cter personal, les dades sol\u00b7licitades als formularis i\/o espais en qu\u00e8 es requereixi la seva identificaci\u00f3 dins la present p\u00e0gina web passaran a formar part dels fitxers propietat de Sistemas de Informaci\u00f3n Territorial y Posicionamiento, amb domicili al Carrer Pere IV 78 4\u00ba 1\u00aa 08005 Barcelona i amb NIF B61711776.<\/p>\n<p><strong>Finalitat del tractament<\/strong><\/p>\n<p>Les seves dades seran tractades \u00fanicament amb la finalitat d\u2019atendre la seva consulta, prestar-li els serveis sol\u00b7licitats i facilitar-li informaci\u00f3 sobre la nostra entitat.<\/p>\n<p>Al mateix temps, les dades de contacte podran ser utilitzades per remetre novetats i actuacions de dinamisme del portal, remitent \u00fanicament per correu electr\u00f2nic la informaci\u00f3 relacionada. \u00a0Per aquest motiu, en el corresponent formulari haur\u00e0 de donar el seu consentiment expr\u00e9s a la remissi\u00f3 de la dita informaci\u00f3. En qualsevol cas, si l\u2019usuari vol revocar el seu consentiment, haur\u00e0 de comunicar-ho per escrit a <a href=\"mailto:protecciondatos@sitep.com\">protecciondatos@sitep.com<\/a>.<\/p>\n<p>Les dades obligat\u00f2ries dels formularis seran identificades com a tals. En cas de mancan\u00e7a o incorrecci\u00f3 d\u2019aquestes, SITEP no podr\u00e0 identificar-lo correctament i, en conseq\u00fc\u00e8ncia, es procedir\u00e0 a la supressi\u00f3 del registre en el seu cas.<\/p>\n<p><strong>Treballa amb nosaltres<\/strong><\/p>\n<p>A <a href=\"https:\/\/sitep.com\">www.sitep.com<\/a> posem a disposici\u00f3 de l\u2019usuari un formulari on els interessats en treballar amb nosaltres podran remetre les seves dades curriculars. La recollida i tractament de les dades personals t\u00e9 com a finalitat atendre la sol\u00b7licitud d\u2019informaci\u00f3 del lloc de treball o de la col\u00b7laboraci\u00f3 professional.<\/p>\n<p><strong>Legitimaci\u00f3 i exercici de drets<\/strong><\/p>\n<p>L\u2019usuari d\u00f3na el consentiment del tractament de les seves dades per les finalitats anteriorment descrites, i podr\u00e0 exercir els seus drets d\u2019acc\u00e9s, rectificaci\u00f3, cancel\u00b7laci\u00f3 i oposici\u00f3, aix\u00ed com la resta de drets recollits a la normativa europea, mitjan\u00e7ant correu electr\u00f2nic a la direcci\u00f3 <a href=\"mailto:protecciondatos@sitep.com\">protecciondatos@sitep.com<\/a>. Haur\u00e0 d\u2019identificar-se com a usuari de l\u2019espai web, especificant l\u2019exercici dels seus drets en una sol\u00b7licitud, o b\u00e9 exercir els seus drets mitjan\u00e7ant una comunicaci\u00f3 per correu ordinari a la direcci\u00f3 Carrer Pere IV 78 4\u00ba 1\u00aa 08005 Barcelona.<\/p>\n<p><strong>Tutela de drets davant l\u2019autoritat de control<\/strong><\/p>\n<p>En qualsevol cas de vulneraci\u00f3 del dret a la protecci\u00f3 de dades personals, l\u2019usuari pot dirigir-se a l\u2019Agencia Espanyola de Protecci\u00f3 de Dades (<a href=\"http:\/\/www.agpd.es\">www.agpd.es<\/a>) per iniciar els tr\u00e0mits oportuns de reclamaci\u00f3 i\/o defensa dels seus drets.<\/p>\n<p><strong>Conservaci\u00f3 de les dades<\/strong><\/p>\n<p>Les seves dades es conservaran durant el temps necessari per atendre la finalitat per la qual hauran estat recollides i segons les obligacions legals derivades de la mateixa i, en qualsevol cas, un cop finalitzada la relaci\u00f3 de negoci, per un m\u00e0xim de 5 anys.<\/p>\n<p><strong>Responsabilitats de l\u2019usuari<\/strong><\/p>\n<p>L\u2019usuari garanteix ser major d\u2019edat, disposant de la capacitat suficient i del coneixement necessari per utilitzar l\u2019espai web de SITEP i el seu contingut, garantint que la informaci\u00f3 que facilita als formularis on SITEP sol\u00b7licita les seves dades personals \u00e9s vera\u00e7, adquirint la responsabilitat d\u2019informar a SITEP de qualsevol canvi i\/o modificaci\u00f3 de les mateixes pel seu tractament adequat.<\/p>\n<p><strong>Mesures de Seguretat<\/strong><\/p>\n<p>SITEP ha implementat les mesures de seguretat necess\u00e0ries per garantir l\u2019\u00fas i el tractament efica\u00e7 de les dades de car\u00e0cter personal facilitades per l\u2019usuari, salvaguardant la intimitat, privacitat, confidencialitat i integritat d\u2019aquestes, complint els requisits previstos al Real Decret 1720\/2007, del 21 de desembre, de desenvolupament de la Llei Org\u00e0nica 15\/1999, del 13 de desembre de Protecci\u00f3 de Dades de Car\u00e0cter Personal i fent \u00fas dels mitjans t\u00e8cnics necessaris per evitar l\u2019alteraci\u00f3, p\u00e8rdua, acc\u00e9s no autoritzat o tractament de les seves dades, segons l\u2019estat de la tecnologia i l\u2019abast de control de SITEP.<\/p>\n<p>SITEP podr\u00e0 modificar el contingut de la seva Pol\u00edtica de Privacitat en qualsevol moment segons les modificacions legislatives, jurisprudencials o d\u2019interpretaci\u00f3 de l\u2019Ag\u00e8ncia Espanyola de Protecci\u00f3 de Dades.<\/p>\n<p>&nbsp;<\/p>\n<\/div>\n<p>[\/vc_column_text][\/vc_column][\/vc_row]<\/p>\n","protected":false},"excerpt":{"rendered":"<p>[vc_row][vc_column][vc_column_text]POL\u00cdTICA DE COOKIES Qu\u00e8 \u00e9s una\u00a0cookie? Una\u00a0cookie\u00a0\u00e9s una petita informaci\u00f3 enviada per un lloc web i emmagatzemat en el navegador de l&#8217;usuari, permetent consultar l&#8217;activitat pr\u00e8via de l&#8217;usuari. L&#8217;objectiu principal \u00e9s controlar els usuaris que accedeixen al portal aix\u00ed com identificar quins han estat les seves prefer\u00e8ncies de navegaci\u00f3, permetent el seu emmagatzematge per a [&hellip;]<\/p>\n","protected":false},"author":1,"featured_media":0,"parent":0,"menu_order":8,"comment_status":"closed","ping_status":"closed","template":"","meta":{"footnotes":""},"class_list":["post-49","page","type-page","status-publish","hentry"],"_links":{"self":[{"href":"https:\/\/sitep.com\/ca\/wp-json\/wp\/v2\/pages\/49","targetHints":{"allow":["GET"]}}],"collection":[{"href":"https:\/\/sitep.com\/ca\/wp-json\/wp\/v2\/pages"}],"about":[{"href":"https:\/\/sitep.com\/ca\/wp-json\/wp\/v2\/types\/page"}],"author":[{"embeddable":true,"href":"https:\/\/sitep.com\/ca\/wp-json\/wp\/v2\/users\/1"}],"replies":[{"embeddable":true,"href":"https:\/\/sitep.com\/ca\/wp-json\/wp\/v2\/comments?post=49"}],"version-history":[{"count":31,"href":"https:\/\/sitep.com\/ca\/wp-json\/wp\/v2\/pages\/49\/revisions"}],"predecessor-version":[{"id":13437,"href":"https:\/\/sitep.com\/ca\/wp-json\/wp\/v2\/pages\/49\/revisions\/13437"}],"wp:attachment":[{"href":"https:\/\/sitep.com\/ca\/wp-json\/wp\/v2\/media?parent=49"}],"curies":[{"name":"wp","href":"https:\/\/api.w.org\/{rel}","templated":true}]}}