{"id":47,"date":"2016-04-05T16:04:30","date_gmt":"2016-04-05T16:04:30","guid":{"rendered":"http:\/\/localhost\/wordpress\/?page_id=47"},"modified":"2020-05-05T13:04:46","modified_gmt":"2020-05-05T11:04:46","slug":"avis-legal","status":"publish","type":"page","link":"https:\/\/sitep.com\/ca\/avis-legal\/","title":{"rendered":"Av\u00eds legal"},"content":{"rendered":"<div style=\"text-align: justify;\">\n<p><strong>AV\u00cdS LEGAL<\/strong><\/p>\n<p>&nbsp;<\/p>\n<p><a href=\"https:\/\/sitep.com\">www.sitep.com<\/a> \u00e9s un espai web amb domini registrat i propietat de SITEP, domiciliada a C. Pere IV 78 4\u00ba 1\u00aa 08005 Barcelona, inscrita en el Registre Mercantil de Barcelona, Tom 30848, Foli 205, Full 178578, Inscripci\u00f3 1a i amb NIF B61711776.<\/p>\n<p>La finalitat de <a href=\"https:\/\/sitep.com\">www.sitep.com<\/a> \u00e9s la d\u2019informar sobre els productes i serveis de SITEP i donar a con\u00e8ixer l\u2019activitat de l\u2019empresa.<\/p>\n<p>L\u2019acc\u00e9s a <a href=\"https:\/\/sitep.com\">www.sitep.com<\/a> \u00e9s gratu\u00eft, sense estar prevista la prestaci\u00f3 de serveis comercials i\/o de contractaci\u00f3 electr\u00f2nica.\u00a0 Donat el cas, es procedir\u00e0 a l\u2019emissi\u00f3 de les condicions generals oportunes i a la modificaci\u00f3 del present Av\u00eds Legal. L\u2019usuari no utilitzar\u00e0 la informaci\u00f3 i el contingut de SITEP per a la realitzaci\u00f3 d\u2019activitats contr\u00e0ries a la llei, la moral i l\u2019ordre p\u00fablic, respectant les condicions d\u2019\u00fas establertes per SITEP.<\/p>\n<p>La navegaci\u00f3, acc\u00e9s i \u00fas d\u2019aquest espai web suposa l\u2019acceptaci\u00f3 de l\u2019Av\u00eds Legal per part de l\u2019usuari.<\/p>\n<p><strong>Responsabilitat<\/strong><\/p>\n<p>SITEP no podr\u00e0 ser considerada responsable dels possibles danys o perjudicis que es derivin del mal funcionament de les xarxes telem\u00e0tiques que faciliten l\u2019acc\u00e9s a <a href=\"https:\/\/sitep.com\">www.sitep.com<\/a>, aix\u00ed com tampoc de les possibles interrupcions d\u2019acc\u00e9s, virus, connexions i sistemes operatius d\u2019acc\u00e9s a la xarxa d\u2019Internet. Aix\u00ed mateix, SITEP tampoc podr\u00e0 ser considerada responsable dels possibles danys derivats d\u2019actuacions il\u00b7l\u00edcites i il\u00b7leg\u00edtimes de tercers aliens a SITEP en la transmissi\u00f3 de dades a trav\u00e9s de les xarxes telem\u00e0tiques.<\/p>\n<p><strong>Contingut Web i Enlla\u00e7os a tercers<\/strong><\/p>\n<p>La informaci\u00f3 continguda a la web pot estar desactualitzada. SITEP no ser\u00e0 responsable dels possibles danys derivats de l\u2019\u00fas extern i\/o per tercers de la informaci\u00f3 facilitada.<\/p>\n<p>SITEP es reserva el dret a poder suspendre temporalment l\u2019accessibilitat a la web quan ho consideri necessari, sense necessitat de previ av\u00eds, i poder realitzar les actuacions de manteniment i actualitzaci\u00f3 necess\u00e0ries.<\/p>\n<p><a href=\"https:\/\/sitep.com\">www.sitep.com<\/a> pot contenir enlla\u00e7os a p\u00e0gines web de tercers externes, contingut del qual no \u00e9s atribu\u00efble ni exigible a SITEP, sent responsable cada titular dels espais webs vinculats. \u00a0L\u2019establiment de qualsevol hiperenlla\u00e7 des d\u2019una p\u00e0gina web a <a href=\"https:\/\/sitep.com\">www.sitep.com<\/a> haur\u00e0 de realitzar-se sempre a la p\u00e0gina principal, estant prohibida la reproducci\u00f3 total i\/o parcial dels serveis continguts a SITEP sense autoritzaci\u00f3 pr\u00e8via.<\/p>\n<p><strong>Cl\u00e0usules particulars per les Xarxes Socials<\/strong><\/p>\n<p><u>Twitter<\/u><\/p>\n<p>SITEP, en compliment de les condicions d\u2019\u00fas i la pol\u00edtica de privacitat de Twitter, pot accedir a les dades personals dels seus seguidors, publicar not\u00edcies i informaci\u00f3 que apareixer\u00e0 al Timeline d\u2019aquests, retuitejar tweets dels seus seguidors aix\u00ed com enviar missatges. SITEP en cap cas utilitzar\u00e0 les dades dels usuaris per altres finalitats que les descrites anteriorment. En tot moment, els usuaris podran deixar de seguir a SITEP al Twitter.<\/p>\n<p><u>Linkedin<\/u><\/p>\n<p>SITEP, en compliment de les condicions d\u2019\u00fas i la pol\u00edtica de privacitat de Linkedin, pot accedir a les dades personals dels seus seguidors, publicar not\u00edcies i informaci\u00f3 que apareixer\u00e0 al mur d\u2019aquests, participar en debats, aix\u00ed com enviar missatges. SITEP en cap cas utilitzar\u00e0 les dades dels usuaris per altres finalitats que les descrites anteriorment. En tot moment, els usuaris podran deixar de seguir el Linkedin de SITEP.<\/p>\n<p><u>Youtube<\/u><\/p>\n<p>SITEP, en compliment de les condicions d\u2019\u00fas i la pol\u00edtica de privacitat de Youtube, pot accedir a les dades personals dels seus seguidors i publicar not\u00edcies que apareixeran a la p\u00e0gina principal d\u2019aquests. SITEP en cap cas utilitzar\u00e0 les dades dels usuaris per altres finalitats que les descrites anteriorment. En tot moment, els usuaris podran deixar de seguir el canal de Youtube de SITEP.<\/p>\n<p>La informaci\u00f3 facilitada per SITEP en els seus perfils de les xarxes socials t\u00e9 una finalitat informativa. SITEP no es fa responsable dels errors continguts ni dels danys o perjudicis derivats del seu \u00fas.<\/p>\n<p>L\u2019usuari pots exercir els seus drets d\u2019acc\u00e9s, rectificaci\u00f3, cancel\u00b7laci\u00f3 i oposici\u00f3 en qualsevol moment, per escrit i dirigint-se a SITEP a la direcci\u00f3 C. Pere IV 78 4\u00ba 1\u00aa 08005 Barcelona, o per correu electr\u00f2nic a <a href=\"mailto:protecciondatos@sitep.com\">protecciondatos@sitep.com<\/a><\/p>\n<p>En relaci\u00f3 a la modificaci\u00f3 de les seves dades informem que en utilitzar una plataforma aliena a SITEP, l\u2019usuari pot realitzar la modificaci\u00f3 de les seves dades a trav\u00e9s de la configuraci\u00f3 del seu perfil de cada xarxa social. SITEP nom\u00e9s pot consultar o donar de baixa les dades dels usuaris en qualitat de seguidors.<\/p>\n<p><strong>Modificaci\u00f3 de les condicions d\u2019\u00fas<\/strong><\/p>\n<p>El contingut del present Av\u00eds Legal t\u00e9 una durada indefinida i podr\u00e0 ser modificat en qualsevol moment, atenent sempre a la normativa vigent i als canvis que puguin sorgir a SITEP.<\/p>\n<p><strong>Legislaci\u00f3 i jurisdicci\u00f3 aplicable<\/strong><\/p>\n<p>El contingut del present Av\u00eds Legal i qualsevol pol\u00edtica de privacitat, cookies o normes sectorials d\u2019aplicaci\u00f3 es regeixen per les lleis espanyoles vigents. En cas de disputa o controv\u00e8rsia, les parts es sotmetran a la jurisdicci\u00f3 dels Jutjats i Tribunals competents. En cas que les parts considerin prec\u00eds rec\u00f3rrer a sistemes alternatius de resoluci\u00f3 de controv\u00e8rsia, com l\u2019arbitratge o la mediaci\u00f3, hauran de proposar-ho i acceptar-ho expressament i per escrit en el moment en qu\u00e8 sorgeixi la controv\u00e8rsia, i sempre d\u2019acord al previst a la normativa d\u2019aplicaci\u00f3.<\/p>\n<p>&#8212;&#8212;&#8212;&#8212;&#8212;&#8212;&#8212;&#8212;&#8212;&#8212;&#8212;&#8212;&#8212;&#8212;&#8212;&#8212;&#8212;&#8212;&#8212;&#8212;&#8212;&#8212;&#8212;&#8212;&#8212;&#8212;&#8212;&#8212;&#8212;&#8212;&#8212;&#8212;&#8212;&#8212;&#8212;&#8212;&#8212;&#8212;&#8212;&#8212;&#8212;&#8212;&#8212;&#8212;&#8212;&#8212;&#8212;&#8212;&#8212;-<\/p>\n<p><strong>AV\u00cdS LEGAL I CONFIDENCIALITAT DEL CORREU ELECTR\u00d2NIC<\/strong><\/p>\n<p>El contingut dels correus electr\u00f2nics de SITEP i els seus annexos s\u00f3n estrictament confidencials. En cas de no ser vost\u00e8 el destinatari i haver rebut un missatge per error, agrair\u00edem que ho comuniqu\u00e9s immediatament al remitent, sense difondre, emmagatzemar o copiar el seu contingut.<\/p>\n<p>Les dades personals que consten als correus electr\u00f2nics s\u00f3n incorporades a un fitxer propietat de SITEP amb la finalitat de donar resposta a les consultes, gestionar la relaci\u00f3 de negoci que ens uneix i informar-lo dels nostres productes i serveis. Les seves dades es mantindran durant el temps necessari per atendre la finalitat descrita i les obligacions legals derivades d\u2019aquesta i, en qualsevol cas, un cop finalitzada, per un m\u00e0xim de 5 anys.<\/p>\n<p>Aix\u00ed mateix, informem que les seves dades podran ser allotjades a servidors de prove\u00efdors ubicats fora de l\u2019Espai Econ\u00f2mic Europeu, en particular, Microsoft, ubicat als EUA. Des de SITEP ens assegurem que els nostres prove\u00efdors ofereixen les m\u00e0ximes garanties de seguretat i privacitat, sent les seves dades tractades per tercers certificats amb l\u2019Escut de Privacitat EU-EUA.<\/p>\n<p>Si desitja exercir els drets d\u2019acc\u00e9s, rectificaci\u00f3, supressi\u00f3 i oposici\u00f3, portabilitat i la limitaci\u00f3 del tractament, pot dirigir-se per escrit, enviant una carta juntament amb una fotoc\u00f2pia del seu DNI i la descripci\u00f3 del dret que desitja exercir, a la seg\u00fcent direcci\u00f3: Sistemas de Informaci\u00f3n Territorial y Posicionamiento, S.L., REF: Protecci\u00f3 de Dades, C. Pere IV 78 4\u00ba 1\u00aa 08005 Barcelona, o b\u00e9 per correu electr\u00f2nic a: <a href=\"mailto:protecciondatos@sitep.com\">protecciondatos@sitep.com<\/a>. En qualsevol cas, pot dirigir-se a l\u2019Ag\u00e8ncia Espanyola de Protecci\u00f3 de Dades <a href=\"http:\/\/www.agpd.es\">www.agpd.es<\/a> per iniciar els tr\u00e0mits corresponents en defensa dels seus drets.<\/p>\n<p>Si no desitja rebre m\u00e9s informaci\u00f3 sobre els serveis que oferim, pot enviar un missatge a <a href=\"mailto:protecciondatos@sitep.com\">protecciondatos@sitep.com<\/a>.<\/p>\n<\/div>\n","protected":false},"excerpt":{"rendered":"<p>AV\u00cdS LEGAL &nbsp; www.sitep.com \u00e9s un espai web amb domini registrat i propietat de SITEP, domiciliada a C. Pere IV 78 4\u00ba 1\u00aa 08005 Barcelona, inscrita en el Registre Mercantil de Barcelona, Tom 30848, Foli 205, Full 178578, Inscripci\u00f3 1a i amb NIF B61711776. La finalitat de www.sitep.com \u00e9s la d\u2019informar sobre els productes i [&hellip;]<\/p>\n","protected":false},"author":1,"featured_media":0,"parent":0,"menu_order":7,"comment_status":"closed","ping_status":"closed","template":"page.php","meta":{"footnotes":""},"class_list":["post-47","page","type-page","status-publish","hentry"],"_links":{"self":[{"href":"https:\/\/sitep.com\/ca\/wp-json\/wp\/v2\/pages\/47","targetHints":{"allow":["GET"]}}],"collection":[{"href":"https:\/\/sitep.com\/ca\/wp-json\/wp\/v2\/pages"}],"about":[{"href":"https:\/\/sitep.com\/ca\/wp-json\/wp\/v2\/types\/page"}],"author":[{"embeddable":true,"href":"https:\/\/sitep.com\/ca\/wp-json\/wp\/v2\/users\/1"}],"replies":[{"embeddable":true,"href":"https:\/\/sitep.com\/ca\/wp-json\/wp\/v2\/comments?post=47"}],"version-history":[{"count":20,"href":"https:\/\/sitep.com\/ca\/wp-json\/wp\/v2\/pages\/47\/revisions"}],"predecessor-version":[{"id":13302,"href":"https:\/\/sitep.com\/ca\/wp-json\/wp\/v2\/pages\/47\/revisions\/13302"}],"wp:attachment":[{"href":"https:\/\/sitep.com\/ca\/wp-json\/wp\/v2\/media?parent=47"}],"curies":[{"name":"wp","href":"https:\/\/api.w.org\/{rel}","templated":true}]}}