{"id":17,"date":"2016-04-05T11:13:14","date_gmt":"2016-04-05T11:13:14","guid":{"rendered":"http:\/\/localhost\/wordpress\/?page_id=17"},"modified":"2021-09-07T11:39:47","modified_gmt":"2021-09-07T09:39:47","slug":"contacte","status":"publish","type":"page","link":"https:\/\/sitep.com\/ca\/contacte\/","title":{"rendered":"Contacte"},"content":{"rendered":"<p>[vc_row css=\u00bb.vc_custom_1631007534423{margin-top: -40px !important;margin-bottom: 0px !important;background-image: url(https:\/\/sitep.com\/ca\/wp-content\/uploads\/2021\/09\/sistemas-de-informacion-geografica-SITEP-GIS-solutions-4.jpg?id=13467) !important;}\u00bb][vc_column width=\u00bb2\/3&#8243; css=\u00bb.vc_custom_1460041281CARL{margin: 10px !important;}\u00bb][vc_empty_space][vc_row_inner][vc_column_inner css=\u00bb.vc_custom_1497874126381{background-color: #222222 !important; opacity:0.8 !important;}\u00bb][cs_custom_heading text=\u00bbAmpliar informaci\u00f3\u00bb font_container=\u00bbtag:h3|text_align:left|color:%23ffffff\u00bb style=\u00bbtitle-bottom-line\u00bb title_bottom_line_width=\u00bb25px\u00bb title_bottom_line_height=\u00bb2px\u00bb title_bottom_line_color=\u00bb#ffffff\u00bb title_bottom_line_margin_bottom=\u00bb15px\u00bb][vc_column_text]<span style=\"color: #ffffff;\">Si desitja m\u00e9s informaci\u00f3 sobre els nostres serveis o productes, no dubti a posar-se en contacte amb nosaltres. Empleni el seg\u00fcent formulari i li respondrem en breu.<\/span>[\/vc_column_text][vc_empty_space][\/vc_column_inner][\/vc_row_inner][vc_empty_space][\/vc_column][vc_column width=\u00bb1\/3&#8243;][\/vc_column][\/vc_row][vc_row css=\u00bb.vc_custom_1501238144715{background-color: #ffffff !important;}\u00bb][vc_column width=\u00bb2\/3&#8243; css=\u00bb.vc_custom_1460041281CARL{margin: 10px !important;}\u00bb][vc_row_inner][vc_column_inner css=\u00bb.vc_custom_1463644187188{background-color: #ffffff !important;}\u00bb]<div role=\"form\" class=\"wpcf7\" id=\"wpcf7-f8842-o1\" lang=\"en-US\" dir=\"ltr\">\n<div class=\"screen-reader-response\"><\/div>\n<form action=\"\/ca\/wp-json\/wp\/v2\/pages\/17#wpcf7-f8842-o1\" method=\"post\" class=\"wpcf7-form\" novalidate=\"novalidate\">\n<div style=\"display: none;\">\n<input type=\"hidden\" name=\"_wpcf7\" value=\"8842\" \/>\n<input type=\"hidden\" name=\"_wpcf7_version\" value=\"5.1.3\" \/>\n<input type=\"hidden\" name=\"_wpcf7_locale\" value=\"en_US\" \/>\n<input type=\"hidden\" name=\"_wpcf7_unit_tag\" value=\"wpcf7-f8842-o1\" \/>\n<input type=\"hidden\" name=\"_wpcf7_container_post\" value=\"0\" \/>\n<\/div>\n<div class=\"row\">\n<div>\n        <i>En compliment de la normativa estatal i europea vigent en mat\u00e8ria de privacitat i protecci\u00f3 de dades de car\u00e0cter personal, informem que les dades proporcionades a trav\u00e9s del formulari web passaran a formar part dels fitxers de SITEP, amb la finalitat de gestionar la consulta realitzada i informar de l\u2019estat d\u2019aquesta. El per\u00edode de conservaci\u00f3 de les seves dades ser\u00e0 el necessari per al manteniment de la relaci\u00f3 i, en qualsevol cas, en un m\u00e0xim de 5 anys. Amb la introducci\u00f3 i enviament de les seves dades, vost\u00e8 d\u00f3na el consentiment per al tractament de les seves dades segons la finalitat indicada. <br\/><br \/>\nSi desitja exercir els drets d\u2019acc\u00e9s, rectificaci\u00f3, supressi\u00f3 i oposici\u00f3, aix\u00ed com el dret de portabilitat i a la limitaci\u00f3 del tractament, recollits a la normativa europea, pot dirigir-se per escrit enviant una carta juntament amb una fotoc\u00f2pia del seu DNI o equivalent i la descripci\u00f3 del dret que desitja exercir, a la direcci\u00f3 SISTEMAS DE INFORMACI\u00d3N TERRITORIAL Y POSICIONAMIENTO, S.L., C. Pere IV 78 4\u00ba 1\u00aa 08005 Barcelona o per correu electr\u00f2nic a protecciondatos@sitep.com. En qualsevol cas, pot dirigir-se a l\u2019Ag\u00e8ncia Espanyola de Protecci\u00f3 de dades per iniciar els tr\u00e0mits corresponents en defensa dels seus drets. <\/i>\n<\/div>\n<p>&nbsp;\n<\/p><\/div>\n<div class=\"row\">\n<div class=\"col-xs-12 col-sm-12 col-md-4 col-lg-4\">\n                <label>Nom *<\/label>\n\t<\/div>\n<div class=\"col-xs-12 col-sm-12 col-md-8 col-lg-8\">\n\t\t<span class=\"wpcf7-form-control-wrap name\"><input type=\"text\" name=\"name\" value=\"\" size=\"40\" class=\"wpcf7-form-control wpcf7-text wpcf7-validates-as-required\" aria-required=\"true\" aria-invalid=\"false\" \/><\/span>\n\t<\/div>\n<\/div>\n<div class=\"row\">\n<div class=\"col-xs-12 col-sm-12 col-md-4 col-lg-4\">\n                <label>Email *<\/label>\n\t<\/div>\n<div class=\"col-xs-12 col-sm-12 col-md-8 col-lg-8\">\n\t\t<span class=\"wpcf7-form-control-wrap email\"><input type=\"email\" name=\"email\" value=\"\" size=\"40\" class=\"wpcf7-form-control wpcf7-text wpcf7-email wpcf7-validates-as-required wpcf7-validates-as-email\" aria-required=\"true\" aria-invalid=\"false\" \/><\/span>\n\t<\/div>\n<\/div>\n<div class=\"row\">\n<div class=\"col-xs-12 col-sm-12 col-md-4 col-lg-4\">\n                <label>Assumpte*<\/label>\n\t<\/div>\n<div class=\"col-xs-12 col-sm-12 col-md-8 col-lg-8\">\n\t\t<span class=\"wpcf7-form-control-wrap subject\"><input type=\"text\" name=\"subject\" value=\"\" size=\"40\" class=\"wpcf7-form-control wpcf7-text wpcf7-validates-as-required\" aria-required=\"true\" aria-invalid=\"false\" \/><\/span>\n\t<\/div>\n<\/div>\n<div class=\"row\">\n<div class=\"col-xs-12 col-sm-12 col-md-4 col-lg-4\">\n                <label>Missatge*<\/label>\n\t<\/div>\n<div class=\"col-xs-12 col-sm-12 col-md-8 col-lg-8\">\n\t\t<span class=\"wpcf7-form-control-wrap message\"><textarea name=\"message\" cols=\"40\" rows=\"10\" class=\"wpcf7-form-control wpcf7-textarea wpcf7-validates-as-required\" aria-required=\"true\" aria-invalid=\"false\"><\/textarea><\/span>\n\t<\/div>\n<\/div>\n<div class=\"row\">\n<div class=\"col-xs-12 col-sm-12 col-md-4 col-lg-4\">\n\t<\/div>\n<div class=\"col-xs-12 col-sm-12 col-md-8 col-lg-8\">\n<div class=\"g-recaptcha\" data-sitekey=\"6LdvQiETAAAAAJM-kHqmTNaIoYtm56CrsnQ0XSye\"><\/div><\/div>\n<\/div>\n<div class=\"row\">\n<div class=\"col-xs-12 col-sm-12 col-md-4 col-lg-4\">\n\t<\/div>\n<div class=\"col-xs-12 col-sm-12 col-md-8 col-lg-8\">\n\t\t<input type=\"submit\" value=\"Enviar\" class=\"wpcf7-form-control wpcf7-submit btn btn-primary\" \/><br \/>\n<br\/><br\/>\n\t<\/div>\n<\/div>\n<div class=\"wpcf7-response-output wpcf7-display-none\"><\/div><\/form><\/div>[\/vc_column_inner][\/vc_row_inner][vc_empty_space][\/vc_column][vc_column width=\u00bb1\/3&#8243;][\/vc_column][\/vc_row]<\/p>\n","protected":false},"excerpt":{"rendered":"<p>[vc_row css=\u00bb.vc_custom_1631007534423{margin-top: -40px !important;margin-bottom: 0px !important;background-image: url(https:\/\/sitep.com\/ca\/wp-content\/uploads\/2021\/09\/sistemas-de-informacion-geografica-SITEP-GIS-solutions-4.jpg?id=13467) !important;}\u00bb][vc_column width=\u00bb2\/3&#8243; css=\u00bb.vc_custom_1460041281CARL{margin: 10px !important;}\u00bb][vc_empty_space][vc_row_inner][vc_column_inner css=\u00bb.vc_custom_1497874126381{background-color: #222222 !important; opacity:0.8 !important;}\u00bb][cs_custom_heading text=\u00bbAmpliar informaci\u00f3\u00bb font_container=\u00bbtag:h3|text_align:left|color:%23ffffff\u00bb style=\u00bbtitle-bottom-line\u00bb title_bottom_line_width=\u00bb25px\u00bb title_bottom_line_height=\u00bb2px\u00bb title_bottom_line_color=\u00bb#ffffff\u00bb title_bottom_line_margin_bottom=\u00bb15px\u00bb][vc_column_text]Si desitja m\u00e9s informaci\u00f3 sobre els nostres serveis o productes, no dubti a posar-se en contacte amb nosaltres. Empleni el seg\u00fcent formulari i li respondrem en breu.[\/vc_column_text][vc_empty_space][\/vc_column_inner][\/vc_row_inner][vc_empty_space][\/vc_column][vc_column width=\u00bb1\/3&#8243;][\/vc_column][\/vc_row][vc_row css=\u00bb.vc_custom_1501238144715{background-color: #ffffff !important;}\u00bb][vc_column [&hellip;]<\/p>\n","protected":false},"author":1,"featured_media":0,"parent":0,"menu_order":6,"comment_status":"closed","ping_status":"closed","template":"","meta":{"footnotes":""},"class_list":["post-17","page","type-page","status-publish","hentry"],"_links":{"self":[{"href":"https:\/\/sitep.com\/ca\/wp-json\/wp\/v2\/pages\/17","targetHints":{"allow":["GET"]}}],"collection":[{"href":"https:\/\/sitep.com\/ca\/wp-json\/wp\/v2\/pages"}],"about":[{"href":"https:\/\/sitep.com\/ca\/wp-json\/wp\/v2\/types\/page"}],"author":[{"embeddable":true,"href":"https:\/\/sitep.com\/ca\/wp-json\/wp\/v2\/users\/1"}],"replies":[{"embeddable":true,"href":"https:\/\/sitep.com\/ca\/wp-json\/wp\/v2\/comments?post=17"}],"version-history":[{"count":13,"href":"https:\/\/sitep.com\/ca\/wp-json\/wp\/v2\/pages\/17\/revisions"}],"predecessor-version":[{"id":13469,"href":"https:\/\/sitep.com\/ca\/wp-json\/wp\/v2\/pages\/17\/revisions\/13469"}],"wp:attachment":[{"href":"https:\/\/sitep.com\/ca\/wp-json\/wp\/v2\/media?parent=17"}],"curies":[{"name":"wp","href":"https:\/\/api.w.org\/{rel}","templated":true}]}}