{"id":13318,"date":"2020-03-26T09:07:45","date_gmt":"2020-03-26T08:07:45","guid":{"rendered":"http:\/\/sitep.com\/ca\/?page_id=13318"},"modified":"2020-05-05T12:32:59","modified_gmt":"2020-05-05T10:32:59","slug":"interreg-poctefa","status":"publish","type":"page","link":"https:\/\/sitep.com\/ca\/mobile-mapping\/interreg-poctefa\/","title":{"rendered":"Interreg-POCTEFA"},"content":{"rendered":"<p>[vc_row][vc_column width=\u00bb1\/3&#8243;][vc_single_image image=\u00bb13320&#8243; img_size=\u00bbfull\u00bb][\/vc_column][vc_column width=\u00bb1\/3&#8243;][vc_single_image image=\u00bb13321&#8243; img_size=\u00bbfull\u00bb onclick=\u00bbcustom_link\u00bb img_link_target=\u00bb_blank\u00bb link=\u00bbhttps:\/\/www.poctefa.eu\/\u00bb][\/vc_column][vc_column width=\u00bb1\/3&#8243;][vc_single_image image=\u00bb13322&#8243; img_size=\u00bbfull\u00bb onclick=\u00bbcustom_link\u00bb img_link_target=\u00bb_blank\u00bb link=\u00bbsitep-union-europea-fondo-europeo-desarrollo-regional-FEDER\u00bb][\/vc_column][\/vc_row][vc_row][vc_column][vc_empty_space][vc_column_text]HAMELIN proposa el desenvolupament de solucions tecnol\u00f2giques dirigides a combatre la mosca negra al Delta de l&#8217;Ebre (Tarragona, Espanya). La durada del projecte \u00e9s de 24 mesos i est\u00e0 dotat amb un pressupost de 840.000 euros.[\/vc_column_text][\/vc_column][\/vc_row][vc_row][vc_column width=\u00bb1\/2&#8243; css=\u00bb.vc_custom_1585210335853{padding-right: 40px !important;}\u00bb][vc_column_text]La p\u00e8rdua de part de l&#8217;ecosistema pot resultar en una p\u00e8rdua de la seva funcionalitat i tenir un fort impacte en el desenvolupament de la vida humana. En aquest sentit, l&#8217;objectiu principal de la proposta d&#8217;HAMELIN \u00e9s doble: (I) definir una acci\u00f3 correctiva de restauraci\u00f3 per a l&#8217;ecosistema afectat per la pesta de la mosca negra (Simulium trifasciatum); (II) proporcionar tres mecanismes eficients (sistemes IDSSP, SATP i STAPC) per involucrar els responsables dels serveis de protecci\u00f3 d&#8217;aquest ecosistema.[\/vc_column_text][vc_column_text]Per a aquestes tasques es proposa l&#8217;\u00fas d&#8217;una combinaci\u00f3 de tecnologies espec\u00edfiques (vehicles no tripulats de suport a la decisi\u00f3, UDSV) juntament amb sistemes de recopilaci\u00f3 i gesti\u00f3 d&#8217;informaci\u00f3 ambiental (sistema OKO multim\u00e8dia, imatges de sat\u00e8l\u00b7lit, s\u00e8ries de dades meteorol\u00f2giques i oceanogr\u00e0fiques).[\/vc_column_text][\/vc_column][vc_column width=\u00bb1\/2&#8243;][vc_single_image image=\u00bb13324&#8243; img_size=\u00bbfull\u00bb][vc_empty_space][\/vc_column][\/vc_row][vc_row][vc_column][vc_column_text]Concretament, es preveuen tres sistemes: un sistema de recopilaci\u00f3 i an\u00e0lisi de dades clim\u00e0tiques (STAPC), un sistema d&#8217;alerta primerenca (SATP) i un sistema de suport a la decisi\u00f3 (IDSSP) que eviti l&#8217;\u00fas indiscriminat de pesticides. La nostra idea \u00e9s que, si \u00e9s necess\u00e0ria l\u2019aplicaci\u00f3 de pesticides, el seu \u00fas es faci racionalment a trav\u00e9s d&#8217;aplicacions espec\u00edfiques.[\/vc_column_text][vc_single_image image=\u00bb13325&#8243; img_size=\u00bbfull\u00bb][\/vc_column][\/vc_row]<\/p>\n","protected":false},"excerpt":{"rendered":"<p>[vc_row][vc_column width=\u00bb1\/3&#8243;][vc_single_image image=\u00bb13320&#8243; img_size=\u00bbfull\u00bb][\/vc_column][vc_column width=\u00bb1\/3&#8243;][vc_single_image image=\u00bb13321&#8243; img_size=\u00bbfull\u00bb onclick=\u00bbcustom_link\u00bb img_link_target=\u00bb_blank\u00bb link=\u00bbhttps:\/\/www.poctefa.eu\/\u00bb][\/vc_column][vc_column width=\u00bb1\/3&#8243;][vc_single_image image=\u00bb13322&#8243; img_size=\u00bbfull\u00bb onclick=\u00bbcustom_link\u00bb img_link_target=\u00bb_blank\u00bb link=\u00bbsitep-union-europea-fondo-europeo-desarrollo-regional-FEDER\u00bb][\/vc_column][\/vc_row][vc_row][vc_column][vc_empty_space][vc_column_text]HAMELIN proposa el desenvolupament de solucions tecnol\u00f2giques dirigides a combatre la mosca negra al Delta de l&#8217;Ebre (Tarragona, Espanya). La durada del projecte \u00e9s de 24 mesos i est\u00e0 dotat amb un pressupost de 840.000 euros.[\/vc_column_text][\/vc_column][\/vc_row][vc_row][vc_column width=\u00bb1\/2&#8243; css=\u00bb.vc_custom_1585210335853{padding-right: 40px !important;}\u00bb][vc_column_text]La [&hellip;]<\/p>\n","protected":false},"author":1,"featured_media":0,"parent":13,"menu_order":11,"comment_status":"closed","ping_status":"closed","template":"","meta":{"footnotes":""},"class_list":["post-13318","page","type-page","status-publish","hentry"],"_links":{"self":[{"href":"https:\/\/sitep.com\/ca\/wp-json\/wp\/v2\/pages\/13318","targetHints":{"allow":["GET"]}}],"collection":[{"href":"https:\/\/sitep.com\/ca\/wp-json\/wp\/v2\/pages"}],"about":[{"href":"https:\/\/sitep.com\/ca\/wp-json\/wp\/v2\/types\/page"}],"author":[{"embeddable":true,"href":"https:\/\/sitep.com\/ca\/wp-json\/wp\/v2\/users\/1"}],"replies":[{"embeddable":true,"href":"https:\/\/sitep.com\/ca\/wp-json\/wp\/v2\/comments?post=13318"}],"version-history":[{"count":6,"href":"https:\/\/sitep.com\/ca\/wp-json\/wp\/v2\/pages\/13318\/revisions"}],"predecessor-version":[{"id":13378,"href":"https:\/\/sitep.com\/ca\/wp-json\/wp\/v2\/pages\/13318\/revisions\/13378"}],"up":[{"embeddable":true,"href":"https:\/\/sitep.com\/ca\/wp-json\/wp\/v2\/pages\/13"}],"wp:attachment":[{"href":"https:\/\/sitep.com\/ca\/wp-json\/wp\/v2\/media?parent=13318"}],"curies":[{"name":"wp","href":"https:\/\/api.w.org\/{rel}","templated":true}]}}