{"id":11449,"date":"2016-04-25T16:07:28","date_gmt":"2016-04-25T16:07:28","guid":{"rendered":"http:\/\/192.122.214.125\/wordpress\/index.php\/politica-de-cookies\/"},"modified":"2021-06-04T13:42:40","modified_gmt":"2021-06-04T11:42:40","slug":"politica-de-qualitat","status":"publish","type":"page","link":"https:\/\/sitep.com\/ca\/politica-de-qualitat\/","title":{"rendered":"Pol\u00edtica de qualitat"},"content":{"rendered":"<p>[vc_row css=\u00bb.vc_custom_1505835116883{padding-left: 40px !important;}\u00bb][vc_column width=\u00bb2\/3&#8243;][vc_column_text]<\/p>\n<div style=\"text-align: justify;\">\n<h3 style=\"text-align: left;\">POL\u00cdTICA INTEGRADA DE QUALITAT, MEDI AMBIENT, SEGURETAT EN EL TREBALL I SEGURETAT DE LA INFORMACI\u00d3<\/h3>\n<p>En<strong>\u00a0Sistemas de Informaci\u00f3n Territorial y Posicionamiento, S.L<\/strong><strong>,\u00a0<\/strong>d&#8217;ara endavant\u00a0SITEP, empresa dedicada a la consultoria i enginyeria de\u00a0SIG\u00a0i TIC, treballem per a con\u00e8ixer als nostres clients i saber quines s\u00f3n les seves necessitats, oferint serveis i solucions que satisfacin plenament les seves necessitats.<\/p>\n<p>La integraci\u00f3 dels requisits amb les diferents \u00e0rees de negoci, a partir de la identificaci\u00f3 dels factors interns i externs que afecten l&#8217;Organitzaci\u00f3, la identificaci\u00f3 dels processos, el coneixement profund de les expectatives i requisits de les parts interessades i l&#8217;an\u00e0lisi de riscos s\u00f3n la base per a assegurar el compliment d&#8217;aquestes expectatives i promoure l&#8217;augment de la satisfacci\u00f3 de les parts interessades.<\/p>\n<p>Aix\u00ed doncs, facilitem i impulsem la implicaci\u00f3 del conjunt dels nostres professionals, refor\u00e7ant la gesti\u00f3 per a con\u00e8ixer i satisfer les seves necessitats i motivacions, i aconseguir el desenvolupament dels seus objectius amb els de l&#8217;organitzaci\u00f3. Per tant,\u00a0SITEP\u00a0considera la millora cont\u00ednua com a fonament per a la materialitzaci\u00f3 d&#8217;aquesta pol\u00edtica i en la consecuci\u00f3 dels objectius que es deriven d&#8217;aquesta.<\/p>\n<p>La Direcci\u00f3 de\u00a0SITEP\u00a0assumeix el comprom\u00eds de complir amb els requisits legals aplicables i amb altres requisits que l&#8217;organitzaci\u00f3 subscrigui relacionats amb necessitats i expectatives que pugui afectar el producte i\/o servei ofert.<\/p>\n<p>Per a aix\u00f2,\u00a0SITEP\u00a0es compromet a:<\/p>\n<p>\u2022 La protecci\u00f3 del Medi Ambient incloent la prevenci\u00f3 de la contaminaci\u00f3 i la minimitzaci\u00f3 de residus i de consums de recursos.<br \/>\n\u2022 Proporcionar condicions de treball segures i saludables per a la prevenci\u00f3 de danys i\/o deterioraci\u00f3 de la salut, relacionats amb el treball.<br \/>\n\u2022 Eliminar els perills i reduir els riscos per a la\u00a0SST.<br \/>\n\u2022 Consulta i participaci\u00f3 dels treballadors en mat\u00e8ria de\u00a0SST.<br \/>\n\u2022 Assegurar la confidencialitat de les dades gestionades per l&#8217;empresa i la disponibilitat dels sistemes d&#8217;informaci\u00f3, tant en els serveis oferts als clients com en la gesti\u00f3 interna, evitant alteracions indegudes en la informaci\u00f3.<br \/>\n\u2022 Assegurar la capacitat de resposta davant situacions d&#8217;emerg\u00e8ncia, restablint el funcionament dels serveis cr\u00edtics en el menor temps possible.<br \/>\n\u2022 Establir els criteris d&#8217;avaluaci\u00f3 del risc de la seguretat de la informaci\u00f3, de manera que tots aquells escenaris que impliquin un nivell de risc inacceptable siguin tractats adequadament, dotant al sistema d&#8217;aquells mitjans i recursos que siguin necessaris i instant a tot el personal perqu\u00e8 assumeixi aquest comprom\u00eds.<\/p>\n<p>La present pol\u00edtica ser\u00e0 comunicada, entesa, aplicada i revisada per a assegurar la seva adequaci\u00f3 cont\u00ednua i gestionar\u00e0 la difusi\u00f3 al personal i altres parts interessades pertinents, segons correspongui, disposant per a aix\u00f2 dels equips, mitjans, entorns i formaci\u00f3 necessaris.<\/p>\n<p>&nbsp;<\/p>\n<p><strong>Direcci\u00f3 General, Sr. Ermengol Casanovas <\/strong><\/p>\n<p><strong>Barcelona a, 10 de juliol de 2020<\/strong><\/p>\n<\/div>\n<p>[\/vc_column_text][\/vc_column][vc_column width=\u00bb1\/3&#8243; css=\u00bb.vc_custom_1505835160900{padding-left: 40px !important;}\u00bb][vc_empty_space][vc_empty_space][vc_empty_space][vc_empty_space][vc_single_image image=\u00bb13032&#8243; img_size=\u00bbfull\u00bb css_animation=\u00bbleft-to-right\u00bb][vc_empty_space][vc_empty_space][vc_empty_space][\/vc_column][\/vc_row]<\/p>\n","protected":false},"excerpt":{"rendered":"<p>[vc_row css=\u00bb.vc_custom_1505835116883{padding-left: 40px !important;}\u00bb][vc_column width=\u00bb2\/3&#8243;][vc_column_text] POL\u00cdTICA INTEGRADA DE QUALITAT, MEDI AMBIENT, SEGURETAT EN EL TREBALL I SEGURETAT DE LA INFORMACI\u00d3 En\u00a0Sistemas de Informaci\u00f3n Territorial y Posicionamiento, S.L,\u00a0d&#8217;ara endavant\u00a0SITEP, empresa dedicada a la consultoria i enginyeria de\u00a0SIG\u00a0i TIC, treballem per a con\u00e8ixer als nostres clients i saber quines s\u00f3n les seves necessitats, oferint serveis i solucions [&hellip;]<\/p>\n","protected":false},"author":1,"featured_media":0,"parent":0,"menu_order":9,"comment_status":"closed","ping_status":"closed","template":"","meta":{"footnotes":""},"class_list":["post-11449","page","type-page","status-publish","hentry"],"_links":{"self":[{"href":"https:\/\/sitep.com\/ca\/wp-json\/wp\/v2\/pages\/11449","targetHints":{"allow":["GET"]}}],"collection":[{"href":"https:\/\/sitep.com\/ca\/wp-json\/wp\/v2\/pages"}],"about":[{"href":"https:\/\/sitep.com\/ca\/wp-json\/wp\/v2\/types\/page"}],"author":[{"embeddable":true,"href":"https:\/\/sitep.com\/ca\/wp-json\/wp\/v2\/users\/1"}],"replies":[{"embeddable":true,"href":"https:\/\/sitep.com\/ca\/wp-json\/wp\/v2\/comments?post=11449"}],"version-history":[{"count":15,"href":"https:\/\/sitep.com\/ca\/wp-json\/wp\/v2\/pages\/11449\/revisions"}],"predecessor-version":[{"id":13453,"href":"https:\/\/sitep.com\/ca\/wp-json\/wp\/v2\/pages\/11449\/revisions\/13453"}],"wp:attachment":[{"href":"https:\/\/sitep.com\/ca\/wp-json\/wp\/v2\/media?parent=11449"}],"curies":[{"name":"wp","href":"https:\/\/api.w.org\/{rel}","templated":true}]}}