{"id":11350,"date":"2016-04-22T08:00:02","date_gmt":"2016-04-22T06:00:02","guid":{"rendered":"http:\/\/localhost\/wordpress\/?page_id=11350"},"modified":"2020-05-20T14:15:26","modified_gmt":"2020-05-20T12:15:26","slug":"assetsystem","status":"publish","type":"page","link":"https:\/\/sitep.com\/ca\/productes\/assetsystem\/","title":{"rendered":"AssetSYSTEM"},"content":{"rendered":"<p>[vc_row css=\u00bb.vc_custom_1490781902149{margin-top: 10px !important;margin-right: 10px !important;margin-left: 10px !important;}\u00bb][vc_column width=\u00bb1\/2&#8243;][cs_custom_heading text=\u00bbGesti\u00f3 d&#8217;elements i esdeveniments sobre el territori \u00bb font_container=\u00bbtag:h2|text_align:left|color:%23004287&#8243; title_bottom_line_width=\u00bb25px\u00bb title_bottom_line_height=\u00bb2px\u00bb title_bottom_line_color=\u00bb#cccccc\u00bb][\/vc_column][vc_column width=\u00bb1\/2&#8243;][vc_single_image image=\u00bb12938&#8243; img_size=\u00bbfull\u00bb][\/vc_column][\/vc_row][vc_row css=\u00bb.vc_custom_1490781869800{margin-top: 10px !important;margin-right: 10px !important;margin-bottom: 10px !important;margin-left: 10px !important;}\u00bb][vc_column width=\u00bb2\/3&#8243; css=\u00bb.vc_custom_1489418380116{padding-right: 20px !important;}\u00bb][vc_empty_space height=\u00bb20px\u00bb][vc_column_text]<\/p>\n<p>AssetSYSTEM \u00e9s la plataforma que permet con\u00e8ixer la ubicaci\u00f3 i estat dels actius d&#8217;una entitat, tant si es troba al territori (planta externa), com a l&#8217;interior d\u2019un edifici (planta interna). A m\u00e9s, permet gestionar totes les incid\u00e8ncies i ordres de treball relacionades amb els elements inventariats, de forma separada o conjunta, segons les necessitats de cada situaci\u00f3. Facilita la gesti\u00f3 del negoci i la presa de decisions. Realitza el seguiment i l&#8217;evoluci\u00f3 dels assets sobre el territori.<\/p>\n<p>[\/vc_column_text][\/vc_column][vc_column width=\u00bb1\/3&#8243; css=\u00bb.vc_custom_1490782361388{margin-top: -15px !important;}\u00bb][vc_empty_space height=\u00bb20px\u00bb][vc_column_text css=\u00bb.vc_custom_1588671797312{padding-right: 10px !important;}\u00bb]<\/p>\n<h4 style=\"color: #004287;\">La Plataforma AssetSystem s&#8217;adapta a totes les necessitats de negoci<\/h4>\n<p>[\/vc_column_text][vc_empty_space height=\u00bb20px\u00bb][\/vc_column][\/vc_row][vc_row type=\u00bbrow-border\u00bb css=\u00bb.vc_custom_1416073858223{padding-top: 40px !important;padding-bottom: 40px !important;background-color: #f2f2f2 !important;}\u00bb][vc_column][cs_custom_heading text=\u00bbAssetSYSTEM integra i coordina tots els actors d&#8217;una organitzaci\u00f3. Unificant la informaci\u00f3 i proporcionant dades rellevants per a la presa de decisions.\u00bb font_container=\u00bbtag:h3|text_align:left|color:%23666666&#8243; title_bottom_line_width=\u00bb25px\u00bb title_bottom_line_height=\u00bb2px\u00bb title_bottom_line_color=\u00bb#cccccc\u00bb title_bottom_line_margin_bottom=\u00bb15px\u00bb][vc_empty_space][vc_row_inner][vc_column_inner width=\u00bb1\/4&#8243;][vc_single_image image=\u00bb12969&#8243; img_size=\u00bbfull\u00bb alignment=\u00bbcenter\u00bb css_animation=\u00bbappear\u00bb css=\u00bb.vc_custom_1501171107060{padding-top: 20px !important;padding-right: 20px !important;padding-bottom: 20px !important;padding-left: 20px !important;background-color: #ffffff !important;}\u00bb][vc_column_text css_animation=\u00bbtop-to-bottom\u00bb css=\u00bb.vc_custom_1588671807689{margin-top: 0px !important;padding-top: 20px !important;padding-right: 20px !important;padding-bottom: 20px !important;padding-left: 20px !important;background-color: #0084b7 !important;}\u00bb]<\/p>\n<p style=\"text-align: center;\"><strong><span style=\"color: #ffffff;\">VISUALITZACI\u00d3<\/span><\/strong> <strong><span style=\"color: #ffffff;\">SOBRE MAPA<\/span><\/strong><\/p>\n<p>[\/vc_column_text][\/vc_column_inner][vc_column_inner width=\u00bb1\/4&#8243;][vc_single_image image=\u00bb12970&#8243; img_size=\u00bbfull\u00bb alignment=\u00bbcenter\u00bb css_animation=\u00bbappear\u00bb css=\u00bb.vc_custom_1501171120884{padding-top: 20px !important;padding-right: 20px !important;padding-bottom: 20px !important;padding-left: 20px !important;background-color: #ffffff !important;}\u00bb][vc_column_text css_animation=\u00bbtop-to-bottom\u00bb css=\u00bb.vc_custom_1588671813605{margin-top: 0px !important;padding-top: 20px !important;padding-right: 20px !important;padding-bottom: 20px !important;padding-left: 20px !important;background-color: #0084b7 !important;}\u00bb]<\/p>\n<p style=\"text-align: center;\"><span style=\"color: #ffffff;\"><strong>CLOUD<\/strong> <strong>PAGAMENT PER \u00daS<\/strong> <\/span><\/p>\n<p>[\/vc_column_text][\/vc_column_inner][vc_column_inner width=\u00bb1\/4&#8243;][vc_single_image image=\u00bb12971&#8243; img_size=\u00bbfull\u00bb alignment=\u00bbcenter\u00bb css_animation=\u00bbappear\u00bb css=\u00bb.vc_custom_1501171132826{padding-top: 20px !important;padding-right: 20px !important;padding-bottom: 20px !important;padding-left: 20px !important;background-color: #ffffff !important;}\u00bb][vc_column_text css_animation=\u00bbtop-to-bottom\u00bb css=\u00bb.vc_custom_1588671820249{margin-top: 0px !important;padding-top: 20px !important;padding-right: 20px !important;padding-bottom: 20px !important;padding-left: 20px !important;background-color: #0084b7 !important;}\u00bb]<\/p>\n<p style=\"text-align: center;\"><strong><span style=\"color: #ffffff;\"> GEOMARKETING<\/span><\/strong><\/p>\n<p>[\/vc_column_text][\/vc_column_inner][vc_column_inner width=\u00bb1\/4&#8243;][vc_single_image image=\u00bb12972&#8243; img_size=\u00bbfull\u00bb alignment=\u00bbcenter\u00bb css_animation=\u00bbappear\u00bb css=\u00bb.vc_custom_1501171155308{padding-top: 20px !important;padding-right: 20px !important;padding-bottom: 20px !important;padding-left: 20px !important;background-color: #ffffff !important;}\u00bb][vc_column_text css_animation=\u00bbtop-to-bottom\u00bb css=\u00bb.vc_custom_1588671826282{margin-top: 0px !important;padding-top: 20px !important;padding-right: 20px !important;padding-bottom: 20px !important;padding-left: 20px !important;background-color: #0084b7 !important;}\u00bb]<\/p>\n<p style=\"text-align: center;\"><strong><span style=\"color: #ffffff;\">GESTI\u00d3 D&#8217;ORDRES<\/span><\/strong> <strong><span style=\"color: #ffffff;\">DE TREBALL<\/span><\/strong><\/p>\n<p>[\/vc_column_text][\/vc_column_inner][\/vc_row_inner][vc_empty_space][vc_row_inner][vc_column_inner width=\u00bb1\/4&#8243;][vc_single_image image=\u00bb12976&#8243; img_size=\u00bbfull\u00bb alignment=\u00bbcenter\u00bb css_animation=\u00bbappear\u00bb css=\u00bb.vc_custom_1501171204769{padding-top: 20px !important;padding-right: 20px !important;padding-bottom: 20px !important;padding-left: 20px !important;background-color: #ffffff !important;}\u00bb][vc_column_text css_animation=\u00bbtop-to-bottom\u00bb css=\u00bb.vc_custom_1588671834736{margin-top: 0px !important;padding-top: 20px !important;padding-right: 20px !important;padding-bottom: 20px !important;padding-left: 20px !important;background-color: #0084b7 !important;}\u00bb]<\/p>\n<p style=\"text-align: center;\"><strong><span style=\"color: #ffffff;\">GESTI\u00d3\u00a0DE PL\u00c0NOLS<\/span><\/strong> <span style=\"color: #ffffff;\">(Planta interna)<\/span><\/p>\n<p>[\/vc_column_text][\/vc_column_inner][vc_column_inner width=\u00bb1\/4&#8243;][vc_single_image image=\u00bb12974&#8243; img_size=\u00bbfull\u00bb alignment=\u00bbcenter\u00bb css_animation=\u00bbappear\u00bb css=\u00bb.vc_custom_1501171219116{padding-top: 20px !important;padding-right: 20px !important;padding-bottom: 20px !important;padding-left: 20px !important;background-color: #ffffff !important;}\u00bb][vc_column_text css_animation=\u00bbtop-to-bottom\u00bb css=\u00bb.vc_custom_1588671840560{margin-top: 0px !important;padding-top: 20px !important;padding-right: 20px !important;padding-bottom: 20px !important;padding-left: 20px !important;background-color: #0084b7 !important;}\u00bb]<\/p>\n<p style=\"text-align: center;\"><strong><span style=\"color: #ffffff;\">MULTI-TENANT &amp; DISSENY RESPONSIU<\/span><\/strong><\/p>\n<p>[\/vc_column_text][\/vc_column_inner][vc_column_inner width=\u00bb1\/4&#8243;][vc_single_image image=\u00bb12975&#8243; img_size=\u00bbfull\u00bb alignment=\u00bbcenter\u00bb css_animation=\u00bbappear\u00bb css=\u00bb.vc_custom_1501171234497{padding-top: 20px !important;padding-right: 20px !important;padding-bottom: 20px !important;padding-left: 20px !important;background-color: #ffffff !important;}\u00bb][vc_column_text css_animation=\u00bbtop-to-bottom\u00bb css=\u00bb.vc_custom_1588671846368{margin-top: 0px !important;padding-top: 20px !important;padding-right: 20px !important;padding-bottom: 20px !important;padding-left: 20px !important;background-color: #0084b7 !important;}\u00bb]<\/p>\n<p style=\"text-align: center;\"><strong><span style=\"color: #ffffff;\">CONTINGUTS SEGONS<\/span><\/strong> <strong><span style=\"color: #ffffff;\">ROL I PERFIL<\/span><\/strong><\/p>\n<p>[\/vc_column_text][\/vc_column_inner][vc_column_inner width=\u00bb1\/4&#8243;][vc_single_image image=\u00bb12977&#8243; img_size=\u00bbfull\u00bb alignment=\u00bbcenter\u00bb css_animation=\u00bbappear\u00bb css=\u00bb.vc_custom_1501171249724{padding-top: 20px !important;padding-right: 20px !important;padding-bottom: 20px !important;padding-left: 20px !important;background-color: #ffffff !important;}\u00bb][vc_column_text css_animation=\u00bbtop-to-bottom\u00bb css=\u00bb.vc_custom_1588671852440{margin-top: 0px !important;padding-top: 20px !important;padding-right: 20px !important;padding-bottom: 20px !important;padding-left: 20px !important;background-color: #0084b7 !important;}\u00bb]<\/p>\n<p style=\"text-align: center;\"><strong><span style=\"color: #ffffff;\">REALITAT AUMENTADA VR<\/span><\/strong><\/p>\n<p>[\/vc_column_text][\/vc_column_inner][\/vc_row_inner][vc_empty_space][\/vc_column][\/vc_row][vc_row css=\u00bb.vc_custom_1490021009689{background-color: #ffffff !important;}\u00bb][vc_column][vc_empty_space][\/vc_column][\/vc_row][vc_row css=\u00bb.vc_custom_1490271080996{padding-top: 20px !important;}\u00bb][vc_column width=\u00bb1\/2&#8243; css=\u00bb.vc_custom_1489491375265{padding-right: 20px !important;}\u00bb][cs_custom_heading text=\u00bbInventari\u00bb font_container=\u00bbtag:h3|text_align:left\u00bb style=\u00bbtitle-bottom-line\u00bb title_bottom_line_width=\u00bb25px\u00bb title_bottom_line_height=\u00bb2px\u00bb title_bottom_line_color=\u00bb#cccccc\u00bb][vc_single_image image=\u00bb12979&#8243; img_size=\u00bbfull\u00bb css_animation=\u00bbright-to-left\u00bb][\/vc_column][vc_column width=\u00bb1\/2&#8243; css=\u00bb.vc_custom_1489491383522{padding-left: 20px !important;}\u00bb][vc_empty_space][vc_empty_space][vc_column_text]La plataforma permet <strong>gestionar de forma gr\u00e0fica<\/strong>, sobre el territori, l&#8217;inventari dels elements que componen el negoci \u2013 amb les caracter\u00edstiques clau per al desenvolupament del negoci (el <strong>punt quilom\u00e8tric<\/strong>, per exemple). La georeferenciaci\u00f3 succeeix en un moment concret que queda registrat. Resulta possible ordenar tots els assets en una llista i consultar la informaci\u00f3 alfanum\u00e8rica associada a ells. <strong>La plataforma emmagatzema tots els hist\u00f2rics de canvis, l&#8217;estat actual i la informaci\u00f3 de canvis pendents de validaci\u00f3<\/strong>[\/vc_column_text][\/vc_column][\/vc_row][vc_row css=\u00bb.vc_custom_1490271080996{padding-top: 20px !important;}\u00bb][vc_column width=\u00bb1\/2&#8243; css=\u00bb.vc_custom_1489491375265{padding-right: 20px !important;}\u00bb][vc_empty_space][cs_custom_heading text=\u00bbManteniment d&#8217;incid\u00e8ncies\u00bb font_container=\u00bbtag:h3|text_align:left\u00bb style=\u00bbtitle-bottom-line\u00bb title_bottom_line_width=\u00bb25px\u00bb title_bottom_line_height=\u00bb2px\u00bb title_bottom_line_color=\u00bb#cccccc\u00bb][vc_column_text]Els elements inventariats poden necessitar d&#8217;un manteniment recurrent. Tamb\u00e9 existeixen incid\u00e8ncies que afecten a aquests elements. Tant manteniment, com a incid\u00e8ncies generen unes ordres de treball que posen en relleu les accions requerides sobre certs elements. <strong>AssetSYSTEM permet realitzar una gesti\u00f3 integral i personalitzada de les incid\u00e8ncies: cada incid\u00e8ncia es pot relacionar amb la seva corresponent afectaci\u00f3 i actuaci\u00f3 o es poden consultar totes les incid\u00e8ncies que han ocorregut en un per\u00edode determinat de temps<\/strong>.[\/vc_column_text][\/vc_column][vc_column width=\u00bb1\/2&#8243; css=\u00bb.vc_custom_1489491383522{padding-left: 20px !important;}\u00bb][vc_single_image image=\u00bb12980&#8243; img_size=\u00bbfull\u00bb css_animation=\u00bbright-to-left\u00bb][vc_empty_space][\/vc_column][\/vc_row][vc_row css=\u00bb.vc_custom_1490271080996{padding-top: 20px !important;}\u00bb][vc_column width=\u00bb1\/2&#8243; css=\u00bb.vc_custom_1489491375265{padding-right: 20px !important;}\u00bb][cs_custom_heading text=\u00bbOrdres de treball\u00bb font_container=\u00bbtag:h3|text_align:left\u00bb style=\u00bbtitle-bottom-line\u00bb title_bottom_line_width=\u00bb25px\u00bb title_bottom_line_height=\u00bb2px\u00bb title_bottom_line_color=\u00bb#cccccc\u00bb][vc_single_image image=\u00bb12981&#8243; img_size=\u00bbfull\u00bb css_animation=\u00bbleft-to-right\u00bb][\/vc_column][vc_column width=\u00bb1\/2&#8243; css=\u00bb.vc_custom_1489491383522{padding-left: 20px !important;}\u00bb][vc_column_text]AssetSYSTEM permet gestionar de forma integral totes les accions relacionades amb les ordres de treball, des de la planificaci\u00f3, fins a la certificaci\u00f3 de les accions realitzades. <strong>Planificacions<\/strong>: amb l&#8217;objectiu de dimensionar, ajustar els costos de l&#8217;operaci\u00f3 a les necessitats reals i gestionar el treball es realitza la planificaci\u00f3 anual, mensual, setmanal i di\u00e0ria de les tasques. Aquesta planificaci\u00f3, una vegada executada, va a donar lloc a comunicats de treball. <strong>Comunicats de treball<\/strong>: defineixen qu\u00e8 s&#8217;ha fet, qui, on i quan. <strong>Certificacions<\/strong>: Tota la informaci\u00f3 emmagatzemada serveix per obtenir la certificaci\u00f3 d&#8217;hores a pagar als treballadors i de justificaci\u00f3 d&#8217;hores extra. Cada contracte t\u00e9 associat el seu corresponent hist\u00f2ric de certificacions, permetent gestionar de forma hol\u00edstica l&#8217;hist\u00f2ric d&#8217;accions realitzades, les persones que les han dut a terme i quant s&#8217;ha pagat per elles.[\/vc_column_text][\/vc_column][\/vc_row][vc_row css=\u00bb.vc_custom_1490271080996{padding-top: 20px !important;}\u00bb][vc_column width=\u00bb1\/2&#8243; css=\u00bb.vc_custom_1489491375265{padding-right: 20px !important;}\u00bb][vc_empty_space][cs_custom_heading text=\u00bbGeomarketing\u00bb font_container=\u00bbtag:h3|text_align:left\u00bb style=\u00bbtitle-bottom-line\u00bb title_bottom_line_width=\u00bb25px\u00bb title_bottom_line_height=\u00bb2px\u00bb title_bottom_line_color=\u00bb#cccccc\u00bb][vc_column_text]La soluci\u00f3 proporciona eines per analitzar, tractar i compartir dades relacionades amb el territori\u00a0amb gran facilitat, evitant duplicitat de dades i\u00a0facilitant\u00a0la presa de decisions dins d&#8217;una organitzaci\u00f3.[\/vc_column_text][\/vc_column][vc_column width=\u00bb1\/2&#8243; css=\u00bb.vc_custom_1489491383522{padding-left: 20px !important;}\u00bb][vc_single_image image=\u00bb12982&#8243; img_size=\u00bbfull\u00bb css_animation=\u00bbleft-to-right\u00bb][vc_empty_space][\/vc_column][\/vc_row][vc_row css=\u00bb.vc_custom_1490271080996{padding-top: 20px !important;}\u00bb][vc_column width=\u00bb1\/2&#8243; css=\u00bb.vc_custom_1489491375265{padding-right: 20px !important;}\u00bb][cs_custom_heading text=\u00bbIntegraci\u00f3 amb altres sistemes\u00bb font_container=\u00bbtag:h3|text_align:left\u00bb style=\u00bbtitle-bottom-line\u00bb title_bottom_line_width=\u00bb25px\u00bb title_bottom_line_height=\u00bb2px\u00bb title_bottom_line_color=\u00bb#cccccc\u00bb][vc_single_image image=\u00bb12983&#8243; img_size=\u00bbfull\u00bb css_animation=\u00bbright-to-left\u00bb][\/vc_column][vc_column width=\u00bb1\/2&#8243; css=\u00bb.vc_custom_1489491383522{padding-left: 20px !important;}\u00bb][vc_empty_space][vc_column_text]<\/p>\n<p>La plataforma permet la connexi\u00f3 a m\u00faltiples fonts de dades externes, aix\u00ed com amb altres sistemes (sensors, eines de gesti\u00f3, GIS, GMAO, CMDB &#8230;) i \u00e9s capa\u00e7 de tractar totes les dades rebudes i dur a terme accions que permetin gestionar i tractar la informaci\u00f3 en\u00a0temps real.<\/p>\n<p><strong>Sincronitzaci\u00f3 amb entorns tipus CRM\/ERP\/GIS\/BI\/DWH<\/strong><\/p>\n<p>[\/vc_column_text][\/vc_column][\/vc_row][vc_row css=\u00bb.vc_custom_1490271080996{padding-top: 20px !important;}\u00bb][vc_column width=\u00bb1\/2&#8243; css=\u00bb.vc_custom_1489491375265{padding-right: 20px !important;}\u00bb][vc_empty_space][cs_custom_heading text=\u00bbRealitat augmentada\u00bb font_container=\u00bbtag:h3|text_align:left\u00bb style=\u00bbtitle-bottom-line\u00bb title_bottom_line_width=\u00bb25px \u00bb title_bottom_line_height=\u00bb2px\u00bb title_bottom_line_color=\u00bb#cccccc\u00bb][vc_column_text]AssetSystem ofereix un m\u00f2dul de realitat augmentada per a tauletes o tel\u00e8fons intel\u00b7ligents, que pot ser \u00fatil per a incrementar l&#8217;efici\u00e8ncia i reduir costos. Aquest m\u00f2dul permet reduir el temps de localitzaci\u00f3 dels actius, millorant les tasques d&#8217;enginyeria externes, com els treballs de camp.<\/p>\n<ul class=\"sitepList\">\n<li style=\"list-style-type: none;\">\n<ul class=\"sitepList\">\n<li class=\"first\">La Realitat Augmentada pot ser incre\u00efblement \u00fatil per augmentar l&#8217;efici\u00e8ncia i reduir costos<\/li>\n<li>Redueix el temps de localitzaci\u00f3 dels seus actius<\/li>\n<li>Millora les tasques d&#8217;enginyeria externs, com els treballs de camp<\/li>\n<li class=\"last\">Asseguri&#8217;s que els membres de l&#8217;equip estan treballant en el asset correcte<\/li>\n<\/ul>\n<\/li>\n<\/ul>\n<p style=\"text-align: center;\">[\/vc_column_text][\/vc_column][vc_column width=\u00bb1\/2&#8243; css=\u00bb.vc_custom_1489491383522{padding-left: 20px !important;}\u00bb][vc_single_image image=\u00bb12984&#8243; img_size=\u00bbfull\u00bb css_animation=\u00bbleft-to-right\u00bb][vc_empty_space][\/vc_column][\/vc_row][vc_row css=\u00bb.vc_custom_1490271080996{padding-top: 20px !important;}\u00bb][vc_column width=\u00bb1\/2&#8243; css=\u00bb.vc_custom_1489491375265{padding-right: 20px !important;}\u00bb][cs_custom_heading text=\u00bbGesti\u00f3 efica\u00e7 de la Resili\u00e8ncia\u00bb font_container=\u00bbtag:h3|text_align:left\u00bb style=\u00bbtitle-bottom-line\u00bb title_bottom_line_width=\u00bb25px\u00bb title_bottom_line_height=\u00bb2px\u00bb title_bottom_line_color=\u00bb#cccccc\u00bb][vc_single_image image=\u00bb12985&#8243; img_size=\u00bbfull\u00bb css_animation=\u00bbright-to-left\u00bb][\/vc_column][vc_column width=\u00bb1\/2&#8243; css=\u00bb.vc_custom_1489491383522{padding-left: 20px !important;}\u00bb][vc_empty_space][vc_empty_space][vc_column_text]Permet que la ciutat\/entitat es prepari per afrontar adversitats, guanyi capacitat de resist\u00e8ncia i se sobreposi als problemes de forma r\u00e0pida i eficient. AssetSYSTEM permet gestionar actius territorials i esdeveniments de forma aut\u00f2noma, r\u00e0pida i senzilla, integrant els \u00e0mbits de:<\/p>\n<ul>\n<li>Utilities &#8211; Electricitat, aigua, gas<\/li>\n<li>Telecomunicacions &#8211; Fibra \u00f2ptica, wifi, 3G\/4G<\/li>\n<li>Mobilitat &#8211; Transporti p\u00fablic, estat del tr\u00e0fic, aparcament<\/li>\n<li>Serveis de manteniment &#8211; Servei de neteja i recollida residus<\/li>\n<li>Ciutadania &#8211; Atenci\u00f3 ciutadana, Open Data<\/li>\n<\/ul>\n<p style=\"text-align: center;\">[\/vc_column_text][vc_empty_space][\/vc_column][\/vc_row][vc_row css=\u00bb.vc_custom_1489495061137{background-color: #f2f2f2 !important;}\u00bb][vc_column width=\u00bb1\/3&#8243; css=\u00bb.vc_custom_1489494000823{padding-right: 40px !important;}\u00bb][vc_empty_space][cs_custom_heading text=\u00bbCas d&#8217;\u00e8xit\u00bb font_container=\u00bbtag:h3|text_align:left\u00bb style=\u00bbtitle-bottom-line\u00bb title_bottom_line_width=\u00bb25px\u00bb title_bottom_line_color=\u00bb#cccccc\u00bb][vc_column_text]<strong>CLIENT<\/strong> Ferrocarrils de la Generalitat de Catalunya (FGC)[\/vc_column_text][vc_empty_space height=\u00bb20px\u00bb][vc_single_image image=\u00bb13365&#8243; img_size=\u00bbfull\u00bb][vc_empty_space height=\u00bb20px\u00bb][vc_column_text]<strong>SECTOR\/IND\u00daSTRIA<\/strong> Administraci\u00f3 P\u00fablica Gesti\u00f3 i inventari de b\u00e9ns i patrimoni al territori[\/vc_column_text][vc_empty_space height=\u00bb20px\u00bb][vc_column_text]<strong><span style=\"font-size: 21px; color: #0084b7;\">AssetSYSTEM\u00a0en xifres<\/span><\/strong><\/p>\n<h4 style=\"color: #0084b7;\">29 ESTACIONS<\/h4>\n<h4 style=\"color: #0084b7;\">40\u00a0km\u00a0de RECORREGUT<\/h4>\n<h4 style=\"color: #0084b7;\">2 L\u00ednies de FERROCARRIL<\/h4>\n<h4 style=\"color: #0084b7;\">+ de 5000 ELEMENTS<\/h4>\n<p style=\"text-align: center;\">[\/vc_column_text][\/vc_column][vc_column width=\u00bb2\/3&#8243;][vc_empty_space][cs_custom_heading text=\u00bbAssetSYSTEM, inventari d&#8217;infraestructura ferrovi\u00e0ria\u00bb font_container=\u00bbtag:h3|text_align:left\u00bb][vc_empty_space height=\u00bb20px\u00bb][vc_column_text]<strong>DESCRIPCI\u00d3<\/strong> Implantaci\u00f3 d&#8217;una Plataforma Integral d&#8217;Inventariat de la Infraestructura Ferrovi\u00e0ria, basada en AssetSYSTEM. \u00a0El sistema permet relacionar i usar la relaci\u00f3 entre informaci\u00f3 i documents, facilitant la inspecci\u00f3 i les tasques de manteniment. <strong>OBJETIUS<\/strong> Informaci\u00f3 no estructurada dels elements de l&#8217;inventari, cosa que di\ufb01cultaba les tasques de manteniment. Dades segmentades geogr\u00e0\ufb01cament, que no permetien una visualitzaci\u00f3 dels elements segons el tipus de fam\u00edlia. [\/vc_column_text][vc_empty_space][vc_column_text]<img loading=\"lazy\" decoding=\"async\" class=\"alignnone wp-image-13629\" src=\"https:\/\/sitep.com\/wp-content\/uploads\/2016\/06\/FGC-inventario-infraestructura-ferriviaria-dels-ferrocarrils-generalitat-catalunya-300x216.jpg\" alt=\"\" width=\"200\" height=\"144\" \/>\u00a0\u00a0<img loading=\"lazy\" decoding=\"async\" class=\"alignnone wp-image-13666\" src=\"https:\/\/sitep.com\/wp-content\/uploads\/2016\/06\/asset-system-management-inventario-elementos-ferroviales-FGC-300x216.png\" alt=\"\" width=\"200\" height=\"144\" \/>\u00a0\u00a0<img loading=\"lazy\" decoding=\"async\" class=\"alignnone wp-image-13665\" src=\"https:\/\/sitep.com\/wp-content\/uploads\/2016\/06\/asset-system-management-inventario-ferriviario-FGC-300x216.png\" alt=\"\" width=\"200\" height=\"144\" \/>[\/vc_column_text][\/vc_column][\/vc_row][vc_row css=\u00bb.vc_custom_1588672583085{background: #f2f2f2 url(https:\/\/sitep.com\/ca\/wp-content\/uploads\/2020\/05\/solicita-informacion-sobre-soluciones-territoriales-y-captacion-de-datos.png?id=13363) !important;}\u00bb][vc_column width=\u00bb1\/4&#8243;][\/vc_column][vc_column width=\u00bb1\/2&#8243;][vc_empty_space][vc_empty_space][vc_empty_space][vc_single_image image=\u00bb12958&#8243;][vc_column_text]<span style=\"font-size: 24px; line-height: 34px; color: #ffffff; text-shadow: 2px 2px 2px #000;\">Solicita m\u00e9s informaci\u00f3<br \/>\nsobre AssetSYSTEM trucant al<br \/>\n+34 933 208 215 o escriu a info@sitep.com\u00a0<\/span>[\/vc_column_text][vc_empty_space][\/vc_column][vc_column width=\u00bb1\/4&#8243;][\/vc_column][\/vc_row]<\/p>\n","protected":false},"excerpt":{"rendered":"<p>[vc_row css=\u00bb.vc_custom_1490781902149{margin-top: 10px !important;margin-right: 10px !important;margin-left: 10px !important;}\u00bb][vc_column width=\u00bb1\/2&#8243;][cs_custom_heading text=\u00bbGesti\u00f3 d&#8217;elements i esdeveniments sobre el territori \u00bb font_container=\u00bbtag:h2|text_align:left|color:%23004287&#8243; title_bottom_line_width=\u00bb25px\u00bb title_bottom_line_height=\u00bb2px\u00bb title_bottom_line_color=\u00bb#cccccc\u00bb][\/vc_column][vc_column width=\u00bb1\/2&#8243;][vc_single_image image=\u00bb12938&#8243; img_size=\u00bbfull\u00bb][\/vc_column][\/vc_row][vc_row css=\u00bb.vc_custom_1490781869800{margin-top: 10px !important;margin-right: 10px !important;margin-bottom: 10px !important;margin-left: 10px !important;}\u00bb][vc_column width=\u00bb2\/3&#8243; css=\u00bb.vc_custom_1489418380116{padding-right: 20px !important;}\u00bb][vc_empty_space height=\u00bb20px\u00bb][vc_column_text] AssetSYSTEM \u00e9s la plataforma que permet con\u00e8ixer la ubicaci\u00f3 i estat dels actius d&#8217;una entitat, tant si [&hellip;]<\/p>\n","protected":false},"author":1,"featured_media":0,"parent":11,"menu_order":13,"comment_status":"closed","ping_status":"closed","template":"page.php","meta":{"footnotes":""},"class_list":["post-11350","page","type-page","status-publish","hentry"],"_links":{"self":[{"href":"https:\/\/sitep.com\/ca\/wp-json\/wp\/v2\/pages\/11350","targetHints":{"allow":["GET"]}}],"collection":[{"href":"https:\/\/sitep.com\/ca\/wp-json\/wp\/v2\/pages"}],"about":[{"href":"https:\/\/sitep.com\/ca\/wp-json\/wp\/v2\/types\/page"}],"author":[{"embeddable":true,"href":"https:\/\/sitep.com\/ca\/wp-json\/wp\/v2\/users\/1"}],"replies":[{"embeddable":true,"href":"https:\/\/sitep.com\/ca\/wp-json\/wp\/v2\/comments?post=11350"}],"version-history":[{"count":24,"href":"https:\/\/sitep.com\/ca\/wp-json\/wp\/v2\/pages\/11350\/revisions"}],"predecessor-version":[{"id":13417,"href":"https:\/\/sitep.com\/ca\/wp-json\/wp\/v2\/pages\/11350\/revisions\/13417"}],"up":[{"embeddable":true,"href":"https:\/\/sitep.com\/ca\/wp-json\/wp\/v2\/pages\/11"}],"wp:attachment":[{"href":"https:\/\/sitep.com\/ca\/wp-json\/wp\/v2\/media?parent=11350"}],"curies":[{"name":"wp","href":"https:\/\/api.w.org\/{rel}","templated":true}]}}