{"id":11346,"date":"2016-04-22T07:58:23","date_gmt":"2016-04-22T05:58:23","guid":{"rendered":"http:\/\/localhost\/wordpress\/?page_id=11346"},"modified":"2020-05-05T12:08:36","modified_gmt":"2020-05-05T10:08:36","slug":"gis-corporatiu","status":"publish","type":"page","link":"https:\/\/sitep.com\/ca\/productes\/gis-corporatiu\/","title":{"rendered":"GIS Corporatiu"},"content":{"rendered":"<p>[vc_row css=\u00bb.vc_custom_1490781902149{margin-top: 10px !important;margin-right: 10px !important;margin-left: 10px !important;}\u00bb][vc_column width=\u00bb1\/2&#8243;][cs_custom_heading text=\u00bbGesti\u00f3 integral<br \/>\nd&#8217;informaci\u00f3 territorial \u00bb font_container=\u00bbtag:h2|text_align:left|color:%23004287&#8243; title_bottom_line_width=\u00bb25px\u00bb title_bottom_line_height=\u00bb2px\u00bb title_bottom_line_color=\u00bb#cccccc\u00bb][\/vc_column][vc_column width=\u00bb1\/2&#8243;][vc_single_image image=\u00bb12943&#8243; img_size=\u00bbfull\u00bb][\/vc_column][\/vc_row][vc_row css=\u00bb.vc_custom_1490781869800{margin-top: 10px !important;margin-right: 10px !important;margin-bottom: 10px !important;margin-left: 10px !important;}\u00bb][vc_column width=\u00bb2\/3&#8243; css=\u00bb.vc_custom_1489418380116{padding-right: 20px !important;}\u00bb][vc_empty_space height=\u00bb20px\u00bb][vc_column_text]GIS Corporatiu \u00e9s un sistema de gesti\u00f3 de la informaci\u00f3 geogr\u00e0fica que proporciona eines per analitzar i tractar dades relacionades amb el territori.<\/p>\n<p>Resulta completament adaptable i escalable, cobrint totes les necessitats en l&#8217;\u00e0mbit territorial. Permet creuar informaci\u00f3 geogr\u00e0fica entre diferents departaments i prendre decisions informades.[\/vc_column_text][\/vc_column][vc_column width=\u00bb1\/3&#8243; css=\u00bb.vc_custom_1490782361388{margin-top: -15px !important;}\u00bb][vc_empty_space height=\u00bb20px\u00bb][vc_column_text css=\u00bb.vc_custom_1501154035674{padding-right: 10px !important;}\u00bb]<\/p>\n<h4 style=\"color: #004287;\">Permet gestionar i posar en valor la informaci\u00f3 d&#8217;un territori, obtenint una visi\u00f3 global, unificada i actualitzada de la situaci\u00f3<\/h4>\n<p>[\/vc_column_text][vc_empty_space height=\u00bb20px\u00bb][\/vc_column][\/vc_row][vc_row type=\u00bbrow-border\u00bb css=\u00bb.vc_custom_1416073858223{padding-top: 40px !important;padding-bottom: 40px !important;background-color: #f2f2f2 !important;}\u00bb][vc_column][cs_custom_heading text=\u00bbEl GIS Corporatiu coordina i integra la informaci\u00f3 territorial dels diferents departaments d&#8217;una entitat aportant eines i beneficis a tota l&#8217;organitzaci\u00f3\u00bb font_container=\u00bbtag:h3|text_align:left|color:%23666666&#8243; title_bottom_line_width=\u00bb25px\u00bb title_bottom_line_height=\u00bb2px\u00bb title_bottom_line_color=\u00bb#cccccc\u00bb title_bottom_line_margin_bottom=\u00bb15px\u00bb][vc_empty_space][vc_row_inner][vc_column_inner width=\u00bb1\/4&#8243;][vc_single_image image=\u00bb12946&#8243; img_size=\u00bbfull\u00bb alignment=\u00bbcenter\u00bb css_animation=\u00bbappear\u00bb css=\u00bb.vc_custom_1501154407761{padding-top: 20px !important;padding-right: 20px !important;padding-bottom: 20px !important;padding-left: 20px !important;background-color: #ffffff !important;}\u00bb][vc_column_text css_animation=\u00bbtop-to-bottom\u00bb css=\u00bb.vc_custom_1588673441498{margin-top: 0px !important;padding-top: 20px !important;padding-right: 20px !important;padding-bottom: 20px !important;padding-left: 20px !important;background-color: #0084b7 !important;}\u00bb]<\/p>\n<p style=\"text-align: center;\"><strong><span style=\"color: #ffffff;\">BBDD GEOGR\u00c0FICA<br \/>\n<\/span><\/strong><strong><span style=\"color: #ffffff;\">UNIFICADA<\/span><\/strong><\/p>\n<p>[\/vc_column_text][\/vc_column_inner][vc_column_inner width=\u00bb1\/4&#8243;][vc_single_image image=\u00bb12947&#8243; img_size=\u00bbfull\u00bb alignment=\u00bbcenter\u00bb css_animation=\u00bbappear\u00bb css=\u00bb.vc_custom_1501154457180{padding-top: 20px !important;padding-right: 20px !important;padding-bottom: 20px !important;padding-left: 20px !important;background-color: #ffffff !important;}\u00bb][vc_column_text css_animation=\u00bbtop-to-bottom\u00bb css=\u00bb.vc_custom_1588673129717{margin-top: 0px !important;padding-top: 20px !important;padding-right: 20px !important;padding-bottom: 20px !important;padding-left: 20px !important;background-color: #0084b7 !important;}\u00bb]<\/p>\n<p style=\"text-align: center;\"><span style=\"color: #ffffff;\"><strong>BUS DE GEOSERVEIS<\/strong><br \/>\n<strong>SECURITZAT<\/strong><br \/>\n<\/span><\/p>\n<p>[\/vc_column_text][\/vc_column_inner][vc_column_inner width=\u00bb1\/4&#8243;][vc_single_image image=\u00bb12948&#8243; img_size=\u00bbfull\u00bb alignment=\u00bbcenter\u00bb css_animation=\u00bbappear\u00bb css=\u00bb.vc_custom_1501154495257{padding-top: 20px !important;padding-right: 20px !important;padding-bottom: 20px !important;padding-left: 20px !important;background-color: #ffffff !important;}\u00bb][vc_column_text css_animation=\u00bbtop-to-bottom\u00bb css=\u00bb.vc_custom_1588673134650{margin-top: 0px !important;padding-top: 20px !important;padding-right: 20px !important;padding-bottom: 20px !important;padding-left: 20px !important;background-color: #0084b7 !important;}\u00bb]<\/p>\n<p style=\"text-align: center;\"><strong><span style=\"color: #ffffff;\">ENTORN<br \/>\nWEB\/INTRANET<\/span><\/strong><\/p>\n<p>[\/vc_column_text][\/vc_column_inner][vc_column_inner width=\u00bb1\/4&#8243;][vc_single_image image=\u00bb12949&#8243; img_size=\u00bbfull\u00bb alignment=\u00bbcenter\u00bb css_animation=\u00bbappear\u00bb css=\u00bb.vc_custom_1501154519235{padding-top: 20px !important;padding-right: 20px !important;padding-bottom: 20px !important;padding-left: 20px !important;background-color: #ffffff !important;}\u00bb][vc_column_text css_animation=\u00bbtop-to-bottom\u00bb css=\u00bb.vc_custom_1588673140308{margin-top: 0px !important;padding-top: 20px !important;padding-right: 20px !important;padding-bottom: 20px !important;padding-left: 20px !important;background-color: #0084b7 !important;}\u00bb]<\/p>\n<p style=\"text-align: center;\"><strong><span style=\"color: #ffffff;\">VISOR CARTOGR\u00c0FIC<\/span><\/strong><br \/>\n<strong><span style=\"color: #ffffff;\">CONFIGURABLE<\/span><\/strong><\/p>\n<p>[\/vc_column_text][\/vc_column_inner][\/vc_row_inner][vc_empty_space][vc_row_inner][vc_column_inner width=\u00bb1\/4&#8243;][vc_single_image image=\u00bb12950&#8243; img_size=\u00bbfull\u00bb alignment=\u00bbcenter\u00bb css_animation=\u00bbappear\u00bb css=\u00bb.vc_custom_1501154561833{padding-top: 20px !important;padding-right: 20px !important;padding-bottom: 20px !important;padding-left: 20px !important;background-color: #ffffff !important;}\u00bb][vc_column_text css_animation=\u00bbtop-to-bottom\u00bb css=\u00bb.vc_custom_1588673146834{margin-top: 0px !important;padding-top: 20px !important;padding-right: 20px !important;padding-bottom: 20px !important;padding-left: 20px !important;background-color: #0084b7 !important;}\u00bb]<\/p>\n<p style=\"text-align: center;\"><strong><span style=\"color: #ffffff;\">GESTI\u00d3\u00a0DE METADADES<\/span><\/strong><br \/>\n<span style=\"color: #ffffff;\">(INSPIRE)<\/span><\/p>\n<p>[\/vc_column_text][\/vc_column_inner][vc_column_inner width=\u00bb1\/4&#8243;][vc_single_image image=\u00bb12951&#8243; img_size=\u00bbfull\u00bb alignment=\u00bbcenter\u00bb css_animation=\u00bbappear\u00bb css=\u00bb.vc_custom_1501154571465{padding-top: 20px !important;padding-right: 20px !important;padding-bottom: 20px !important;padding-left: 20px !important;background-color: #ffffff !important;}\u00bb][vc_column_text css_animation=\u00bbtop-to-bottom\u00bb css=\u00bb.vc_custom_1588673152049{margin-top: 0px !important;padding-top: 20px !important;padding-right: 20px !important;padding-bottom: 20px !important;padding-left: 20px !important;background-color: #0084b7 !important;}\u00bb]<\/p>\n<p style=\"text-align: center;\"><strong><span style=\"color: #ffffff;\">ACCESO SEG\u00daN<br \/>\nROL Y PERFIL<\/span><\/strong><\/p>\n<p>[\/vc_column_text][\/vc_column_inner][vc_column_inner width=\u00bb1\/4&#8243;][vc_single_image image=\u00bb12952&#8243; img_size=\u00bbfull\u00bb alignment=\u00bbcenter\u00bb css_animation=\u00bbappear\u00bb css=\u00bb.vc_custom_1501154581393{padding-top: 20px !important;padding-right: 20px !important;padding-bottom: 20px !important;padding-left: 20px !important;background-color: #ffffff !important;}\u00bb][vc_column_text css_animation=\u00bbtop-to-bottom\u00bb css=\u00bb.vc_custom_1588673157674{margin-top: 0px !important;padding-top: 20px !important;padding-right: 20px !important;padding-bottom: 20px !important;padding-left: 20px !important;background-color: #0084b7 !important;}\u00bb]<\/p>\n<p style=\"text-align: center;\"><strong><span style=\"color: #ffffff;\">PUBLICACI\u00d3<\/span><\/strong><br \/>\n<strong><span style=\"color: #ffffff;\">CENTRALITZADA<\/span><\/strong><\/p>\n<p>[\/vc_column_text][\/vc_column_inner][vc_column_inner width=\u00bb1\/4&#8243;][vc_single_image image=\u00bb12953&#8243; img_size=\u00bbfull\u00bb alignment=\u00bbcenter\u00bb css_animation=\u00bbappear\u00bb css=\u00bb.vc_custom_1501154591257{padding-top: 20px !important;padding-right: 20px !important;padding-bottom: 20px !important;padding-left: 20px !important;background-color: #ffffff !important;}\u00bb][vc_column_text css_animation=\u00bbtop-to-bottom\u00bb css=\u00bb.vc_custom_1588673162658{margin-top: 0px !important;padding-top: 20px !important;padding-right: 20px !important;padding-bottom: 20px !important;padding-left: 20px !important;background-color: #0084b7 !important;}\u00bb]<\/p>\n<p style=\"text-align: center;\"><strong><span style=\"color: #ffffff;\">BASAT EN TECNOLOGIES<br \/>\nOPEN SOURCE<\/span><\/strong><\/p>\n<p>[\/vc_column_text][\/vc_column_inner][\/vc_row_inner][vc_empty_space][\/vc_column][\/vc_row][vc_row][vc_column][vc_empty_space][\/vc_column][\/vc_row][vc_row css=\u00bb.vc_custom_1490271080996{padding-top: 20px !important;}\u00bb][vc_column width=\u00bb1\/2&#8243; css=\u00bb.vc_custom_1489491375265{padding-right: 20px !important;}\u00bb][cs_custom_heading text=\u00bbHarmonitza la tecnologia i implementa un nou model organitzatiu\u00bb font_container=\u00bbtag:h3|text_align:left\u00bb style=\u00bbtitle-bottom-line\u00bb title_bottom_line_width=\u00bb25px\u00bb title_bottom_line_height=\u00bb2px\u00bb title_bottom_line_color=\u00bb#cccccc\u00bb][vc_single_image image=\u00bb12954&#8243; img_size=\u00bbfull\u00bb css_animation=\u00bbright-to-left\u00bb][\/vc_column][vc_column width=\u00bb1\/2&#8243; css=\u00bb.vc_custom_1489491383522{padding-left: 20px !important;}\u00bb][vc_column_text]La plataforma corporativa permet evitar la dispersi\u00f3 i duplicitat de la informaci\u00f3 geogr\u00e0fica, mantenint-la unificada, per\u00f2 pertinentment distribu\u00efda entre departaments.<\/p>\n<p>Amb un sistema GIS corporatiu es poden optimitzar els costos de desenvolupament, integrant les diferents necessitats i operatives de treball dels diferents departaments d&#8217;una empresa o administraci\u00f3.<\/p>\n<p>La implementaci\u00f3 del sistema d&#8217;informaci\u00f3 geogr\u00e0fica corporatiu suposa un\u00a0canvi organitzatiu\u00a0significatiu; el sistema es converteix en catalitzador i integrador de la companyia.<\/p>\n<ul>\n<li>Optimitza dels processos de gesti\u00f3 de la informaci\u00f3 geogr\u00e0fica actuals<\/li>\n<li>Desarrollos compartidos de herramientas y tecnolog\u00edas SIG<\/li>\n<li>Incorpora nou model de relaci\u00f3 intern i extern<\/li>\n<li>Acc\u00e9s a contingut segons perfils i rols<\/li>\n<li>Evita duplicitats<\/li>\n<li>Publicaci\u00f3n centralizada<\/li>\n<\/ul>\n<p>[\/vc_column_text][vc_empty_space][\/vc_column][\/vc_row][vc_row css=\u00bb.vc_custom_1490271080996{padding-top: 20px !important;}\u00bb][vc_column width=\u00bb1\/2&#8243; css=\u00bb.vc_custom_1489491375265{padding-right: 20px !important;}\u00bb][cs_custom_heading text=\u00bbIntegra la informaci\u00f3 i eines administratives\u00bb font_container=\u00bbtag:h3|text_align:left\u00bb style=\u00bbtitle-bottom-line\u00bb title_bottom_line_width=\u00bb25px\u00bb title_bottom_line_height=\u00bb2px\u00bb title_bottom_line_color=\u00bb#cccccc\u00bb][vc_column_text]El sistema, que compta amb un potent bus de geoserveis, unifica tota la informaci\u00f3 geogr\u00e0fica dels diferents departaments i proporciona acc\u00e9s securizado a la informaci\u00f3, seguint els est\u00e0ndards internacionals OGC.<\/p>\n<p>Respectu\u00f3s amb les diferents necessitats dins d&#8217;una organitzaci\u00f3, el sistema es pot integrar amb altres tecnologies i personalitzar-se segons les necessitats de cada client.<\/p>\n<p>Amb eines que permeten l&#8217;administraci\u00f3 distribu\u00efda del sistema \u2013 podent gestionar dades geogr\u00e0fiques, mapes, visors, estad\u00edstiques i permisos \u2013 facilitant la sincronitzaci\u00f3 amb altres tecnologies utilitzades.[\/vc_column_text][\/vc_column][vc_column width=\u00bb1\/2&#8243; css=\u00bb.vc_custom_1489491383522{padding-left: 20px !important;}\u00bb][vc_single_image image=\u00bb12955&#8243; img_size=\u00bbfull\u00bb css_animation=\u00bbleft-to-right\u00bb][vc_empty_space][\/vc_column][\/vc_row][vc_row css=\u00bb.vc_custom_1490271080996{padding-top: 20px !important;}\u00bb][vc_column width=\u00bb1\/2&#8243; css=\u00bb.vc_custom_1489491375265{padding-right: 20px !important;}\u00bb][cs_custom_heading text=\u00bbEstalvi de costos: producte propi\u00bb font_container=\u00bbtag:h3|text_align:left\u00bb style=\u00bbtitle-bottom-line\u00bb title_bottom_line_width=\u00bb25px\u00bb title_bottom_line_height=\u00bb2px\u00bb title_bottom_line_color=\u00bb#cccccc\u00bb][vc_single_image image=\u00bb12956&#8243; img_size=\u00bbfull\u00bb css_animation=\u00bbright-to-left\u00bb][\/vc_column][vc_column width=\u00bb1\/2&#8243; css=\u00bb.vc_custom_1489491383522{padding-left: 20px !important;}\u00bb][vc_column_text]La depend\u00e8ncia tecnol\u00f2gica del fabricant \u00e9s un dels factors que m\u00e9s preocupa a les organitzacions al moment d&#8217;implementar un nou sistema de gesti\u00f3 inform\u00e0tic; en aquest aspecte, el GIS Corporatiu, en implementar-se a mida del client, passa a ser un producte propi sense depend\u00e8ncia\u00a0de \u00a0llic\u00e8ncies comercials.<\/p>\n<p>Altres sistemes d&#8217;informaci\u00f3 geogr\u00e0fica treballen amb components subjectes a llic\u00e8ncies comercials (ej: visor web ESRI\/INTERGRAPH). El sistema GIS Corporativa est\u00e0 basat en components open source que permeten una gran flexibilitat, escalabilitat i disposar d&#8217;eines configurables sense sobrecostos.[\/vc_column_text][vc_empty_space][\/vc_column][\/vc_row][vc_row css=\u00bb.vc_custom_1489495061137{background-color: #f2f2f2 !important;}\u00bb][vc_column width=\u00bb1\/3&#8243; css=\u00bb.vc_custom_1489494000823{padding-right: 40px !important;}\u00bb][vc_empty_space][cs_custom_heading text=\u00bbCas d&#8217;\u00e8xit\u00bb font_container=\u00bbtag:h3|text_align:left\u00bb style=\u00bbtitle-bottom-line\u00bb title_bottom_line_color=\u00bb#cccccc\u00bb][vc_column_text]<strong>CLIENT<\/strong><\/p>\n<p>Generalitat de Catalunya[\/vc_column_text][vc_empty_space height=\u00bb20px\u00bb][vc_single_image image=\u00bb12961&#8243; img_size=\u00bbfull\u00bb][vc_empty_space height=\u00bb20px\u00bb][vc_column_text]<strong>SECTOR\/IND\u00daSTRIA<\/strong><\/p>\n<p>Administraci\u00f3n P\u00fablica &#8211; Entornos corporativos[\/vc_column_text][vc_empty_space height=\u00bb20px\u00bb][vc_column_text]<strong><span style=\"font-size: 21px; color: #0084b7;\">GIS Corporatiu\u00a0en xifres<\/span><\/strong><\/p>\n<h4 style=\"color: #0084b7;\">32000 km\u00b2 COBERTURA A TOT EL TERRITORI<\/h4>\n<h4 style=\"color: #0084b7;\">+ de 5000 USUARIS CORPORATIUS<\/h4>\n<h4 style=\"color: #0084b7;\">+ de 500 ENTITATS GEOGR\u00c0FIQUES<\/h4>\n<h4 style=\"color: #0084b7;\">+ de 1000 USUARIS\u00a0SIMULTANIS<\/h4>\n<h4 style=\"color: #0084b7;\">+ de 20 VISORS ESPEC\u00cdFICS<\/h4>\n<p>[\/vc_column_text][\/vc_column][vc_column width=\u00bb2\/3&#8243;][vc_empty_space][cs_custom_heading text=\u00bbGIS Corporatiu, la soluci\u00f3 de la Generalitat de Catalunya per a la gesti\u00f3 de la informaci\u00f3 territorial\u00bb font_container=\u00bbtag:h3|text_align:left\u00bb][vc_empty_space height=\u00bb20px\u00bb][vc_column_text]<strong>OBJETIUS<\/strong><\/p>\n<p>La informaci\u00f3 geogr\u00e1\ufb01ca dels diferents departaments de la Generalitat es trobava dispersa, no estandarditzada i amb uns costos de llic\u00e8ncies molt elevats.<\/p>\n<p>&nbsp;<\/p>\n<p><strong>DESCRIPCI\u00d3<\/strong><\/p>\n<p>Implantaci\u00f3 de plataforma SIG orientada a GEOSERVEIS per uni\ufb01car i estandarditzar la informaci\u00f3 geogr\u00e1\ufb01ca dels diferents departaments de la Generalitat, que inclou un portal p\u00fablic amb un potent visor cartogr\u00e1\ufb01co i eines per a la gesti\u00f3 i transmissi\u00f3\u00a0d&#8217;informaci\u00f3 geogr\u00e1\ufb01ca entre departaments.<\/p>\n<p>[\/vc_column_text][vc_column_text]<strong>RECONEIXEMENT<\/strong><\/p>\n<p>En 2017 ha estat guardonat amb el primer premi Alfons Ortu\u00f1o que atorga l&#8217;Escola d&#8217;Administraci\u00f3 P\u00fablica de Catalunya.<\/p>\n<p>Premi en Pol\u00edtiques sectorials i serveis finalistes<\/p>\n<p><iframe loading=\"lazy\" src=\"https:\/\/www.youtube.com\/embed\/Zw20V_2o31o?ecver=1\" width=\"560\" height=\"315\" frameborder=\"0\" allowfullscreen=\"allowfullscreen\"><\/iframe>[\/vc_column_text][\/vc_column][\/vc_row][vc_row css=\u00bb.vc_custom_1588673388320{background: #f2f2f2 url(https:\/\/sitep.com\/ca\/wp-content\/uploads\/2020\/05\/solicita-informacion-sobre-soluciones-territoriales-y-captacion-de-datos.png?id=13363) !important;}\u00bb][vc_column width=\u00bb1\/4&#8243; css=\u00bb.vc_custom_1489502161737{padding-left: 40px !important;}\u00bb][\/vc_column][vc_column width=\u00bb1\/2&#8243; css=\u00bb.vc_custom_1524556933080{padding-top: 10px !important;padding-right: 10px !important;padding-bottom: 10px !important;padding-left: 10px !important;}\u00bb][vc_empty_space][vc_empty_space][vc_empty_space][vc_single_image image=\u00bb12958&#8243; img_size=\u00bbfull\u00bb][vc_column_text]<span style=\"font-size: 24px; line-height: 34px; color: #ffffff; text-shadow: 2px 2px 2px #000;\">\u00a0Sol\u00b7licita m\u00e9s informaci\u00f3<br \/>\nsobre GIS Corporatiu trucant al<br \/>\n+34 933 208 215 o escriu a info@sitep.com\u00a0<\/span>[\/vc_column_text][vc_empty_space][\/vc_column][vc_column width=\u00bb1\/4&#8243;][\/vc_column][\/vc_row]<\/p>\n","protected":false},"excerpt":{"rendered":"<p>[vc_row css=\u00bb.vc_custom_1490781902149{margin-top: 10px !important;margin-right: 10px !important;margin-left: 10px !important;}\u00bb][vc_column width=\u00bb1\/2&#8243;][cs_custom_heading text=\u00bbGesti\u00f3 integral d&#8217;informaci\u00f3 territorial \u00bb font_container=\u00bbtag:h2|text_align:left|color:%23004287&#8243; title_bottom_line_width=\u00bb25px\u00bb title_bottom_line_height=\u00bb2px\u00bb title_bottom_line_color=\u00bb#cccccc\u00bb][\/vc_column][vc_column width=\u00bb1\/2&#8243;][vc_single_image image=\u00bb12943&#8243; img_size=\u00bbfull\u00bb][\/vc_column][\/vc_row][vc_row css=\u00bb.vc_custom_1490781869800{margin-top: 10px !important;margin-right: 10px !important;margin-bottom: 10px !important;margin-left: 10px !important;}\u00bb][vc_column width=\u00bb2\/3&#8243; css=\u00bb.vc_custom_1489418380116{padding-right: 20px !important;}\u00bb][vc_empty_space height=\u00bb20px\u00bb][vc_column_text]GIS Corporatiu \u00e9s un sistema de gesti\u00f3 de la informaci\u00f3 geogr\u00e0fica que proporciona eines per analitzar i tractar dades relacionades amb [&hellip;]<\/p>\n","protected":false},"author":1,"featured_media":0,"parent":11,"menu_order":14,"comment_status":"closed","ping_status":"closed","template":"page.php","meta":{"footnotes":""},"class_list":["post-11346","page","type-page","status-publish","hentry"],"_links":{"self":[{"href":"https:\/\/sitep.com\/ca\/wp-json\/wp\/v2\/pages\/11346","targetHints":{"allow":["GET"]}}],"collection":[{"href":"https:\/\/sitep.com\/ca\/wp-json\/wp\/v2\/pages"}],"about":[{"href":"https:\/\/sitep.com\/ca\/wp-json\/wp\/v2\/types\/page"}],"author":[{"embeddable":true,"href":"https:\/\/sitep.com\/ca\/wp-json\/wp\/v2\/users\/1"}],"replies":[{"embeddable":true,"href":"https:\/\/sitep.com\/ca\/wp-json\/wp\/v2\/comments?post=11346"}],"version-history":[{"count":17,"href":"https:\/\/sitep.com\/ca\/wp-json\/wp\/v2\/pages\/11346\/revisions"}],"predecessor-version":[{"id":13370,"href":"https:\/\/sitep.com\/ca\/wp-json\/wp\/v2\/pages\/11346\/revisions\/13370"}],"up":[{"embeddable":true,"href":"https:\/\/sitep.com\/ca\/wp-json\/wp\/v2\/pages\/11"}],"wp:attachment":[{"href":"https:\/\/sitep.com\/ca\/wp-json\/wp\/v2\/media?parent=11346"}],"curies":[{"name":"wp","href":"https:\/\/api.w.org\/{rel}","templated":true}]}}