{"id":11344,"date":"2016-04-22T07:57:35","date_gmt":"2016-04-22T05:57:35","guid":{"rendered":"http:\/\/localhost\/wordpress\/?page_id=11344"},"modified":"2020-05-05T12:17:27","modified_gmt":"2020-05-05T10:17:27","slug":"sitrsu-gestio-servei-neteja","status":"publish","type":"page","link":"https:\/\/sitep.com\/ca\/productes\/sitrsu-gestio-servei-neteja\/","title":{"rendered":"SitRSU"},"content":{"rendered":"<p>[vc_row css=\u00bb.vc_custom_1460041281CARL{margin: 10px !important;}\u00bb][vc_column width=\u00bb1\/2&#8243;][cs_custom_heading text=\u00bbSistema de gesti\u00f3 del servei de neteja<br \/>\nper a ajuntaments i adjudicat\u00e0ries\u00bb font_container=\u00bbtag:h2|text_align:left|color:%23004287&#8243;][vc_empty_space][\/vc_column][vc_column width=\u00bb1\/2&#8243;][vc_single_image image=\u00bb12939&#8243; img_size=\u00bbfull\u00bb][vc_empty_space][\/vc_column][\/vc_row][vc_row css=\u00bb.vc_custom_1460041281CARL{margin: 10px !important;}\u00bb][vc_column width=\u00bb2\/3&#8243; css=\u00bb.vc_custom_1489418380116{padding-right: 20px !important;}\u00bb][vc_empty_space height=\u00bb20px\u00bb][vc_column_text]SitRSU \u00e9s la suite d&#8217;eines que <strong>proporciona el control total en les diferents fases<\/strong> de la gesti\u00f3 del servei de neteja.<\/p>\n<p>Permet a l&#8217;ajuntament realitzar un seguiment dels serveis oferts per l&#8217;empresa contractada i dels recursos destinats, obtenint una visi\u00f3 global de l&#8217;activitat que facilita la presa de decisions per a l&#8217;optimitzaci\u00f3 del servei.[\/vc_column_text][\/vc_column][vc_column width=\u00bb1\/3&#8243;][vc_empty_space height=\u00bb20px\u00bb][vc_column_text]La suite est\u00e0 formada per:<\/p>\n<p>\u00b7 Eines d&#8217;An\u00e0lisis<br \/>\n\u00b7 Eines de Manteniment<br \/>\n\u00b7 Eines de Planificaci\u00f3<br \/>\n\u00b7 Eines d&#8217;Explotaci\u00f3<br \/>\n\u00b7 Eines de Control de Qualitat<br \/>\n\u00b7 Eines de Publicaci\u00f3[\/vc_column_text][vc_empty_space height=\u00bb20px\u00bb][\/vc_column][\/vc_row][vc_row type=\u00bbrow-border\u00bb css=\u00bb.vc_custom_1416073858223{padding-top: 40px !important;padding-bottom: 40px !important;background-color: #f2f2f2 !important;}\u00bb][vc_column][cs_custom_heading text=\u00bbSitRSU facilita la planificaci\u00f3 i creaci\u00f3 d&#8217;ofertes coherents, tant a nivell territorial com de recursos humans i materials a destinar\u00bb font_container=\u00bbtag:h3|text_align:left|color:%23666666&#8243; title_bottom_line_width=\u00bb25px\u00bb title_bottom_line_height=\u00bb2px\u00bb title_bottom_line_color=\u00bb#cccccc\u00bb title_bottom_line_margin_bottom=\u00bb15px\u00bb][vc_empty_space][vc_row_inner][vc_column_inner width=\u00bb1\/3&#8243;][vc_single_image image=\u00bb12993&#8243; img_size=\u00bbfull\u00bb alignment=\u00bbcenter\u00bb css_animation=\u00bbappear\u00bb css=\u00bb.vc_custom_1501227061313{padding-top: 20px !important;padding-right: 20px !important;padding-bottom: 20px !important;padding-left: 20px !important;background-color: #ffffff !important;}\u00bb][vc_column_text css_animation=\u00bbtop-to-bottom\u00bb css=\u00bb.vc_custom_1588673611978{margin-top: 0px !important;padding-top: 20px !important;padding-right: 20px !important;padding-bottom: 20px !important;padding-left: 20px !important;background-color: #0084b7 !important;}\u00bb]<strong><span style=\"color: #ffffff;\">EINES D\u2019AN\u00c0LISIS<\/span><\/strong><\/p>\n<p><span style=\"color: #ffffff;\">Conjunt d&#8217;eines que serveixen de suport a la redacci\u00f3 d&#8217;ofertes mitjan\u00e7ant l&#8217;\u00fas de c\u00e0lculs avan\u00e7ats que integren el territori i taules de r\u00e0tios de rendiment.<\/span>[\/vc_column_text][\/vc_column_inner][vc_column_inner width=\u00bb1\/3&#8243;][vc_single_image image=\u00bb12995&#8243; img_size=\u00bbfull\u00bb alignment=\u00bbcenter\u00bb css_animation=\u00bbappear\u00bb css=\u00bb.vc_custom_1501227109416{padding-top: 20px !important;padding-right: 20px !important;padding-bottom: 20px !important;padding-left: 20px !important;background-color: #ffffff !important;}\u00bb][vc_column_text css_animation=\u00bbtop-to-bottom\u00bb css=\u00bb.vc_custom_1588673618047{margin-top: 0px !important;padding-top: 20px !important;padding-right: 20px !important;padding-bottom: 20px !important;padding-left: 20px !important;background-color: #0084b7 !important;}\u00bb]<span style=\"color: #ffffff;\"><strong>EINES DE DIMENSIONAMENT<\/strong><br \/>\n<\/span><\/p>\n<p><span style=\"color: #ffffff;\">Conjunt d&#8217;eines que serveixen per inventariar els elements de negoci distribu\u00efts al llarg del territori i definir les rutes dels itineraris.<\/span>[\/vc_column_text][\/vc_column_inner][vc_column_inner width=\u00bb1\/3&#8243;][vc_single_image image=\u00bb12997&#8243; img_size=\u00bbfull\u00bb alignment=\u00bbcenter\u00bb css_animation=\u00bbappear\u00bb css=\u00bb.vc_custom_1501227081059{padding-top: 20px !important;padding-right: 20px !important;padding-bottom: 20px !important;padding-left: 20px !important;background-color: #ffffff !important;}\u00bb][vc_column_text css_animation=\u00bbtop-to-bottom\u00bb css=\u00bb.vc_custom_1588673623448{margin-top: 0px !important;padding-top: 20px !important;padding-right: 20px !important;padding-bottom: 20px !important;padding-left: 20px !important;background-color: #0084b7 !important;}\u00bb]<strong><span style=\"color: #ffffff;\">EINES DE PLANIFICACI\u00d3<\/span><\/strong><\/p>\n<p><span style=\"color: #ffffff;\">Permeten definir els itineraris, planificar-los sobre un calendari i assignar-los els recursos humans i materials, aix\u00ed com generar ordres de treball i estadillos. Integrable amb altres sistemes de gesti\u00f3 d&#8217;informaci\u00f3.<\/span>[\/vc_column_text][\/vc_column_inner][\/vc_row_inner][vc_empty_space][vc_row_inner][vc_column_inner width=\u00bb1\/3&#8243;][vc_single_image image=\u00bb12996&#8243; img_size=\u00bbfull\u00bb alignment=\u00bbcenter\u00bb css_animation=\u00bbappear\u00bb css=\u00bb.vc_custom_1501227119720{padding-top: 20px !important;padding-right: 20px !important;padding-bottom: 20px !important;padding-left: 20px !important;background-color: #ffffff !important;}\u00bb][vc_column_text css_animation=\u00bbtop-to-bottom\u00bb css=\u00bb.vc_custom_1588673629977{margin-top: 0px !important;padding-top: 20px !important;padding-right: 20px !important;padding-bottom: 20px !important;padding-left: 20px !important;background-color: #0084b7 !important;}\u00bb]<strong><span style=\"color: #ffffff;\">EINES D&#8217;EXPLOTACI\u00d3<\/span><\/strong><\/p>\n<p><span style=\"color: #ffffff;\">Conjunt d&#8217;eines de gesti\u00f3 di\u00e0ria del servei (seguiment de flotes, gesti\u00f3 d&#8217;incid\u00e8ncies, etc) que s&#8217;integra amb sistemes de telecomunicacions de tercers.<\/span>[\/vc_column_text][\/vc_column_inner][vc_column_inner width=\u00bb1\/3&#8243;][vc_single_image image=\u00bb12994&#8243; img_size=\u00bbfull\u00bb alignment=\u00bbcenter\u00bb css_animation=\u00bbappear\u00bb css=\u00bb.vc_custom_1501227093339{padding-top: 20px !important;padding-right: 20px !important;padding-bottom: 20px !important;padding-left: 20px !important;background-color: #ffffff !important;}\u00bb][vc_column_text css_animation=\u00bbtop-to-bottom\u00bb css=\u00bb.vc_custom_1588673635599{margin-top: 0px !important;padding-top: 20px !important;padding-right: 20px !important;padding-bottom: 20px !important;padding-left: 20px !important;background-color: #0084b7 !important;}\u00bb]<strong><span style=\"color: #ffffff;\">EINES DE CONTROL DE QUALITAT<\/span><\/strong><\/p>\n<p><span style=\"color: #ffffff;\">Monitoratge i seguiment on-line dels serveis i la realitzaci\u00f3 dels informes corresponents, que s&#8217;integra amb sistemes de telecomunicacions de tercers.<\/span>[\/vc_column_text][\/vc_column_inner][vc_column_inner width=\u00bb1\/3&#8243;][vc_single_image image=\u00bb12998&#8243; img_size=\u00bbfull\u00bb alignment=\u00bbcenter\u00bb css_animation=\u00bbappear\u00bb css=\u00bb.vc_custom_1501227130393{padding-top: 20px !important;padding-right: 20px !important;padding-bottom: 20px !important;padding-left: 20px !important;background-color: #ffffff !important;}\u00bb][vc_column_text css_animation=\u00bbtop-to-bottom\u00bb css=\u00bb.vc_custom_1588673641352{margin-top: 0px !important;padding-top: 20px !important;padding-right: 20px !important;padding-bottom: 20px !important;padding-left: 20px !important;background-color: #0084b7 !important;}\u00bb]<strong><span style=\"color: #ffffff;\">EINES DE PUBLICACI\u00d3<\/span><\/strong><\/p>\n<p><span style=\"color: #ffffff;\">Eines per generar i difondre informes sobre el servei per als ajuntaments i l&#8217;empresa adjudicat\u00e0ria (via intranet).<\/span>[\/vc_column_text][\/vc_column_inner][\/vc_row_inner][\/vc_column][\/vc_row][vc_row][vc_column][vc_empty_space][vc_empty_space][cs_custom_heading text=\u00bbControl total en les diferents fases de la gesti\u00f3 del servei\u00bb font_container=\u00bbtag:h3|text_align:left|color:%23666666&#8243;][vc_empty_space][vc_single_image image=\u00bb13000&#8243; img_size=\u00bbfull\u00bb onclick=\u00bbimg_link_large\u00bb css_animation=\u00bbleft-to-right\u00bb][\/vc_column][\/vc_row][vc_row css=\u00bb.vc_custom_1490021009689{background-color: #ffffff !important;}\u00bb][vc_column][vc_empty_space][\/vc_column][\/vc_row][vc_row css=\u00bb.vc_custom_1490271080996{padding-top: 20px !important;}\u00bb][vc_column width=\u00bb1\/2&#8243; css=\u00bb.vc_custom_1489491375265{padding-right: 20px !important;}\u00bb][cs_custom_heading text=\u00bbBeneficis per a les empreses<br \/>\nadjudicat\u00e0ries del servei\u00bb font_container=\u00bbtag:h3|text_align:left\u00bb][vc_column_text]Les potents eines d&#8217;an\u00e0lisis ofertes permeten generar l&#8217;oferta m\u00e9s atractiva i guanyar el concurs p\u00fablic, optimitzant traject\u00f2ries i recursos per a una m\u00e0xima rendibilitat.[\/vc_column_text][vc_column_text]<\/p>\n<ul>\n<li><strong>Genera una oferta de serveis fiable, real i \u00f2ptima per guanyar el concurs p\u00fablic<\/strong>.<\/li>\n<\/ul>\n<ul>\n<li><strong>Assigna els recursos i visiona els serveis executats, gestionant les incid\u00e8ncies en temps real<\/strong>.<\/li>\n<\/ul>\n<ul>\n<li><strong>Genera una previsi\u00f3 de la facturaci\u00f3 mitjan\u00e7ant indicadors de rendiment i informaci\u00f3 sobre serveis i inventaris<\/strong>.<\/li>\n<\/ul>\n<ul>\n<li><strong>Optimitza la gesti\u00f3 i els processos del servei, permetent retallar despeses i millorar la tornada de la inversi\u00f3<\/strong>.<\/li>\n<\/ul>\n<p>[\/vc_column_text][\/vc_column][vc_column width=\u00bb1\/2&#8243; css=\u00bb.vc_custom_1489491383522{padding-left: 20px !important;}\u00bb][cs_custom_heading text=\u00bbBeneficis per a ajuntaments<br \/>\ni entitats que getionen el territori\u00bb font_container=\u00bbtag:h3|text_align:left\u00bb][vc_column_text]L&#8217;ajuntament obt\u00e9 la informaci\u00f3 necess\u00e0ria per a l&#8217;avaluaci\u00f3 del compliment del servei, des de la creaci\u00f3 de l&#8217;oferta fins a l&#8217;auditoria i seguiment del servei subcontractat.[\/vc_column_text][vc_column_text]<\/p>\n<ul>\n<li><strong>Facilita l&#8217;estudi i el disseny dels serveis a oferir<\/strong>.<\/li>\n<\/ul>\n<ul>\n<li><strong>Visiona i controla en temps real els serveis executats i els recursos destinats per comparar-los amb els serveis contractats<\/strong>.<\/li>\n<\/ul>\n<ul>\n<li><strong>Audita i proporciona informes sobre els serveis i inventaris<\/strong>.<\/li>\n<\/ul>\n<p>[\/vc_column_text][\/vc_column][\/vc_row][vc_row row_responsive_small=\u00bb1&#8243; row_responsive_extra_small=\u00bb1&#8243;][vc_column width=\u00bb1\/4&#8243;][vc_empty_space][vc_single_image image=\u00bb13002&#8243; img_size=\u00bbfull\u00bb css_animation=\u00bbleft-to-right\u00bb][\/vc_column][vc_column width=\u00bb1\/4&#8243;][vc_empty_space][vc_single_image image=\u00bb13003&#8243; img_size=\u00bbfull\u00bb css_animation=\u00bbleft-to-right\u00bb][\/vc_column][vc_column width=\u00bb1\/4&#8243;][vc_empty_space][vc_single_image image=\u00bb13001&#8243; img_size=\u00bbfull\u00bb css_animation=\u00bbleft-to-right\u00bb][\/vc_column][vc_column width=\u00bb1\/4&#8243;][vc_empty_space][vc_single_image image=\u00bb13004&#8243; img_size=\u00bbfull\u00bb css_animation=\u00bbleft-to-right\u00bb][\/vc_column][\/vc_row][vc_row full_width=\u00bbtrue\u00bb css=\u00bb.vc_custom_1501235040026{background-image: url(https:\/\/sitep.com\/ca\/wp-content\/uploads\/2016\/04\/bg-SitRSU-sistema-informacion-unificada-servicio-limpieza-recogida-basuras.png?id=13005) !important;}\u00bb][vc_column text_align=\u00bbcenter\u00bb css=\u00bb.vc_custom_1501234974083{padding-right: 20px !important;}\u00bb][vc_empty_space][vc_single_image image=\u00bb13371&#8243; img_size=\u00bbfull\u00bb][\/vc_column][\/vc_row][vc_row css=\u00bb.vc_custom_1489495061137{background-color: #f2f2f2 !important;}\u00bb][vc_column width=\u00bb1\/3&#8243; css=\u00bb.vc_custom_1489494000823{padding-right: 40px !important;}\u00bb][vc_empty_space][cs_custom_heading text=\u00bbCas d&#8217;\u00e8xit\u00bb font_container=\u00bbtag:h3|text_align:left\u00bb style=\u00bbtitle-bottom-line\u00bb title_bottom_line_width=\u00bb25px\u00bb title_bottom_line_color=\u00bb#cccccc\u00bb][vc_column_text]<strong>CLIENT<\/strong><\/p>\n<p>CLD, Urbaser[\/vc_column_text][vc_empty_space height=\u00bb20px\u00bb][vc_single_image image=\u00bb13012&#8243; img_size=\u00bbfull\u00bb][vc_empty_space height=\u00bb20px\u00bb][vc_column_text]<strong>SECTOR\/IND\u00daSTRIA<\/strong><\/p>\n<p>Gesti\u00f3 de la neteja i recollida de residus urbans[\/vc_column_text][vc_empty_space height=\u00bb20px\u00bb][vc_column_text]<strong><span style=\"font-size: 21px; color: #0084b7;\">SitRSU en xifres<\/span><\/strong><\/p>\n<h4 style=\"color: #0084b7;\">50% DE LES ADJUDICAT\u00c0RIES DE BARCELONA, UTILITZEN LA SOLUCI\u00d3<\/h4>\n<h4 style=\"color: #0084b7;\">700 MILIONS DE PRESSUPOST<\/h4>\n<h4 style=\"color: #0084b7;\">18K CONTENIDORS<\/h4>\n<h4 style=\"color: #0084b7;\">12K PAPERERES<\/h4>\n<p>[\/vc_column_text][\/vc_column][vc_column width=\u00bb2\/3&#8243;][vc_empty_space][cs_custom_heading text=\u00bbSitRSU a l&#8217;Ajuntament de Barcelona\u00bb font_container=\u00bbtag:h3|text_align:left\u00bb][vc_empty_space height=\u00bb20px\u00bb][vc_column_text]<strong>OBJETIUS<\/strong><\/p>\n<p>L&#8217;Ajuntament de Barcelona no disposava de mitjans per controlar les empreses subcontractades encarregades de la recollida de s\u00f2lids urbans; empreses que al seu torn tampoc disposaven de cap sistema per optimitzar els seus serveis i generar els informes necessaris per informar de les seves activitats.<\/p>\n<p>&nbsp;<\/p>\n<p><strong>DESCRIPCI\u00d3<\/strong><\/p>\n<p>SITEP ha desenvolupat una soluci\u00f3 per a la neteja i recol\u00b7lecci\u00f3 de s\u00f2lids urbans en la qual, integrant diverses tecnologies, dota a la companyia d&#8217;una completa plataforma integrada de gesti\u00f3 de la seva activitat, des de la generaci\u00f3 de la documentaci\u00f3 necess\u00e0ria per afrontar un projecte, fins a la resposta al control de qualitat o auditoria a la qual se sotmet pels seus clients. A m\u00e9s, permet a l&#8217;ajuntament gestionar els serveis subcontractats des de la realitzaci\u00f3 de l&#8217;oferta, dimensionada adequadament, fins al seu control mitjan\u00e7ant auditories.<\/p>\n<p>[\/vc_column_text][vc_empty_space][vc_column_text]<img loading=\"lazy\" decoding=\"async\" class=\"alignnone wp-image-13181\" src=\"https:\/\/sitep.com\/wp-content\/uploads\/2016\/04\/Servicio-limpiez-barcelona-SitRSU-la-aplicacion-para-el-control-de-servicio-300x216.jpg\" alt=\"SitRSU - software de gesti\u00f3n de limpieza\" width=\"200\" height=\"144\" \/>\u00a0\u00a0<img loading=\"lazy\" decoding=\"async\" class=\"alignnone wp-image-13671\" src=\"https:\/\/sitep.com\/wp-content\/uploads\/2017\/05\/Sistema-geografico-informacion-gestion-servicio-limpieza-AUDITORIA-SITRSU-300x216.png\" alt=\"\" width=\"200\" height=\"144\" \/>\u00a0\u00a0<img loading=\"lazy\" decoding=\"async\" class=\"alignnone wp-image-13672\" src=\"https:\/\/sitep.com\/wp-content\/uploads\/2017\/05\/Sistema-geografico-informacion-gestion-servicio-limpieza-creacion-oferta-concurso-publico-SITRSU-300x216.png\" alt=\"\" width=\"200\" height=\"144\" \/>[\/vc_column_text][\/vc_column][\/vc_row][vc_row css=\u00bb.vc_custom_1588673970432{background: #f2f2f2 url(https:\/\/sitep.com\/ca\/wp-content\/uploads\/2020\/05\/solicita-informacion-sobre-soluciones-territoriales-y-captacion-de-datos.png?id=13363) !important;}\u00bb][vc_column width=\u00bb1\/4&#8243; css=\u00bb.vc_custom_1489502161737{padding-left: 40px !important;}\u00bb][\/vc_column][vc_column width=\u00bb1\/2&#8243;][vc_empty_space][vc_empty_space][vc_empty_space][vc_empty_space][vc_single_image image=\u00bb12958&#8243; img_size=\u00bbfull\u00bb][vc_column_text]<span style=\"font-size: 24px; line-height: 34px; color: #ffffff; text-shadow: 2px 2px 2px #000;\">Sol\u00b7licita m\u00e9s informaci\u00f3<br \/>\nsobre SitRSU trucant al +34 933 208 215<br \/>\no escriu a info@sitep.com\u00a0<\/span>[\/vc_column_text][vc_empty_space][\/vc_column][vc_column width=\u00bb1\/4&#8243;][\/vc_column][\/vc_row]<\/p>\n","protected":false},"excerpt":{"rendered":"<p>[vc_row css=\u00bb.vc_custom_1460041281CARL{margin: 10px !important;}\u00bb][vc_column width=\u00bb1\/2&#8243;][cs_custom_heading text=\u00bbSistema de gesti\u00f3 del servei de neteja per a ajuntaments i adjudicat\u00e0ries\u00bb font_container=\u00bbtag:h2|text_align:left|color:%23004287&#8243;][vc_empty_space][\/vc_column][vc_column width=\u00bb1\/2&#8243;][vc_single_image image=\u00bb12939&#8243; img_size=\u00bbfull\u00bb][vc_empty_space][\/vc_column][\/vc_row][vc_row css=\u00bb.vc_custom_1460041281CARL{margin: 10px !important;}\u00bb][vc_column width=\u00bb2\/3&#8243; css=\u00bb.vc_custom_1489418380116{padding-right: 20px !important;}\u00bb][vc_empty_space height=\u00bb20px\u00bb][vc_column_text]SitRSU \u00e9s la suite d&#8217;eines que proporciona el control total en les diferents fases de la gesti\u00f3 del servei de neteja. Permet a l&#8217;ajuntament realitzar un seguiment [&hellip;]<\/p>\n","protected":false},"author":1,"featured_media":0,"parent":11,"menu_order":16,"comment_status":"closed","ping_status":"closed","template":"page.php","meta":{"footnotes":""},"class_list":["post-11344","page","type-page","status-publish","hentry"],"_links":{"self":[{"href":"https:\/\/sitep.com\/ca\/wp-json\/wp\/v2\/pages\/11344","targetHints":{"allow":["GET"]}}],"collection":[{"href":"https:\/\/sitep.com\/ca\/wp-json\/wp\/v2\/pages"}],"about":[{"href":"https:\/\/sitep.com\/ca\/wp-json\/wp\/v2\/types\/page"}],"author":[{"embeddable":true,"href":"https:\/\/sitep.com\/ca\/wp-json\/wp\/v2\/users\/1"}],"replies":[{"embeddable":true,"href":"https:\/\/sitep.com\/ca\/wp-json\/wp\/v2\/comments?post=11344"}],"version-history":[{"count":13,"href":"https:\/\/sitep.com\/ca\/wp-json\/wp\/v2\/pages\/11344\/revisions"}],"predecessor-version":[{"id":13372,"href":"https:\/\/sitep.com\/ca\/wp-json\/wp\/v2\/pages\/11344\/revisions\/13372"}],"up":[{"embeddable":true,"href":"https:\/\/sitep.com\/ca\/wp-json\/wp\/v2\/pages\/11"}],"wp:attachment":[{"href":"https:\/\/sitep.com\/ca\/wp-json\/wp\/v2\/media?parent=11344"}],"curies":[{"name":"wp","href":"https:\/\/api.w.org\/{rel}","templated":true}]}}