{"id":11,"date":"2016-04-05T11:09:43","date_gmt":"2016-04-05T11:09:43","guid":{"rendered":"http:\/\/localhost\/wordpress\/?page_id=11"},"modified":"2021-09-07T11:43:45","modified_gmt":"2021-09-07T09:43:45","slug":"productes","status":"publish","type":"page","link":"https:\/\/sitep.com\/ca\/productes\/","title":{"rendered":"Productes"},"content":{"rendered":"<p>[vc_row css=\u00bb.vc_custom_1631007765310{margin-top: -40px !important;padding-bottom: 0px !important;background-image: url(https:\/\/sitep.com\/ca\/wp-content\/uploads\/2021\/09\/productos-SIG-SITEP-componente-territorial.jpg?id=13470) !important;}\u00bb][vc_column css=\u00bb.vc_custom_1460041281CARL{margin: 10px !important;}\u00bb][vc_empty_space][vc_row_inner][vc_column_inner width=\u00bb1\/2&#8243; css=\u00bb.vc_custom_1463644187188{background-color: #222222 !important; opacity:0.8 !important;}\u00bb][cs_custom_heading text=\u00bbSolucions territorials innovadores\u00bb font_container=\u00bbtag:h2|text_align:left|color:%23ffffff\u00bb style=\u00bbtitle-bottom-line\u00bb title_bottom_line_width=\u00bb25px\u00bb title_bottom_line_height=\u00bb2px\u00bb title_bottom_line_color=\u00bb#ffffff\u00bb title_bottom_line_margin_bottom=\u00bb15px\u00bb][vc_column_text]<span style=\"color: #ffffff;\">La nostra experi\u00e8ncia en desenvolupament de projectes a mida i especialitzaci\u00f3 en el coneixement de tecnologies GIS ens ha perm\u00e8s desenvolupar solucions capaces de cobrir les necessitats espec\u00edfiques de nombrosos sectors d&#8217;activitat. <b>No importa quin sigui la ind\u00fastria, envergadura o la ubicaci\u00f3, les nostres solucions et permetran optimitzar la gesti\u00f3 de territoris i les seves activitats sobre est d&#8217;una forma f\u00e0cil, senzilla i efica\u00e7<\/b>.<\/span><\/p>\n<p><span style=\"color: #ffffff;\">L&#8217;experi\u00e8ncia de gaireb\u00e9 de 20 anys en el sector ens permet estar en l&#8217;avantguarda tecnol\u00f2gica i avan\u00e7ar-nos al mercat per oferir productes adaptats a les necessitats d&#8217;entitats p\u00fabliques i empreses privades.<\/span>[\/vc_column_text][\/vc_column_inner][\/vc_row_inner][\/vc_column][\/vc_row][vc_row type=\u00bbrow-border-bottom\u00bb css=\u00bb.vc_custom_1494252526137{padding-top: 40px !important;padding-bottom: 10px !important;background-color: #f2f2f2 !important;}\u00bb][vc_column css=\u00bb.vc_custom_1494851535979{margin-top: 10px !important;margin-right: 10px !important;margin-bottom: 10px !important;margin-left: 10px !important;}\u00bb][cs_custom_heading text=\u00bbProductes GIS concebuts per aportar el m\u00e0xim valor\u00bb font_container=\u00bbtag:h3|text_align:left|color:%233498db\u00bb][vc_column_text]La nostra cartera de productes ofereix eines espec\u00edfiques per a la gesti\u00f3 del territori, o els elements sobre aquest, de f\u00e0cil adaptaci\u00f3\u00a0i\u00a0configuraci\u00f3.[\/vc_column_text][\/vc_column][\/vc_row][vc_row type=\u00bbrow-border-bottom\u00bb css=\u00bb.vc_custom_1494252517585{padding-top: 10px !important;padding-bottom: 40px !important;background-color: #f2f2f2 !important;}\u00bb][vc_column width=\u00bb1\/4&#8243;]<div id=\"cs-fancy-box-1777132291_169ece303d44a6\" class=\"cs-fancy-box wrapper fancy-box-style-7  text-center \" style=\"background-color:;padding:0;margin:0;\">\r\n    <style type=\"text\/css\" scoped>\r\n      #cs-fancy-box-1777132291_169ece303d44a6.fancy-box-style-7:hover .fancy-icon {\r\n        background-color: !important;\r\n        border-color: !important;\r\n        color:#ffffff !important;\r\n      }\r\n\r\n      #cs-fancy-box-1777132291_169ece303d44a6.fancy-box-style-7 .fancy-icon.icon-hover-style-1:after{\r\n        -webkit-border-radius:;\r\n        -moz-border-radius:;\r\n        -ms-border-radius:;\r\n        -o-border-radius:;\r\n        border-radius:;\r\n        background-color:;\r\n        border-color:;\r\n      }\r\n    <\/style>\r\n    <div class=\"cs-fancy-box-wrapper\">\r\n        <div class=\"cs-fancy-box-header\">\r\n                                                                                        <i class=\"fancy-icon icon-hover-style-1 fa fa-object-group\" style=\"font-size:54px;color:#3498db;border-style:none;\">\r\n                                <\/i>\r\n                                                                                <div class=\"cs-fancy-box-title image\">\r\n                <h6>\r\n                    <span class=\"cs-title-main\" style=\"color:#3498db; margin:;text-transform:inherit;\">Escalable<\/span>\r\n                <\/h6>\r\n            <\/div>\r\n        <\/div>\r\n        <div class=\"cs-fancy-box-content\">\r\n            <div style=\"color:;\">\r\n                            <\/div>\r\n                    <\/div>\r\n    <\/div>\r\n<\/div>[\/vc_column][vc_column width=\u00bb1\/4&#8243;]<div id=\"cs-fancy-box-1777132291_169ece303d46a6\" class=\"cs-fancy-box wrapper fancy-box-style-7  text-center \" style=\"background-color:;padding:0;margin:0;\">\r\n    <style type=\"text\/css\" scoped>\r\n      #cs-fancy-box-1777132291_169ece303d46a6.fancy-box-style-7:hover .fancy-icon {\r\n        background-color: !important;\r\n        border-color: !important;\r\n        color:#ffffff !important;\r\n      }\r\n\r\n      #cs-fancy-box-1777132291_169ece303d46a6.fancy-box-style-7 .fancy-icon.icon-hover-style-1:after{\r\n        -webkit-border-radius:;\r\n        -moz-border-radius:;\r\n        -ms-border-radius:;\r\n        -o-border-radius:;\r\n        border-radius:;\r\n        background-color:;\r\n        border-color:;\r\n      }\r\n    <\/style>\r\n    <div class=\"cs-fancy-box-wrapper\">\r\n        <div class=\"cs-fancy-box-header\">\r\n                                                                                        <i class=\"fancy-icon icon-hover-style-1 fa fa-puzzle-piece \" style=\"font-size:54px;color:#3498db;border-style:none;\">\r\n                                <\/i>\r\n                                                                                <div class=\"cs-fancy-box-title image\">\r\n                <h6>\r\n                    <span class=\"cs-title-main\" style=\"color:#3498db; margin:;text-transform:inherit;\">F\u00e0cil integraci\u00f3<\/span>\r\n                <\/h6>\r\n            <\/div>\r\n        <\/div>\r\n        <div class=\"cs-fancy-box-content\">\r\n            <div style=\"color:;\">\r\n                            <\/div>\r\n                    <\/div>\r\n    <\/div>\r\n<\/div>[\/vc_column][vc_column width=\u00bb1\/4&#8243;]<div id=\"cs-fancy-box-1777132291_169ece303d4753\" class=\"cs-fancy-box wrapper fancy-box-style-7  text-center \" style=\"background-color:;padding:0;margin:0;\">\r\n    <style type=\"text\/css\" scoped>\r\n      #cs-fancy-box-1777132291_169ece303d4753.fancy-box-style-7:hover .fancy-icon {\r\n        background-color: !important;\r\n        border-color: !important;\r\n        color:#ffffff !important;\r\n      }\r\n\r\n      #cs-fancy-box-1777132291_169ece303d4753.fancy-box-style-7 .fancy-icon.icon-hover-style-1:after{\r\n        -webkit-border-radius:;\r\n        -moz-border-radius:;\r\n        -ms-border-radius:;\r\n        -o-border-radius:;\r\n        border-radius:;\r\n        background-color:;\r\n        border-color:;\r\n      }\r\n    <\/style>\r\n    <div class=\"cs-fancy-box-wrapper\">\r\n        <div class=\"cs-fancy-box-header\">\r\n                                                                                        <i class=\"fancy-icon icon-hover-style-1 fa fa-users\" style=\"font-size:54px;color:#3498db;border-style:none;\">\r\n                                <\/i>\r\n                                                                                <div class=\"cs-fancy-box-title image\">\r\n                <h6>\r\n                    <span class=\"cs-title-main\" style=\"color:#3498db; margin:;text-transform:inherit;\">Suport i Formaci\u00f3<\/span>\r\n                <\/h6>\r\n            <\/div>\r\n        <\/div>\r\n        <div class=\"cs-fancy-box-content\">\r\n            <div style=\"color:;\">\r\n                            <\/div>\r\n                    <\/div>\r\n    <\/div>\r\n<\/div>[\/vc_column][vc_column width=\u00bb1\/4&#8243;]<div id=\"cs-fancy-box-1777132291_169ece303d47ee\" class=\"cs-fancy-box wrapper fancy-box-style-7  text-center \" style=\"background-color:;padding:0;margin:0;\">\r\n    <style type=\"text\/css\" scoped>\r\n      #cs-fancy-box-1777132291_169ece303d47ee.fancy-box-style-7:hover .fancy-icon {\r\n        background-color: !important;\r\n        border-color: !important;\r\n        color:#ffffff !important;\r\n      }\r\n\r\n      #cs-fancy-box-1777132291_169ece303d47ee.fancy-box-style-7 .fancy-icon.icon-hover-style-1:after{\r\n        -webkit-border-radius:;\r\n        -moz-border-radius:;\r\n        -ms-border-radius:;\r\n        -o-border-radius:;\r\n        border-radius:;\r\n        background-color:;\r\n        border-color:;\r\n      }\r\n    <\/style>\r\n    <div class=\"cs-fancy-box-wrapper\">\r\n        <div class=\"cs-fancy-box-header\">\r\n                                                                                        <i class=\"fancy-icon icon-hover-style-1 fa fa-eur \" style=\"font-size:54px;color:#3498db;border-style:none;\">\r\n                                <\/i>\r\n                                                                                <div class=\"cs-fancy-box-title image\">\r\n                <h6>\r\n                    <span class=\"cs-title-main\" style=\"color:#3498db; margin:;text-transform:inherit;\">Baix cost<\/span>\r\n                <\/h6>\r\n            <\/div>\r\n        <\/div>\r\n        <div class=\"cs-fancy-box-content\">\r\n            <div style=\"color:;\">\r\n                            <\/div>\r\n                    <\/div>\r\n    <\/div>\r\n<\/div>[\/vc_column][\/vc_row][vc_row][vc_column][vc_empty_space][vc_empty_space][\/vc_column][\/vc_row][vc_row][vc_column width=\u00bb1\/2&#8243; css=\u00bb.vc_custom_1494851999179{padding-right: 10px !important;padding-left: 10px !important;}\u00bb][cs_custom_heading text=\u00bbGesti\u00f3 d&#8217;elements i esdeveniments sobre el territori\u00bb font_container=\u00bbtag:h3|text_align:left|color:%23004287&#8243;][\/vc_column][vc_column width=\u00bb1\/2&#8243; css=\u00bb.vc_custom_1489575410167{padding-left: 40px !important;}\u00bb][vc_single_image image=\u00bb12938&#8243; img_size=\u00bblarge\u00bb][\/vc_column][\/vc_row][vc_row][vc_column][vc_empty_space height=\u00bb20px\u00bb][\/vc_column][\/vc_row][vc_row css=\u00bb.vc_custom_1489574828039{padding-bottom: 40px !important;}\u00bb][vc_column el_class=\u00bbcover_boxes_style1&#8243; css=\u00bb.vc_custom_1489574694339{margin-top: 10px !important;margin-bottom: 10px !important;}\u00bb]<div id='cover_boxes_0' class='cover_boxes' data-active-element='3'><ul class='clearfix'><li><div class='box'><a class='thumb' href='https:\/\/sitep.com\/productees\/asset-system\/' target='_self'><img alt='Asset SYSTEM' src='https:\/\/sitep.com\/ca\/wp-content\/uploads\/2016\/04\/gestio-actius-sobre-el-territori-asset-management-INVENTARIAT-1.png' \/><\/a><div class='box_content'><h4  style='color:#888888'' class='cover_box_title'>Asset SYSTEM<\/h4><p >Soluci\u00f3 tecnol\u00f2gica que permet gestionar actius territorials de manera aut\u00f2noma, r\u00e0pida i senzilla. Mostrant sobre el mapa els elements situats al territori.<\/p><div class='cover-social'><\/div><a class='btn btn-primary btn-link qbutton small' href='https:\/\/sitep.com\/productees\/asset-system\/' target='_self'>Ampliar<\/a><\/div><\/div><\/li><li><div class='box'><a class='thumb' href='https:\/\/sitep.com\/productees\/asset-system\/' target='_self'><img alt='Asset SYSTEM' src='https:\/\/sitep.com\/ca\/wp-content\/uploads\/2016\/04\/gestio-actius-sobre-el-territori-asset-management-INCIDENCIES-2.png' \/><\/a><div class='box_content'><h4  style='color:#888888'' class='cover_box_title'>Asset SYSTEM<\/h4><p >Facilita la gesti\u00f3 del negoci i la presa de decisions. Realitza el seguiment i l'evoluci\u00f3 dels assets sobre el territori.<\/p><div class='cover-social'><\/div><a class='btn btn-primary btn-link qbutton small' href='https:\/\/sitep.com\/productees\/asset-system\/' target='_self'>Ampliar<\/a><\/div><\/div><\/li><li class=\"active\"><div class='box'><a class='thumb' href='https:\/\/sitep.com\/productees\/asset-system\/' target='_self'><img alt='Asset SYSTEM' src='https:\/\/sitep.com\/ca\/wp-content\/uploads\/2016\/04\/gestio-actius-sobre-el-territori-asset-management-TEMPS-REAL-3.png' \/><\/a><div class='box_content'><h4  style='color:#888888'' class='cover_box_title'>Asset SYSTEM<\/h4><p >Permet la connexi\u00f3 a m\u00faltiples fonts de dades externes (sensors, eines de gesti\u00f3, GIS, GMAO, CMDB ...) i \u00e9s capa\u00e7 de tractar totes les dades en temps real.<\/p><div class='cover-social'><\/div><a class='btn btn-primary btn-link qbutton small' href='https:\/\/sitep.com\/productees\/asset-system\/' target='_self'>Ampliar<\/a><\/div><\/div><\/li><\/ul><\/div>[\/vc_column][\/vc_row][vc_row][vc_column][vc_empty_space][\/vc_column][\/vc_row][vc_row][vc_column width=\u00bb1\/2&#8243;][cs_custom_heading text=\u00bbGesti\u00f3 integral d&#8217;informaci\u00f3 territorial \u00bb font_container=\u00bbtag:h3|text_align:left|color:%23004287&#8243; css=\u00bb.vc_custom_1501152160413{padding-right: 10px !important;padding-left: 10px !important;}\u00bb][\/vc_column][vc_column width=\u00bb1\/2&#8243;][vc_single_image image=\u00bb12943&#8243; img_size=\u00bblarge\u00bb][\/vc_column][\/vc_row][vc_row][vc_column][vc_empty_space height=\u00bb20px\u00bb][\/vc_column][\/vc_row][vc_row css=\u00bb.vc_custom_1489574820264{padding-bottom: 40px !important;}\u00bb][vc_column el_class=\u00bbcover_boxes_style2&#8243; css=\u00bb.vc_custom_1489574797540{margin-top: 10px !important;margin-bottom: 10px !important;}\u00bb]<div id='cover_boxes_1' class='cover_boxes' data-active-element='2'><ul class='clearfix'><li><div class='box'><a class='thumb' href='https:\/\/sitep.com\/productees\/gis-corporativo\/' target='_self'><img alt='GIS Corporatiu' src='https:\/\/sitep.com\/ca\/wp-content\/uploads\/2016\/04\/gestio-informacio-territorial-SIG-CORPORATIU-GIS-UNIFICAT-1.png' \/><\/a><div class='box_content'><h4  style='color:#888888'' class='cover_box_title'>GIS Corporatiu<\/h4><p >\u00c9s un sistema de gesti\u00f3 de la informaci\u00f3 territorial que proporciona eines per analitzar i tractar dades relacionades amb el territori.<\/p><div class='cover-social'><\/div><a class='btn btn-primary btn-link qbutton small' href='https:\/\/sitep.com\/productees\/gis-corporativo\/' target='_self'>Ampliar<\/a><\/div><\/div><\/li><li class=\"active\"><div class='box'><a class='thumb' href='https:\/\/sitep.com\/productees\/gis-corporativo\/' target='_self'><img alt='GIS Corporatiu' src='https:\/\/sitep.com\/ca\/wp-content\/uploads\/2016\/04\/gestio-informacio-territorial-SIG-CORPORATIU-ESCALABLE-BASAT-EN-OPEN-SOURCE-2.png' \/><\/a><div class='box_content'><h4  style='color:#888888'' class='cover_box_title'>GIS Corporatiu<\/h4><p >Permet coordinar la informaci\u00f3 geogr\u00e0fica de diferents departaments de qualsevol companyia o instituci\u00f3 amb gran facilitat, evitant duplicitat de dades.<\/p><div class='cover-social'><\/div><a class='btn btn-primary btn-link qbutton small' href='https:\/\/sitep.com\/productees\/gis-corporativo\/' target='_self'>Ampliar<\/a><\/div><\/div><\/li><li><div class='box'><a class='thumb' href='https:\/\/sitep.com\/productees\/gis-corporativo\/' target='_self'><img alt='GIS Corporatiu' src='https:\/\/sitep.com\/ca\/wp-content\/uploads\/2016\/04\/gestio-informacio-territorial-SIG-CORPORATIU-INTEGRACIO-AMB-ALTRES-SISTEMES-I-ERP-3.png' \/><\/a><div class='box_content'><h4  style='color:#888888'' class='cover_box_title'>GIS Corporatiu<\/h4><p >Sistema integrador, de f\u00e0cil connexi\u00f3 amb altres sistemes i amb la possibilitat de desenvolupar solucions verticals segons la necessitat.<\/p><div class='cover-social'><\/div><a class='btn btn-primary btn-link qbutton small' href='https:\/\/sitep.com\/productees\/gis-corporativo\/' target='_self'>Ampliar<\/a><\/div><\/div><\/li><\/ul><\/div>[\/vc_column][\/vc_row][vc_row][vc_column][vc_empty_space][\/vc_column][\/vc_row][vc_row][vc_column width=\u00bb1\/2&#8243;][cs_custom_heading text=\u00bbSistema de gesti\u00f3 i explotaci\u00f3 del servei de neteja i recollida de residus de la ciutat\u00bb font_container=\u00bbtag:h3|text_align:left|color:%23004287&#8243; css=\u00bb.vc_custom_1501152339580{padding-right: 10px !important;padding-left: 10px !important;}\u00bb][\/vc_column][vc_column width=\u00bb1\/2&#8243; css=\u00bb.vc_custom_1489575296484{padding-left: 40px !important;}\u00bb][vc_single_image image=\u00bb12939&#8243; img_size=\u00bblarge\u00bb][\/vc_column][\/vc_row][vc_row][vc_column][vc_empty_space height=\u00bb20px\u00bb][\/vc_column][\/vc_row][vc_row css=\u00bb.vc_custom_1489574933580{padding-bottom: 40px !important;}\u00bb][vc_column el_class=\u00bbcover_boxes_style2&#8243; css=\u00bb.vc_custom_1489574925630{margin-top: 10px !important;margin-bottom: 10px !important;}\u00bb]<div id='cover_boxes_2' class='cover_boxes' data-active-element='2'><ul class='clearfix'><li><div class='box'><a class='thumb' href='https:\/\/sitep.com\/productees\/sitrsu\/' target='_self'><img alt='SitRSU' src='https:\/\/sitep.com\/ca\/wp-content\/uploads\/2016\/04\/sig-gestio-i-explotacio-serveis-neteja-SitRSU-CREACIO-I-DIMENSIONAT-OFERTA-PUBLICA-LICITACIO-1.png' \/><\/a><div class='box_content'><h4  style='color:#888888'' class='cover_box_title'>SitRSU<\/h4><p >Permet presentar ofertes coherents, ben dimensionadas a l'empresa adjudicat\u00e0ria<br \/>\ni capacita a l'ajuntament per valorar l'oferta m\u00e9s atractiva.<\/p><div class='cover-social'><\/div><a class='btn btn-primary btn-link qbutton small' href='https:\/\/sitep.com\/productees\/sitrsu\/' target='_self'>Ampliar<\/a><\/div><\/div><\/li><li class=\"active\"><div class='box'><a class='thumb' href='https:\/\/sitep.com\/productees\/sitrsu\/' target='_self'><img alt='SitRSU' src='https:\/\/sitep.com\/ca\/wp-content\/uploads\/2016\/04\/sig-gestio-i-explotacio-serveis-neteja-SitRSU-PLANIFICACIO-SERVEI-2.png' \/><\/a><div class='box_content'><h4  style='color:#888888'' class='cover_box_title'>SitRSU<\/h4><p >Facilita definir, actualitzar i consultar l'oferta del servei, tant a nivell territorial com de recursos humans i materials.<\/p><div class='cover-social'><\/div><a class='btn btn-primary btn-link qbutton small' href='https:\/\/sitep.com\/productees\/sitrsu\/' target='_self'>Ampliar<\/a><\/div><\/div><\/li><li><div class='box'><a class='thumb' href='https:\/\/sitep.com\/productees\/sitrsu\/' target='_self'><img alt='SitRSU' src='https:\/\/sitep.com\/ca\/wp-content\/uploads\/2016\/04\/sig-gestio-i-explotacio-servei-neteja-SitRSU-EXPLOTACIO-I-AUDITORIA-DEL-SERVEI-DE-NETEJA-3.png' \/><\/a><div class='box_content'><h4  style='color:#888888'' class='cover_box_title'>SitRSU<\/h4><p >D\u00f3na suport a l'explotaci\u00f3 del servei, mitjan\u00e7ant la generaci\u00f3 d'ordres de treball, seguiment del servei en temps real, gesti\u00f3 d'incid\u00e8ncies i auditoria de l'execuci\u00f3 del servei.<\/p><div class='cover-social'><\/div><a class='btn btn-primary btn-link qbutton small' href='https:\/\/sitep.com\/productees\/sitrsu\/' target='_self'>Ampliar<\/a><\/div><\/div><\/li><\/ul><\/div>[\/vc_column][\/vc_row][vc_row full_width=\u00bbtrue\u00bb css=\u00bb.vc_custom_1514994005320{margin-bottom: -40px !important;}\u00bb][vc_column][vc_empty_space][vc_single_image image=\u00bb13073&#8243; img_size=\u00bbfull\u00bb][\/vc_column][\/vc_row]<\/p>\n","protected":false},"excerpt":{"rendered":"<p>[vc_row css=\u00bb.vc_custom_1631007765310{margin-top: -40px !important;padding-bottom: 0px !important;background-image: url(https:\/\/sitep.com\/ca\/wp-content\/uploads\/2021\/09\/productos-SIG-SITEP-componente-territorial.jpg?id=13470) !important;}\u00bb][vc_column css=\u00bb.vc_custom_1460041281CARL{margin: 10px !important;}\u00bb][vc_empty_space][vc_row_inner][vc_column_inner width=\u00bb1\/2&#8243; css=\u00bb.vc_custom_1463644187188{background-color: #222222 !important; opacity:0.8 !important;}\u00bb][cs_custom_heading text=\u00bbSolucions territorials innovadores\u00bb font_container=\u00bbtag:h2|text_align:left|color:%23ffffff\u00bb style=\u00bbtitle-bottom-line\u00bb title_bottom_line_width=\u00bb25px\u00bb title_bottom_line_height=\u00bb2px\u00bb title_bottom_line_color=\u00bb#ffffff\u00bb title_bottom_line_margin_bottom=\u00bb15px\u00bb][vc_column_text]La nostra experi\u00e8ncia en desenvolupament de projectes a mida i especialitzaci\u00f3 en el coneixement de tecnologies GIS ens ha perm\u00e8s desenvolupar solucions capaces de cobrir les necessitats espec\u00edfiques de nombrosos [&hellip;]<\/p>\n","protected":false},"author":1,"featured_media":0,"parent":0,"menu_order":4,"comment_status":"closed","ping_status":"closed","template":"","meta":{"footnotes":""},"class_list":["post-11","page","type-page","status-publish","hentry"],"_links":{"self":[{"href":"https:\/\/sitep.com\/ca\/wp-json\/wp\/v2\/pages\/11","targetHints":{"allow":["GET"]}}],"collection":[{"href":"https:\/\/sitep.com\/ca\/wp-json\/wp\/v2\/pages"}],"about":[{"href":"https:\/\/sitep.com\/ca\/wp-json\/wp\/v2\/types\/page"}],"author":[{"embeddable":true,"href":"https:\/\/sitep.com\/ca\/wp-json\/wp\/v2\/users\/1"}],"replies":[{"embeddable":true,"href":"https:\/\/sitep.com\/ca\/wp-json\/wp\/v2\/comments?post=11"}],"version-history":[{"count":19,"href":"https:\/\/sitep.com\/ca\/wp-json\/wp\/v2\/pages\/11\/revisions"}],"predecessor-version":[{"id":13471,"href":"https:\/\/sitep.com\/ca\/wp-json\/wp\/v2\/pages\/11\/revisions\/13471"}],"wp:attachment":[{"href":"https:\/\/sitep.com\/ca\/wp-json\/wp\/v2\/media?parent=11"}],"curies":[{"name":"wp","href":"https:\/\/api.w.org\/{rel}","templated":true}]}}